{"id":173,"date":"2020-02-28T20:46:09","date_gmt":"2020-02-28T19:46:09","guid":{"rendered":"http:\/\/www.smnf.fr\/?page_id=173"},"modified":"2022-09-06T17:25:44","modified_gmt":"2022-09-06T15:25:44","slug":"activites","status":"publish","type":"page","link":"https:\/\/www.smnf.fr\/index.php\/activites\/","title":{"rendered":"Les activit\u00e9s de la SMNF"},"content":{"rendered":"\n<div style=\"height:57px\" aria-hidden=\"true\" class=\"wp-block-spacer\"><\/div>\n\n\n\n<p> <em>Pour assister aux diverses activit\u00e9s de la SMNF, assembl\u00e9e g\u00e9n\u00e9rale,  conf\u00e9rences, sorties, travaux pratiques, s\u00e9ances de d\u00e9termination,  travaux pratiques de microscopie, stages\u2026 vous devez&nbsp;<strong>\u00eatre \u00e0 jour de votre cotisation.<\/strong><\/em>  <\/p>\n\n\n\n<p> <em>Des modifications ou annulations de sorties programm\u00e9es peuvent intervenir (intemp\u00e9ries, indisponibilit\u00e9 du guide ou notifications tardives de journ\u00e9es de chasse), il est&nbsp;<strong>n\u00e9cessaire de consulter le planning des sorties<\/strong>&nbsp;pour voir si la sortie (surtout les sorties tardives) est maintenue, annul\u00e9e ou remplac\u00e9e.<\/em>  <\/p>\n\n\n\n<div style=\"height:51px\" aria-hidden=\"true\" class=\"wp-block-spacer\"><\/div>\n\n\n\n<p class=\"has-text-align-center has-cyan-bluish-gray-color has-text-color\"><strong><span style=\"color:#cf2e2e\" class=\"tadv-color\">Momentan\u00e9ment suspendu  <\/span><\/strong><br><strong>Tous les lundis de 17h \u00e0 19h30 <\/strong><br><strong>Facult\u00e9 de pharmacie de Lille \u2013 rue du professeur Laguesse \u2013 Salle Labarraque<\/strong><br>Sous la direction de\u00a0<strong>Pierre-Arthur Moreau<\/strong><br>Animation d\u2019un atelier de d\u00e9termination des champignons et des plantes<br><strong>Tous les membres de la SMNF et les divers naturalistes sont les bienvenus<\/strong>    <\/p>\n\n\n\n<p class=\"has-text-align-center has-cyan-bluish-gray-color has-text-color\"> <strong><em>Ateliers naturalistes<\/em><br>P\u00e9tales et Lamelles<\/strong> <\/p>\n","protected":false},"excerpt":{"rendered":"<p>Pour assister aux diverses activit\u00e9s de la SMNF, assembl\u00e9e g\u00e9n\u00e9rale, conf\u00e9rences, sorties, travaux pratiques, s\u00e9ances de d\u00e9termination, travaux pratiques de microscopie, stages\u2026 vous devez&nbsp;\u00eatre \u00e0&#8230;<\/p>\n","protected":false},"author":2,"featured_media":0,"parent":0,"menu_order":0,"comment_status":"closed","ping_status":"closed","template":"","meta":{"footnotes":""},"class_list":["post-173","page","type-page","status-publish","hentry"],"_links":{"self":[{"href":"https:\/\/www.smnf.fr\/index.php\/wp-json\/wp\/v2\/pages\/173","targetHints":{"allow":["GET"]}}],"collection":[{"href":"https:\/\/www.smnf.fr\/index.php\/wp-json\/wp\/v2\/pages"}],"about":[{"href":"https:\/\/www.smnf.fr\/index.php\/wp-json\/wp\/v2\/types\/page"}],"author":[{"embeddable":true,"href":"https:\/\/www.smnf.fr\/index.php\/wp-json\/wp\/v2\/users\/2"}],"replies":[{"embeddable":true,"href":"https:\/\/www.smnf.fr\/index.php\/wp-json\/wp\/v2\/comments?post=173"}],"version-history":[{"count":5,"href":"https:\/\/www.smnf.fr\/index.php\/wp-json\/wp\/v2\/pages\/173\/revisions"}],"predecessor-version":[{"id":3828,"href":"https:\/\/www.smnf.fr\/index.php\/wp-json\/wp\/v2\/pages\/173\/revisions\/3828"}],"wp:attachment":[{"href":"https:\/\/www.smnf.fr\/index.php\/wp-json\/wp\/v2\/media?parent=173"}],"curies":[{"name":"wp","href":"https:\/\/api.w.org\/{rel}","templated":true}]}}