{"id":177,"date":"2020-02-28T20:46:54","date_gmt":"2020-02-28T19:46:54","guid":{"rendered":"http:\/\/www.smnf.fr\/?page_id=177"},"modified":"2021-10-12T11:48:06","modified_gmt":"2021-10-12T09:48:06","slug":"petales-et-lamelles","status":"publish","type":"page","link":"https:\/\/www.smnf.fr\/index.php\/petales-et-lamelles\/","title":{"rendered":"P\u00e9tales et Lamelles"},"content":{"rendered":"\n<p><\/p>\n\n\n\n<p><\/p>\n\n\n\n<p class=\"has-text-align-center has-medium-font-size\">Pour des raisons sanitaires li\u00e9es au Covid, la facult\u00e9 de pharmacie n&rsquo;est toujours pas accessible au public. <\/p>\n\n\n\n<p class=\"has-text-align-center has-medium-font-size\">L&rsquo;atelier P\u00e9tales et Lamelles est donc ferm\u00e9 pour cette ann\u00e9e. <\/p>\n","protected":false},"excerpt":{"rendered":"<p>Pour des raisons sanitaires li\u00e9es au Covid, la facult\u00e9 de pharmacie n&rsquo;est toujours pas accessible au public. L&rsquo;atelier P\u00e9tales et Lamelles est donc ferm\u00e9 pour&#8230;<\/p>\n","protected":false},"author":2,"featured_media":0,"parent":0,"menu_order":0,"comment_status":"closed","ping_status":"closed","template":"","meta":{"footnotes":""},"class_list":["post-177","page","type-page","status-publish","hentry"],"_links":{"self":[{"href":"https:\/\/www.smnf.fr\/index.php\/wp-json\/wp\/v2\/pages\/177","targetHints":{"allow":["GET"]}}],"collection":[{"href":"https:\/\/www.smnf.fr\/index.php\/wp-json\/wp\/v2\/pages"}],"about":[{"href":"https:\/\/www.smnf.fr\/index.php\/wp-json\/wp\/v2\/types\/page"}],"author":[{"embeddable":true,"href":"https:\/\/www.smnf.fr\/index.php\/wp-json\/wp\/v2\/users\/2"}],"replies":[{"embeddable":true,"href":"https:\/\/www.smnf.fr\/index.php\/wp-json\/wp\/v2\/comments?post=177"}],"version-history":[{"count":4,"href":"https:\/\/www.smnf.fr\/index.php\/wp-json\/wp\/v2\/pages\/177\/revisions"}],"predecessor-version":[{"id":2809,"href":"https:\/\/www.smnf.fr\/index.php\/wp-json\/wp\/v2\/pages\/177\/revisions\/2809"}],"wp:attachment":[{"href":"https:\/\/www.smnf.fr\/index.php\/wp-json\/wp\/v2\/media?parent=177"}],"curies":[{"name":"wp","href":"https:\/\/api.w.org\/{rel}","templated":true}]}}