{"id":1841,"date":"2020-12-29T22:09:19","date_gmt":"2020-12-29T21:09:19","guid":{"rendered":"https:\/\/www.smnf.fr\/?page_id=1841"},"modified":"2026-01-01T08:25:33","modified_gmt":"2026-01-01T07:25:33","slug":"adhesion","status":"publish","type":"page","link":"https:\/\/www.smnf.fr\/index.php\/adhesion\/","title":{"rendered":"Adh\u00e9rer \u00e0 la SMNF"},"content":{"rendered":"\n<div style=\"height:10px\" aria-hidden=\"true\" class=\"wp-block-spacer\"><\/div>\n\n\n\n<div class=\"wp-block-columns is-layout-flex wp-container-core-columns-is-layout-9d6595d7 wp-block-columns-is-layout-flex\">\n<div class=\"wp-block-column is-layout-flow wp-block-column-is-layout-flow\" style=\"flex-basis:66.66%\">\n<p><span style=\"font-size: 14pt; color: #993300;\"><strong>&nbsp;<\/strong><\/span><\/p>\n<p style=\"padding-left: 40px; text-align: justify;\"><span style=\"font-size: 14pt;\"><span style=\"font-family: verdana, geneva, sans-serif;\"><span style=\"color: #993300;\"><strong>Pas encore membre de la SMNF<\/strong><\/span> :<\/span> Rejoignez nous !<\/span><br><span style=\"font-family: verdana, geneva, sans-serif; font-size: 12pt;\">La SMNF est une association de mycologues et de mycophiles de tous horizons : amateurs, passionn\u00e9s, professionnels, \u00e9tudiants et d\u00e9butants&#8230; Tous y trouvent de quoi satisfaire leur curiosit\u00e9, toute l\u2019ann\u00e9e, dans un esprit convivial.<\/span><br><span style=\"font-family: verdana, geneva, sans-serif; font-size: 12pt;\">Nos principales activi\u00e9s : <\/span><br><span style=\"font-family: verdana, geneva, sans-serif; font-size: 12pt;\">\u2022 Des excursions d\u2019initiation et de perfectionnement dans le Nord, le Pas-De-Calais et au-del\u00e0 ; une exposition annuelle, des animations et des conf\u00e9rences publiques dans toute la r\u00e9gion ;<\/span><br><span style=\"font-family: verdana, geneva, sans-serif; font-size: 12pt;\">\u2022 des s\u00e9ances de formation approfondie \u00e0 la microscopie, \u00e0 la biologie mol\u00e9culaire&#8230;<\/span><br><span style=\"font-family: verdana, geneva, sans-serif; font-size: 12pt;\">\u2022 un bulletin semestriel et une revue scientifique ;<\/span><br><span style=\"font-family: verdana, geneva, sans-serif; font-size: 12pt;\">\u2022 des activit\u00e9s conjointes avec d\u2019autres associations r\u00e9gionales (Soci\u00e9t\u00e9 Linn\u00e9enne Nord-Picardie ; Soci\u00e9t\u00e9 de Botanique du Nord de la France ; ABMARS&#8230;).<\/span><\/p>\n\n\n\n<p style=\"padding-left: 40px;\"><span style=\"font-family: verdana, geneva, sans-serif; font-size: 12pt;\"><span style=\"font-size: 14pt;\"><span style=\"color: #800000;\"><strong>L&rsquo;adh\u00e9sion est pour l&rsquo;ann\u00e9e en cours (1er janvier au 31 d\u00e9cembre) :<\/strong><\/span><br><span style=\"font-size: 16px;\"><strong>&#8211; de 35,00 \u20ac<\/strong><\/span>,<\/span> pour les particuliers, dont 10,00 \u20ac de droit d&rsquo;entr\u00e9e + le fascicule \u00ab\u00a0A la d\u00e9couverte des champignons\u00a0\u00bb offert (<span style=\"text-decoration: underline;\">25 \u20ac les ann\u00e9es suivantes<\/span>).<span style=\"color: #993300;\"> <span style=\"color: #000000;\">Elle est familiale<\/span> <span style=\"color: #000000;\">donc \u00e9galement valable pour le conjoint et vos enfants.<br><strong>&#8211; de 15 \u20ac<\/strong> pour les \u00e9tudiants<br><strong>&#8211; de 32 \u20ac<\/strong> pour les associations<\/span><strong><br><\/strong><\/span><\/span><\/p>\n<\/div>\n\n\n\n<div class=\"wp-block-column is-layout-flow wp-block-column-is-layout-flow\" style=\"flex-basis:33.33%\">\n\n\n<div style=\"height:26px\" aria-hidden=\"true\" class=\"wp-block-spacer\"><\/div>\n\n\n\n<figure class=\"wp-block-image size-large\"><img loading=\"lazy\" decoding=\"async\" width=\"383\" height=\"255\" src=\"https:\/\/www.smnf.fr\/wp-content\/uploads\/2020\/12\/Groupe-adhesion_1.jpg\" alt=\"\" class=\"wp-image-1746\" srcset=\"https:\/\/www.smnf.fr\/wp-content\/uploads\/2020\/12\/Groupe-adhesion_1.jpg 383w, https:\/\/www.smnf.fr\/wp-content\/uploads\/2020\/12\/Groupe-adhesion_1-300x200.jpg 300w\" sizes=\"auto, (max-width: 383px) 100vw, 383px\" \/><\/figure>\n\n\n\n<div style=\"height:45px\" aria-hidden=\"true\" class=\"wp-block-spacer\"><\/div>\n\n\n\n<p><img loading=\"lazy\" decoding=\"async\" class=\"size-medium wp-image-4336 aligncenter\" src=\"https:\/\/www.smnf.fr\/wp-content\/uploads\/2023\/11\/Fascicule-FMBDS-2-210x300.jpg\" alt=\"\" width=\"210\" height=\"300\" srcset=\"https:\/\/www.smnf.fr\/wp-content\/uploads\/2023\/11\/Fascicule-FMBDS-2-210x300.jpg 210w, https:\/\/www.smnf.fr\/wp-content\/uploads\/2023\/11\/Fascicule-FMBDS-2.jpg 578w\" sizes=\"auto, (max-width: 210px) 100vw, 210px\" \/><\/p>\n\n\n\n\n<\/div>\n<\/div>\n\n\n\n<p style=\"padding-left: 40px;\"><span style=\"font-size: 14pt;\"><strong><span style=\"color: #993300; font-size: 14pt; font-family: verdana, geneva, sans-serif;\">Adh\u00e9sion en ligne : r\u00e8glement par Carte Bancaire, ch\u00e8que ou virement :<\/span><br><\/strong><span style=\"font-size: 12pt; font-family: verdana, geneva, sans-serif;\">Lors de la transaction vous serez invit\u00e9 \u00e0 cr\u00e9er votre compte. Il vous permettra, par la suite : <\/span><\/span><br><span style=\"font-size: 12pt; font-family: verdana, geneva, sans-serif;\">&#8211; d&rsquo;<strong>acc\u00e9der<\/strong> \u00e0 votre profil et de le mettre \u00e0 jour ;<\/span><br><span style=\"font-size: 12pt; font-family: verdana, geneva, sans-serif;\">&#8211; d&rsquo;<strong>afficher<\/strong> le suivi de vos op\u00e9rations ;<\/span><br><span style=\"font-size: 12pt; font-family: verdana, geneva, sans-serif;\">&#8211; d&rsquo;<strong>obtenir<\/strong> vos re\u00e7us ou factures.<\/span><\/p>\n\n\n\n<div class=\"wp-block-buttons is-content-justification-center is-layout-flex wp-container-core-buttons-is-layout-16018d1d wp-block-buttons-is-layout-flex\">\n<div class=\"wp-block-button is-style-fill coin-1\"><a class=\"wp-block-button__link has-background has-custom-font-size wp-element-button\" href=\"https:\/\/smnf.assoconnect.com\/collect\/description\/638347-w-adhesion-nouveau-membre-2026\" style=\"border-radius:10px;background:radial-gradient(rgb(202,248,128) 20%,rgb(113,206,126) 88%);font-size:24px\"><em><span style=\"color:#cf2e2e\" class=\"tadv-color\">Adh\u00e9rer en ligne<\/span><\/em><\/a><\/div>\n<\/div>\n\n\n\n<p style=\"text-align: center;\">R\u00e9serv\u00e9 aux nouveaux membres &#8211; Si vous \u00eates d\u00e9j\u00e0 adh\u00e9rents, allez dans l&rsquo; ESPACE MEMBRE<br><strong><span style=\"color: #993300;\"><span style=\"font-size: 20px;\">L&rsquo;adh\u00e9sion en ligne des nouveaux membres reprendra d\u00e9but Janvier 2026.<\/span><br>N\u00e9anmoins, vous pouvez le faire, d\u00e8s \u00e0 pr\u00e9sent, en utilisant le <a href=\"https:\/\/www.smnf.fr\/wp-content\/uploads\/2025\/01\/Bulletin-adhesion.pdf\" target=\"_blank\" rel=\"noopener\">formulaire d&rsquo;adh\u00e9sion<\/a>.<\/span><\/strong><\/p>\n\n\n\n<div style=\"height:33px\" aria-hidden=\"true\" class=\"wp-block-spacer\"><\/div>\n\n\n\n<div class=\"wp-block-columns is-layout-flex wp-container-core-columns-is-layout-9d6595d7 wp-block-columns-is-layout-flex\">\n<div class=\"wp-block-column is-layout-flow wp-block-column-is-layout-flow\" style=\"flex-basis:20%\"><\/div>\n\n\n\n<div class=\"wp-block-column is-layout-flow wp-block-column-is-layout-flow\" style=\"flex-basis:60%\">\n<p class=\"has-text-align-center coin-1 has-background\" style=\"background-color:#e9fad3\">Le paiement est s\u00e9curis\u00e9 par le<strong> 3D-Secure<\/strong> : apr\u00e8s avoir renseign\u00e9 les num\u00e9ros de votre carte, vous serez redirig\u00e9 vers la page de votre banque. Vous recevrez un SMS avec un code \u00e0 6 chiffres que vous devrez renseigner sur la page pour confirmer son paiement. Cela permet de v\u00e9rifier que vous \u00eates bien le titulaire de la carte bancaire.<\/p>\n\n\n\n<p class=\"has-text-align-center\"><\/p>\n<\/div>\n\n\n\n<div class=\"wp-block-column is-layout-flow wp-block-column-is-layout-flow\" style=\"flex-basis:20%\"><\/div>\n<\/div>\n\n\n\n<p style=\"padding-left: 40px;\"><span style=\"color: #993300; font-size: 14pt; font-family: verdana, geneva, sans-serif;\"><strong>R\u00e8glement classique par ch\u00e8que ou par virement :<\/strong><\/span><br \/><span style=\"font-size: 12pt; font-family: verdana, geneva, sans-serif;\">\u2022 T\u00e9l\u00e9chargez<span style=\"color: #000000;\">\u00a0<\/span><span style=\"text-decoration: underline;\"><span style=\"color: #000000; text-decoration: underline;\">le<\/span><a href=\"https:\/\/www.smnf.fr\/wp-content\/uploads\/2025\/01\/Bulletin-adhesion.pdf\" target=\"_blank\" rel=\"noopener\"><em><strong> bulletin d&rsquo;adh\u00e9sion<\/strong><\/em><\/a><\/span><\/span><br \/><span style=\"font-size: 12pt; font-family: verdana, geneva, sans-serif;\">\u2022 Remplissez ce dernier et :<\/span><br \/><span style=\"font-size: 12pt; font-family: verdana, geneva, sans-serif;\"><strong>&#8211; Par ch\u00e8que : adressez votre bulletin avec votre ch\u00e8que<\/strong> (\u00e0 l&rsquo;ordre de la SMNF) \u00e0 l&rsquo;adresse mentionn\u00e9e sur le <a href=\"https:\/\/www.smnf.fr\/wp-content\/uploads\/2025\/01\/Bulletin-adhesion.pdf\" target=\"_blank\" rel=\"noopener\"><strong><span style=\"text-decoration: underline;\"><em>bulletin d&rsquo;adh\u00e9sion<\/em><\/span><\/strong><span style=\"text-decoration: underline;\"><em>.<\/em><\/span><\/a><\/span><br \/><span style=\"font-size: 12pt; font-family: verdana, geneva, sans-serif;\"><strong>&#8211; Par virement<\/strong> <strong>:<\/strong> <strong>envoyez-le par courrier ou par email\u00a0 ( contact2.smnf@gmail.com) et effectuez votre virement<\/strong> \u00e0 l&rsquo;aide de l&rsquo;IBAN mentionn\u00e9 sur le bulletin d&rsquo;adh\u00e9sion.<\/span><\/p>\n","protected":false},"excerpt":{"rendered":"<p>&nbsp; Pas encore membre de la SMNF : Rejoignez nous !La SMNF est une association de mycologues et de mycophiles de tous horizons : amateurs,&#8230;<\/p>\n","protected":false},"author":2,"featured_media":0,"parent":0,"menu_order":0,"comment_status":"closed","ping_status":"closed","template":"","meta":{"footnotes":""},"class_list":["post-1841","page","type-page","status-publish","hentry"],"_links":{"self":[{"href":"https:\/\/www.smnf.fr\/index.php\/wp-json\/wp\/v2\/pages\/1841","targetHints":{"allow":["GET"]}}],"collection":[{"href":"https:\/\/www.smnf.fr\/index.php\/wp-json\/wp\/v2\/pages"}],"about":[{"href":"https:\/\/www.smnf.fr\/index.php\/wp-json\/wp\/v2\/types\/page"}],"author":[{"embeddable":true,"href":"https:\/\/www.smnf.fr\/index.php\/wp-json\/wp\/v2\/users\/2"}],"replies":[{"embeddable":true,"href":"https:\/\/www.smnf.fr\/index.php\/wp-json\/wp\/v2\/comments?post=1841"}],"version-history":[{"count":252,"href":"https:\/\/www.smnf.fr\/index.php\/wp-json\/wp\/v2\/pages\/1841\/revisions"}],"predecessor-version":[{"id":5981,"href":"https:\/\/www.smnf.fr\/index.php\/wp-json\/wp\/v2\/pages\/1841\/revisions\/5981"}],"wp:attachment":[{"href":"https:\/\/www.smnf.fr\/index.php\/wp-json\/wp\/v2\/media?parent=1841"}],"curies":[{"name":"wp","href":"https:\/\/api.w.org\/{rel}","templated":true}]}}