{"id":193,"date":"2020-02-28T21:17:03","date_gmt":"2020-02-28T20:17:03","guid":{"rendered":"http:\/\/www.smnf.fr\/?page_id=193"},"modified":"2020-12-21T22:27:42","modified_gmt":"2020-12-21T21:27:42","slug":"archives","status":"publish","type":"page","link":"https:\/\/www.smnf.fr\/index.php\/archives\/","title":{"rendered":"Archives"},"content":{"rendered":"\n<div style=\"height:60px\" aria-hidden=\"true\" class=\"wp-block-spacer\"><\/div>\n\n\n\n<div class=\"wp-block-columns is-layout-flex wp-container-core-columns-is-layout-9d6595d7 wp-block-columns-is-layout-flex\">\n<div class=\"wp-block-column is-layout-flow wp-block-column-is-layout-flow\">\n<p>&nbsp;<\/p>\n<p class=\"has-text-align-center has-medium-font-size\"><span class=\"tadv-color\" style=\"color: #0693e3; font-size: 24pt;\"><strong><a href=\"https:\/\/www.smnf.fr\/index.php\/photos-souvenirs-2\/\"><span style=\"text-decoration: underline; background-color: #ccffcc;\">Souvenirs<\/span><\/a><\/strong><\/span><\/p>\n<p style=\"text-align: center;\"><span style=\"font-size: 14pt;\">Une galerie d&rsquo;anciennes photos de sorties<\/span><\/p>\n<\/div>\n\n\n\n<div class=\"wp-block-column is-layout-flow wp-block-column-is-layout-flow\">\n<div class=\"wp-block-image\"><figure class=\"alignleft size-large is-resized\"><a href=\"https:\/\/www.smnf.fr\/index.php\/photos-souvenirs-2\/\"><img loading=\"lazy\" decoding=\"async\" src=\"https:\/\/www.smnf.fr\/wp-content\/uploads\/2020\/10\/Desvres_2003.jpg\" alt=\"\" class=\"wp-image-1471\" width=\"400\" height=\"184\" srcset=\"https:\/\/www.smnf.fr\/wp-content\/uploads\/2020\/10\/Desvres_2003.jpg 800w, https:\/\/www.smnf.fr\/wp-content\/uploads\/2020\/10\/Desvres_2003-300x138.jpg 300w, https:\/\/www.smnf.fr\/wp-content\/uploads\/2020\/10\/Desvres_2003-768x353.jpg 768w\" sizes=\"auto, (max-width: 400px) 100vw, 400px\" \/><\/a><figcaption>Consignes donn\u00e9es par R\u00e9gis Courtecuisse en d\u00e9but de sortie<\/figcaption><\/figure><\/div>\n<\/div>\n<\/div>\n\n\n\n<p class=\"has-text-align-center has-large-font-size\" style=\"text-align: left; padding-left: 80px;\"><span style=\"background-color: #ccffcc;\"><strong>Les sorties<\/strong><\/span><\/p>\n\n\n\n<div style=\"height:21px\" aria-hidden=\"true\" class=\"wp-block-spacer\"><\/div>\n\n\n\n<div class=\"wp-block-columns is-layout-flex wp-container-core-columns-is-layout-9d6595d7 wp-block-columns-is-layout-flex\">\n<div class=\"wp-block-column is-layout-flow wp-block-column-is-layout-flow\">\n<figure class=\"wp-block-image size-large\"><a href=\"https:\/\/www.smnf.fr\/index.php\/sortie-2019\/\"><img loading=\"lazy\" decoding=\"async\" width=\"764\" height=\"568\" src=\"https:\/\/www.smnf.fr\/wp-content\/uploads\/2020\/12\/Sans-titre-1.jpg\" alt=\"\" class=\"wp-image-1652\" srcset=\"https:\/\/www.smnf.fr\/wp-content\/uploads\/2020\/12\/Sans-titre-1.jpg 764w, https:\/\/www.smnf.fr\/wp-content\/uploads\/2020\/12\/Sans-titre-1-300x223.jpg 300w\" sizes=\"auto, (max-width: 764px) 100vw, 764px\" \/><\/a><figcaption>Beaumont-hamel 17 novembre<\/figcaption><\/figure>\n<\/div>\n\n\n\n<div class=\"wp-block-column is-layout-flow wp-block-column-is-layout-flow\">\n<figure class=\"wp-block-image size-large\"><a href=\"https:\/\/www.smnf.fr\/index.php\/sorties-2020\/\"><img loading=\"lazy\" decoding=\"async\" width=\"800\" height=\"450\" src=\"https:\/\/www.smnf.fr\/wp-content\/uploads\/2020\/12\/Bassin-Rond-16-mai-2020a.jpg\" alt=\"\" class=\"wp-image-1646\" srcset=\"https:\/\/www.smnf.fr\/wp-content\/uploads\/2020\/12\/Bassin-Rond-16-mai-2020a.jpg 800w, https:\/\/www.smnf.fr\/wp-content\/uploads\/2020\/12\/Bassin-Rond-16-mai-2020a-300x169.jpg 300w, https:\/\/www.smnf.fr\/wp-content\/uploads\/2020\/12\/Bassin-Rond-16-mai-2020a-768x432.jpg 768w\" sizes=\"auto, (max-width: 800px) 100vw, 800px\" \/><\/a><figcaption>Bouchain &#8211; Bassin rond 15 juin<\/figcaption><\/figure>\n<\/div>\n\n\n\n<div class=\"wp-block-column is-layout-flow wp-block-column-is-layout-flow\"><\/div>\n<\/div>\n","protected":false},"excerpt":{"rendered":"<p>&nbsp; Souvenirs Une galerie d&rsquo;anciennes photos de sorties Les sorties<\/p>\n","protected":false},"author":2,"featured_media":0,"parent":0,"menu_order":0,"comment_status":"closed","ping_status":"closed","template":"","meta":{"footnotes":""},"class_list":["post-193","page","type-page","status-publish","hentry"],"_links":{"self":[{"href":"https:\/\/www.smnf.fr\/index.php\/wp-json\/wp\/v2\/pages\/193","targetHints":{"allow":["GET"]}}],"collection":[{"href":"https:\/\/www.smnf.fr\/index.php\/wp-json\/wp\/v2\/pages"}],"about":[{"href":"https:\/\/www.smnf.fr\/index.php\/wp-json\/wp\/v2\/types\/page"}],"author":[{"embeddable":true,"href":"https:\/\/www.smnf.fr\/index.php\/wp-json\/wp\/v2\/users\/2"}],"replies":[{"embeddable":true,"href":"https:\/\/www.smnf.fr\/index.php\/wp-json\/wp\/v2\/comments?post=193"}],"version-history":[{"count":49,"href":"https:\/\/www.smnf.fr\/index.php\/wp-json\/wp\/v2\/pages\/193\/revisions"}],"predecessor-version":[{"id":1692,"href":"https:\/\/www.smnf.fr\/index.php\/wp-json\/wp\/v2\/pages\/193\/revisions\/1692"}],"wp:attachment":[{"href":"https:\/\/www.smnf.fr\/index.php\/wp-json\/wp\/v2\/media?parent=193"}],"curies":[{"name":"wp","href":"https:\/\/api.w.org\/{rel}","templated":true}]}}