{"id":199,"date":"2020-02-28T21:18:50","date_gmt":"2020-02-28T20:18:50","guid":{"rendered":"http:\/\/www.smnf.fr\/?page_id=199"},"modified":"2024-09-06T16:22:59","modified_gmt":"2024-09-06T14:22:59","slug":"photos-smnf","status":"publish","type":"page","link":"https:\/\/www.smnf.fr\/index.php\/photos-smnf\/","title":{"rendered":"Photos SMNF"},"content":{"rendered":"\n<p class=\"has-text-align-center has-large-font-size\"><strong><a href=\"https:\/\/www.smnf.fr\/index.php\/photos-smnf-a\/\" target=\"_blank\" rel=\"noreferrer noopener\">A<\/a> <a href=\"https:\/\/www.smnf.fr\/index.php\/photos-smnf-b\/\" target=\"_blank\" rel=\"noreferrer noopener\">B<\/a> <a href=\"https:\/\/www.smnf.fr\/index.php\/photos-smnf-c\/\" target=\"_blank\" rel=\"noreferrer noopener\">C<\/a> <a href=\"https:\/\/www.smnf.fr\/index.php\/photos-smnf-d\/\" target=\"_blank\" rel=\"noreferrer noopener\">D<\/a> <a href=\"https:\/\/www.smnf.fr\/index.php\/photos-smnf-e\/\" target=\"_blank\" rel=\"noreferrer noopener\">E<\/a> <a href=\"https:\/\/www.smnf.fr\/index.php\/photos-smnf-f\/\" target=\"_blank\" rel=\"noreferrer noopener\">F<\/a> <a href=\"https:\/\/www.smnf.fr\/index.php\/photos-smnf-g\/\" target=\"_blank\" rel=\"noreferrer noopener\">G<\/a> <a href=\"https:\/\/www.smnf.fr\/index.php\/photos-smnf-h\/\" target=\"_blank\" rel=\"noreferrer noopener\">H<\/a> <a href=\"https:\/\/www.smnf.fr\/index.php\/photos-smnf-i-j-k\/\" target=\"_blank\" rel=\"noreferrer noopener\">I J K<\/a> <a href=\"https:\/\/www.smnf.fr\/index.php\/photos-smnf-l\/\" target=\"_blank\" rel=\"noreferrer noopener\">L<\/a> <a href=\"https:\/\/www.smnf.fr\/index.php\/photos-smnf-m\/\" target=\"_blank\" rel=\"noreferrer noopener\">M<\/a> <a href=\"https:\/\/www.smnf.fr\/index.php\/photos-smnf-n-o\/\" target=\"_blank\" rel=\"noreferrer noopener\">N O<\/a> <a href=\"https:\/\/www.smnf.fr\/index.php\/photos-smnf-p-q\/\" target=\"_blank\" rel=\"noreferrer noopener\">P Q<\/a> <a href=\"https:\/\/www.smnf.fr\/index.php\/photos-smnf-r\/\" target=\"_blank\" rel=\"noreferrer noopener\">R<\/a> <a href=\"https:\/\/www.smnf.fr\/index.php\/photos-smnf-s\/\" target=\"_blank\" rel=\"noreferrer noopener\">S<\/a> <a href=\"https:\/\/www.smnf.fr\/index.php\/photos-smnf-t\/\" target=\"_blank\" rel=\"noreferrer noopener\">T<\/a> <a href=\"https:\/\/www.smnf.fr\/index.php\/photos-smnf-u-v-w\/\" target=\"_blank\" rel=\"noreferrer noopener\">U V W<\/a> <a href=\"https:\/\/www.smnf.fr\/index.php\/photos-smnf-x-y-z\/\" target=\"_blank\" rel=\"noreferrer noopener\">X Y Z<\/a><\/strong><\/p>\n\n\n\n<p class=\"has-text-align-center\"> Les photos et fiches r\u00e9alis\u00e9es par Jean-Pierre Gav\u00e9riaux sont mises en ligne gratuitement.<br>Elles peuvent \u00eatre utilis\u00e9es&nbsp;\u00e0 condition de donner la source et le nom de l&rsquo;auteur.<br><strong>Toute utilisation commerciale est interdite&nbsp;<\/strong>&nbsp;<br>Merci de nous signaler les erreurs et impr\u00e9cisions rencontr\u00e9es&nbsp;  <\/p>\n\n\n\n<div style=\"height:43px\" aria-hidden=\"true\" class=\"wp-block-spacer\"><\/div>\n\n\n\n<div class=\"wp-block-columns is-layout-flex wp-container-core-columns-is-layout-9d6595d7 wp-block-columns-is-layout-flex\">\n<div class=\"wp-block-column is-layout-flow wp-block-column-is-layout-flow\"><div class=\"wp-block-image\">\n<figure class=\"alignright size-full\"><img loading=\"lazy\" decoding=\"async\" width=\"235\" height=\"146\" src=\"https:\/\/www.smnf.fr\/wp-content\/uploads\/2021\/01\/Hygrocybe_conica_tris_2.jpg\" alt=\"\" class=\"wp-image-2034\"\/><\/figure>\n<\/div><\/div>\n\n\n\n<div class=\"wp-block-column is-layout-flow wp-block-column-is-layout-flow\"><div class=\"wp-block-image\">\n<figure class=\"aligncenter size-full\"><img loading=\"lazy\" decoding=\"async\" width=\"235\" height=\"146\" src=\"https:\/\/www.smnf.fr\/wp-content\/uploads\/2021\/01\/Amanita_muscaria_red1.jpg\" alt=\"\" class=\"wp-image-2032\"\/><\/figure>\n<\/div><\/div>\n\n\n\n<div class=\"wp-block-column is-layout-flow wp-block-column-is-layout-flow\"><div class=\"wp-block-image\">\n<figure class=\"alignleft size-full\"><img loading=\"lazy\" decoding=\"async\" width=\"235\" height=\"146\" src=\"https:\/\/www.smnf.fr\/wp-content\/uploads\/2021\/01\/Boletus_luridus_235.jpg\" alt=\"\" class=\"wp-image-2033\"\/><\/figure>\n<\/div><\/div>\n<\/div>\n\n\n\n<p> Suite aux \u00e9tudes phylog\u00e9n\u00e9tiques r\u00e9centes, la classification des  champignons subit (et subira) de nombreuses modifications. La  nomenclature utilis\u00e9e dans ces photos-fiches essaie d&rsquo;\u00eatre en accord  avec le r\u00e9f\u00e9rentiel national disponible sur&nbsp;<strong>fongiref.fongifrance.fr.<\/strong>  <\/p>\n\n\n\n<div style=\"height:28px\" aria-hidden=\"true\" class=\"wp-block-spacer\"><\/div>\n\n\n<div class=\"wp-block-image\">\n<figure class=\"aligncenter size-large is-resized\"><img loading=\"lazy\" decoding=\"async\" width=\"1016\" height=\"105\" src=\"https:\/\/www.smnf.fr\/wp-content\/uploads\/2020\/10\/Bandes_CHP_00.jpg\" alt=\"\" class=\"wp-image-1558\" style=\"width:762px;height:79px\" srcset=\"https:\/\/www.smnf.fr\/wp-content\/uploads\/2020\/10\/Bandes_CHP_00.jpg 1016w, https:\/\/www.smnf.fr\/wp-content\/uploads\/2020\/10\/Bandes_CHP_00-300x31.jpg 300w, https:\/\/www.smnf.fr\/wp-content\/uploads\/2020\/10\/Bandes_CHP_00-768x79.jpg 768w\" sizes=\"auto, (max-width: 1016px) 100vw, 1016px\" \/><\/figure>\n<\/div>","protected":false},"excerpt":{"rendered":"<p>A B C D E F G H I J K L M N O P Q R S T U V W X Y&#8230;<\/p>\n","protected":false},"author":2,"featured_media":0,"parent":0,"menu_order":0,"comment_status":"closed","ping_status":"closed","template":"","meta":{"footnotes":""},"class_list":["post-199","page","type-page","status-publish","hentry"],"_links":{"self":[{"href":"https:\/\/www.smnf.fr\/index.php\/wp-json\/wp\/v2\/pages\/199","targetHints":{"allow":["GET"]}}],"collection":[{"href":"https:\/\/www.smnf.fr\/index.php\/wp-json\/wp\/v2\/pages"}],"about":[{"href":"https:\/\/www.smnf.fr\/index.php\/wp-json\/wp\/v2\/types\/page"}],"author":[{"embeddable":true,"href":"https:\/\/www.smnf.fr\/index.php\/wp-json\/wp\/v2\/users\/2"}],"replies":[{"embeddable":true,"href":"https:\/\/www.smnf.fr\/index.php\/wp-json\/wp\/v2\/comments?post=199"}],"version-history":[{"count":62,"href":"https:\/\/www.smnf.fr\/index.php\/wp-json\/wp\/v2\/pages\/199\/revisions"}],"predecessor-version":[{"id":5595,"href":"https:\/\/www.smnf.fr\/index.php\/wp-json\/wp\/v2\/pages\/199\/revisions\/5595"}],"wp:attachment":[{"href":"https:\/\/www.smnf.fr\/index.php\/wp-json\/wp\/v2\/media?parent=199"}],"curies":[{"name":"wp","href":"https:\/\/api.w.org\/{rel}","templated":true}]}}