{"id":207,"date":"2020-02-28T21:20:57","date_gmt":"2020-02-28T20:20:57","guid":{"rendered":"http:\/\/www.smnf.fr\/?page_id=207"},"modified":"2026-01-03T11:56:54","modified_gmt":"2026-01-03T10:56:54","slug":"articles","status":"publish","type":"page","link":"https:\/\/www.smnf.fr\/index.php\/articles\/","title":{"rendered":"Les Articles"},"content":{"rendered":"\n<div style=\"height:31px\" aria-hidden=\"true\" class=\"wp-block-spacer\"><\/div>\n\n\n\n<div class=\"wp-block-columns is-layout-flex wp-container-core-columns-is-layout-9d6595d7 wp-block-columns-is-layout-flex\">\n<div class=\"wp-block-column is-layout-flow wp-block-column-is-layout-flow\" style=\"flex-basis:6%\"><\/div>\n\n\n\n<div class=\"wp-block-column is-layout-flow wp-block-column-is-layout-flow\" style=\"flex-basis:88%\">\n<p style=\"text-align: justify;\">Cette page vous propose quelques articles r\u00e9alis\u00e9s par des adh\u00e9rents de la SMNF. Ces articles ont fait l\u2019objet d\u2019une publication dans nos bulletins que vous pouvez \u00e9galement retrouver dans l\u2019Atlas mycologique des Hauts-de-France (<a href=\"https:\/\/smnf-db.fr\/les-bulletins-de-la-smnf\/\">smnf-db.fr<\/a>)<\/p>\n<\/div>\n\n\n\n<div class=\"wp-block-column is-layout-flow wp-block-column-is-layout-flow\" style=\"flex-basis:6%\"><\/div>\n<\/div>\n\n\n\n<div style=\"height:24px\" aria-hidden=\"true\" class=\"wp-block-spacer\"><\/div>\n\n\n\n<div class=\"wp-block-columns is-layout-flex wp-container-core-columns-is-layout-9d6595d7 wp-block-columns-is-layout-flex\">\n<div class=\"wp-block-column is-layout-flow wp-block-column-is-layout-flow\">\n<h3 class=\"wp-block-heading\">Taphrina deformans<\/h3>\n\n\n\n<figure class=\"wp-block-image aligncenter size-full\"><a href=\"https:\/\/www.smnf.fr\/wp-content\/uploads\/2020\/10\/Taphrina_deformans.pdf\"><img loading=\"lazy\" decoding=\"async\" width=\"290\" height=\"290\" class=\"wp-image-1547\" src=\"https:\/\/www.smnf.fr\/wp-content\/uploads\/2020\/10\/Taphrina-deformans.jpg\" alt=\"\" srcset=\"https:\/\/www.smnf.fr\/wp-content\/uploads\/2020\/10\/Taphrina-deformans.jpg 290w, https:\/\/www.smnf.fr\/wp-content\/uploads\/2020\/10\/Taphrina-deformans-150x150.jpg 150w, https:\/\/www.smnf.fr\/wp-content\/uploads\/2020\/10\/Taphrina-deformans-230x230.jpg 230w, https:\/\/www.smnf.fr\/wp-content\/uploads\/2020\/10\/Taphrina-deformans-100x100.jpg 100w\" sizes=\"auto, (max-width: 290px) 100vw, 290px\" \/><\/a>\n<figcaption class=\"wp-element-caption\">Par Jean-Pierre Gav\u00e9riaux<\/figcaption>\n<\/figure>\n<\/div>\n\n\n\n<div class=\"wp-block-column is-layout-flow wp-block-column-is-layout-flow\">\n<h3 class=\"wp-block-heading\">Pucinia malvacearum<\/h3>\n\n\n<div class=\"wp-block-image\">\n<figure class=\"aligncenter size-full\"><a href=\"https:\/\/www.smnf.fr\/wp-content\/uploads\/2020\/10\/Puccinia_malvacearum_JPG.pdf\"><img loading=\"lazy\" decoding=\"async\" width=\"290\" height=\"290\" src=\"https:\/\/www.smnf.fr\/wp-content\/uploads\/2020\/10\/Puccinia-malvacearum.jpg\" alt=\"\" class=\"wp-image-1555\" srcset=\"https:\/\/www.smnf.fr\/wp-content\/uploads\/2020\/10\/Puccinia-malvacearum.jpg 290w, https:\/\/www.smnf.fr\/wp-content\/uploads\/2020\/10\/Puccinia-malvacearum-150x150.jpg 150w, https:\/\/www.smnf.fr\/wp-content\/uploads\/2020\/10\/Puccinia-malvacearum-230x230.jpg 230w, https:\/\/www.smnf.fr\/wp-content\/uploads\/2020\/10\/Puccinia-malvacearum-100x100.jpg 100w\" sizes=\"auto, (max-width: 290px) 100vw, 290px\" \/><\/a><figcaption class=\"wp-element-caption\"> Par Jean-Pierre Gav\u00e9riaux  <\/figcaption><\/figure>\n<\/div><\/div>\n\n\n\n<div class=\"wp-block-column is-layout-flow wp-block-column-is-layout-flow\">\n<h3 class=\"wp-block-heading\">Glomeromycota<\/h3>\n\n\n\n<figure class=\"wp-block-image size-full\"><a href=\"https:\/\/www.smnf.fr\/wp-content\/uploads\/2020\/10\/SMNF_92_01_17_GLOMERO_EBook.pdf\"><img loading=\"lazy\" decoding=\"async\" width=\"290\" height=\"290\" src=\"https:\/\/www.smnf.fr\/wp-content\/uploads\/2020\/10\/Glomeromycota.jpg\" alt=\"\" class=\"wp-image-1545\" srcset=\"https:\/\/www.smnf.fr\/wp-content\/uploads\/2020\/10\/Glomeromycota.jpg 290w, https:\/\/www.smnf.fr\/wp-content\/uploads\/2020\/10\/Glomeromycota-150x150.jpg 150w, https:\/\/www.smnf.fr\/wp-content\/uploads\/2020\/10\/Glomeromycota-230x230.jpg 230w, https:\/\/www.smnf.fr\/wp-content\/uploads\/2020\/10\/Glomeromycota-100x100.jpg 100w\" sizes=\"auto, (max-width: 290px) 100vw, 290px\" \/><\/a><figcaption class=\"wp-element-caption\"> Par Jean-Pierre Gav\u00e9riaux<\/figcaption><\/figure>\n<\/div>\n\n\n\n<div class=\"wp-block-column is-layout-flow wp-block-column-is-layout-flow\">\n<h3 class=\"wp-block-heading\">Amanita ceciliae<\/h3>\n\n\n<div class=\"wp-block-image\">\n<figure class=\"aligncenter size-full\"><a href=\"https:\/\/www.smnf.fr\/wp-content\/uploads\/2020\/10\/SMNF_Amanita_ceciliae_beckeri_D_Huart.pdf\"><img loading=\"lazy\" decoding=\"async\" width=\"290\" height=\"290\" src=\"https:\/\/www.smnf.fr\/wp-content\/uploads\/2020\/10\/Amanita-ceciliae.jpg\" alt=\"\" class=\"wp-image-1543\" srcset=\"https:\/\/www.smnf.fr\/wp-content\/uploads\/2020\/10\/Amanita-ceciliae.jpg 290w, https:\/\/www.smnf.fr\/wp-content\/uploads\/2020\/10\/Amanita-ceciliae-150x150.jpg 150w, https:\/\/www.smnf.fr\/wp-content\/uploads\/2020\/10\/Amanita-ceciliae-230x230.jpg 230w, https:\/\/www.smnf.fr\/wp-content\/uploads\/2020\/10\/Amanita-ceciliae-100x100.jpg 100w\" sizes=\"auto, (max-width: 290px) 100vw, 290px\" \/><\/a><figcaption class=\"wp-element-caption\">Par Didier Huart<\/figcaption><\/figure>\n<\/div><\/div>\n<\/div>\n\n\n\n<p><\/p>\n","protected":false},"excerpt":{"rendered":"<p>Cette page vous propose quelques articles r\u00e9alis\u00e9s par des adh\u00e9rents de la SMNF. Ces articles ont fait l\u2019objet d\u2019une publication dans nos bulletins que vous&#8230;<\/p>\n","protected":false},"author":2,"featured_media":0,"parent":0,"menu_order":0,"comment_status":"closed","ping_status":"closed","template":"","meta":{"footnotes":""},"class_list":["post-207","page","type-page","status-publish","hentry"],"_links":{"self":[{"href":"https:\/\/www.smnf.fr\/index.php\/wp-json\/wp\/v2\/pages\/207","targetHints":{"allow":["GET"]}}],"collection":[{"href":"https:\/\/www.smnf.fr\/index.php\/wp-json\/wp\/v2\/pages"}],"about":[{"href":"https:\/\/www.smnf.fr\/index.php\/wp-json\/wp\/v2\/types\/page"}],"author":[{"embeddable":true,"href":"https:\/\/www.smnf.fr\/index.php\/wp-json\/wp\/v2\/users\/2"}],"replies":[{"embeddable":true,"href":"https:\/\/www.smnf.fr\/index.php\/wp-json\/wp\/v2\/comments?post=207"}],"version-history":[{"count":28,"href":"https:\/\/www.smnf.fr\/index.php\/wp-json\/wp\/v2\/pages\/207\/revisions"}],"predecessor-version":[{"id":5985,"href":"https:\/\/www.smnf.fr\/index.php\/wp-json\/wp\/v2\/pages\/207\/revisions\/5985"}],"wp:attachment":[{"href":"https:\/\/www.smnf.fr\/index.php\/wp-json\/wp\/v2\/media?parent=207"}],"curies":[{"name":"wp","href":"https:\/\/api.w.org\/{rel}","templated":true}]}}