{"id":217,"date":"2020-02-28T21:29:34","date_gmt":"2020-02-28T20:29:34","guid":{"rendered":"http:\/\/www.smnf.fr\/?page_id=217"},"modified":"2022-10-11T19:32:24","modified_gmt":"2022-10-11T17:32:24","slug":"panneaux-despo","status":"publish","type":"page","link":"https:\/\/www.smnf.fr\/index.php\/panneaux-despo\/","title":{"rendered":"Anciens panneaux d&rsquo;exposition"},"content":{"rendered":"\n<div style=\"height:34px\" aria-hidden=\"true\" class=\"wp-block-spacer\"><\/div>\n\n\n\n<p class=\"has-text-align-center\">Les 41 pages r\u00e9f\u00e9renc\u00e9es ci-dessous \nsont des photographies des panneaux r\u00e9alis\u00e9s par la Soci\u00e9t\u00e9 Mycologique \ndu Nord de la France <br>et le Parc Naturel R\u00e9gional de l\u2019Avesnois \u00e0 l\u2019occasion de l\u2019exposition mycologique de la SMNF en 2001.<\/p>\n\n\n\n<p class=\"has-text-align-center\">Ces panneaux (70\u00d7100 cm) ont \u00e9t\u00e9 \u00e9dit\u00e9s\n avec le soutien financier de la            R\u00e9gion Nord-Pas-de-Calais, \nle Conseil g\u00e9n\u00e9ral du D\u00e9partement du Nord<br>et les fonds Europ\u00e9ens de D\u00e9veloppement R\u00e9gional.<\/p>\n\n\n\n<p class=\"has-text-align-center\">Textes : Franck NOMCLERQ (Pharmacien) et R\u00e9gis COURTECUISSE (Professeur \u00e0 la Facult\u00e9 de Pharmacie de Lille).<br> Photographies :&nbsp; J. VAST, J.-P. GAV\u00c9RIAUX, R. COURTECUISSE, P.-A.            MOREAU et M. GU\u00c9NY.<br> Conception graphique des panneaux : Syndicat mixte du Parc Naturel R\u00e9gional de l\u2019Avesnois.<\/p>\n\n\n\n<p class=\"has-text-align-center\">&nbsp;\u00a9Copyright SMNF et PNR  Avesnois \u2013 Utilisation commerciale interdite<\/p>\n\n\n\n<div style=\"height:20px\" aria-hidden=\"true\" class=\"wp-block-spacer\"><\/div>\n\n\n<div class=\"wp-block-image\">\n<figure class=\"aligncenter size-large is-resized\"><img loading=\"lazy\" decoding=\"async\" src=\"https:\/\/www.smnf.fr\/wp-content\/uploads\/2020\/10\/Bandeau2-1024x115-1.jpg\" alt=\"\" class=\"wp-image-1538\" width=\"768\" height=\"86\" srcset=\"https:\/\/www.smnf.fr\/wp-content\/uploads\/2020\/10\/Bandeau2-1024x115-1.jpg 1024w, https:\/\/www.smnf.fr\/wp-content\/uploads\/2020\/10\/Bandeau2-1024x115-1-300x34.jpg 300w, https:\/\/www.smnf.fr\/wp-content\/uploads\/2020\/10\/Bandeau2-1024x115-1-768x86.jpg 768w\" sizes=\"auto, (max-width: 768px) 100vw, 768px\" \/><\/figure>\n<\/div>\n\n\n<div class=\"wp-block-columns is-layout-flex wp-container-core-columns-is-layout-9d6595d7 wp-block-columns-is-layout-flex\">\n<div class=\"wp-block-column is-layout-flow wp-block-column-is-layout-flow\" style=\"flex-basis:25%\"><\/div>\n\n\n\n<div class=\"wp-block-column is-layout-flow wp-block-column-is-layout-flow\" style=\"flex-basis:28.33%\">\n<p>  <strong>Les g\u00e9n\u00e9ralit\u00e9s&nbsp;sur  les champignons <\/strong> <\/p>\n\n\n\n<p style=\"font-size:15px\">  01 &#8211; <span style=\"color:#00d084\" class=\"tadv-color\"> <a rel=\"noreferrer noopener\" href=\"https:\/\/www.smnf.fr\/wp-content\/myco\/Panneau_SMNF_01.htm\" target=\"_blank\">D\u00e9finition<\/a><\/span><br>02 &#8211;  <a rel=\"noreferrer noopener\" href=\"https:\/\/www.smnf.fr\/wp-content\/myco\/Panneau_SMNF_02.htm\" target=\"_blank\">Division<\/a><br>03 &#8211; <a rel=\"noreferrer noopener\" href=\"https:\/\/www.smnf.fr\/wp-content\/myco\/Panneau_SMNF_03.htm\" target=\"_blank\">Milieu naturel<\/a><br>04 &#8211;  <a rel=\"noreferrer noopener\" href=\"https:\/\/www.smnf.fr\/wp-content\/myco\/Panneau_SMNF_04.htm\" target=\"_blank\">R\u00f4le dans les \u00e9cosyst\u00e8mes<\/a><br>05 &#8211;  <a rel=\"noreferrer noopener\" href=\"https:\/\/www.smnf.fr\/wp-content\/myco\/Panneau_SMNF_05.htm\" target=\"_blank\">Usages biotechnologiques<\/a><br>06 &#8211;  <a rel=\"noreferrer noopener\" href=\"https:\/\/www.smnf.fr\/wp-content\/myco\/Panneau_SMNF_06.htm\" target=\"_blank\">Morphologie<\/a><br>07 &#8211;  <a rel=\"noreferrer noopener\" href=\"https:\/\/www.smnf.fr\/wp-content\/myco\/Panneau_SMNF_07.htm\" target=\"_blank\">D\u00e9termination<\/a><br>08 &#8211;  <a rel=\"noreferrer noopener\" href=\"https:\/\/www.smnf.fr\/wp-content\/myco\/Panneau_SMNF_08.htm\" target=\"_blank\">Intoxications 1<\/a><br>09a &#8211;  <a rel=\"noreferrer noopener\" href=\"https:\/\/www.smnf.fr\/wp-content\/myco\/Panneau_SMNF_09a.htm\" target=\"_blank\">Intoxications 2<\/a><\/p>\n\n\n\n<p><strong>Principaux  groupes fongiques<\/strong><br><br>09b &#8211;  <a rel=\"noreferrer noopener\" href=\"https:\/\/www.smnf.fr\/wp-content\/myco\/Panneau_SMNF_09b.htm\" target=\"_blank\">Pr\u00e9sentation<\/a><br>10 &#8211; <a href=\"https:\/\/www.smnf.fr\/wp-content\/myco\/Panneau_SMNF_10.htm\">Ascomyc\u00e8tes<\/a><br>11 &#8211; <a href=\"https:\/\/www.smnf.fr\/wp-content\/myco\/Panneau_SMNF_11.htm\">H\u00e9t\u00e9robasidiomyc\u00e8tes<\/a><br>12 &#8211; <a href=\"https:\/\/www.smnf.fr\/wp-content\/myco\/Panneau_SMNF_12.htm\">Aphyllo 1 Cro\u00fbtes et Polypores<\/a><br>13 &#8211;  <a href=\"https:\/\/www.smnf.fr\/wp-content\/myco\/Panneau_SMNF_13.htm\">Aphyllo 2 Clavaires<\/a><br>14 &#8211;  <a href=\"https:\/\/www.smnf.fr\/wp-content\/myco\/Panneau_SMNF_14.htm\">Aphyllo 3 Hydnes<\/a><br>15 &#8211; <a href=\"https:\/\/www.smnf.fr\/wp-content\/myco\/Panneau_SMNF_15.htm\">Aphyllo 4 Chanterelles<\/a><br>16 &#8211; <a href=\"https:\/\/www.smnf.fr\/wp-content\/myco\/Panneau_SMNF_16.htm\">Pleurotes<\/a><br>17 &#8211; <a href=\"https:\/\/www.smnf.fr\/wp-content\/myco\/Panneau_SMNF_17.htm\">Hygrophores<\/a><\/p>\n<\/div>\n\n\n\n<div class=\"wp-block-column is-layout-flow wp-block-column-is-layout-flow\" style=\"flex-basis:28.33%\">\n<p> 18 &#8211; <a href=\"https:\/\/www.smnf.fr\/wp-content\/myco\/Panneau_SMNF_18.htm\">Clitocybes<\/a><br>19 &#8211; <a href=\"https:\/\/www.smnf.fr\/wp-content\/myco\/Panneau_SMNF_19.htm\">Tricholomes<\/a><br>20 &#8211; <a href=\"https:\/\/www.smnf.fr\/wp-content\/myco\/Panneau_SMNF_20.htm\">Tricholomatac\u00e9es<\/a><br>21 &#8211; <a href=\"https:\/\/www.smnf.fr\/wp-content\/myco\/Panneau_SMNF_21.htm\">Marasmes et Collybies<\/a><br>22 &#8211;  <a href=\"https:\/\/www.smnf.fr\/wp-content\/myco\/Panneau_SMNF_22.htm\">Myc\u00e8nes<\/a><br>23 &#8211;  <a href=\"https:\/\/www.smnf.fr\/wp-content\/myco\/Panneau_SMNF_23.htm\">L\u00e9piotes<\/a><br>24 &#8211;  <a href=\"https:\/\/www.smnf.fr\/wp-content\/myco\/Panneau_SMNF_24.htm\">Agarics<\/a><br>25 &#8211;  <a href=\"https:\/\/www.smnf.fr\/wp-content\/myco\/Panneau_SMNF_25.htm\">Coprins  et Psathyrelles<\/a><br>26 &#8211;  <a href=\"https:\/\/www.smnf.fr\/wp-content\/myco\/Panneau_SMNF_26.htm\">Amanites<\/a><br>27 &#8211;  <a href=\"https:\/\/www.smnf.fr\/wp-content\/myco\/Panneau_SMNF_27.htm\">Plut\u00e9es  et Volvaires<\/a><br>28 &#8211;  <a href=\"https:\/\/www.smnf.fr\/wp-content\/myco\/Panneau_SMNF_28.htm\">Entolomes<\/a><br>29 &#8211;  <a href=\"https:\/\/www.smnf.fr\/wp-content\/myco\/Panneau_SMNF_29.htm\">H\u00e9b\u00e9lomes<\/a><br>30 &#8211;  <a href=\"https:\/\/www.smnf.fr\/wp-content\/myco\/Panneau_SMNF_30.htm\">Inocybes<\/a><br>31 &#8211;  <a href=\"https:\/\/www.smnf.fr\/wp-content\/myco\/Panneau_SMNF_31.htm\">Cortinaires<\/a><br>32 &#8211;  <a href=\"https:\/\/www.smnf.fr\/wp-content\/myco\/Panneau_SMNF_32.htm\">Pholiotes<\/a><br>33 &#8211;  <a href=\"https:\/\/www.smnf.fr\/wp-content\/myco\/Panneau_SMNF_33.htm\">Strophaires,  Hypholomes<\/a><br>34 &#8211;  <a href=\"https:\/\/www.smnf.fr\/wp-content\/myco\/Panneau_SMNF_34.htm\">Russules<\/a><br>35 &#8211;  <a href=\"https:\/\/www.smnf.fr\/wp-content\/myco\/Panneau_SMNF_35.htm\">Lactaires<\/a><br>36 &#8211;  <a href=\"https:\/\/www.smnf.fr\/wp-content\/myco\/Panneau_SMNF_36.htm\">Bol\u00e9tales lamell\u00e9es<\/a><br>37 &#8211;   <a href=\"https:\/\/www.smnf.fr\/wp-content\/myco\/Panneau_SMNF_33.htm\">Bolets  1\u00e8re partie<\/a><br>38 &#8211;   <a href=\"https:\/\/www.smnf.fr\/wp-content\/myco\/Panneau_SMNF_38.htm\">Bolets  2\u00e8me partie<\/a><br>39 &#8211;  <a href=\"https:\/\/www.smnf.fr\/wp-content\/myco\/Panneau_SMNF_39.htm\"> Gast\u00e9romyc\u00e8tes<\/a><br>40 &#8211;  <a href=\"https:\/\/www.smnf.fr\/wp-content\/myco\/Panneau_SMNF_00.htm\">Le PNR de l&rsquo;Avesnois<\/a>  <\/p>\n<\/div>\n\n\n\n<div class=\"wp-block-column is-layout-flow wp-block-column-is-layout-flow\" style=\"flex-basis:18.33%\"><\/div>\n<\/div>\n","protected":false},"excerpt":{"rendered":"<p>Les 41 pages r\u00e9f\u00e9renc\u00e9es ci-dessous sont des photographies des panneaux r\u00e9alis\u00e9s par la Soci\u00e9t\u00e9 Mycologique du Nord de la France et le Parc Naturel R\u00e9gional&#8230;<\/p>\n","protected":false},"author":2,"featured_media":0,"parent":0,"menu_order":0,"comment_status":"closed","ping_status":"closed","template":"","meta":{"footnotes":""},"class_list":["post-217","page","type-page","status-publish","hentry"],"_links":{"self":[{"href":"https:\/\/www.smnf.fr\/index.php\/wp-json\/wp\/v2\/pages\/217","targetHints":{"allow":["GET"]}}],"collection":[{"href":"https:\/\/www.smnf.fr\/index.php\/wp-json\/wp\/v2\/pages"}],"about":[{"href":"https:\/\/www.smnf.fr\/index.php\/wp-json\/wp\/v2\/types\/page"}],"author":[{"embeddable":true,"href":"https:\/\/www.smnf.fr\/index.php\/wp-json\/wp\/v2\/users\/2"}],"replies":[{"embeddable":true,"href":"https:\/\/www.smnf.fr\/index.php\/wp-json\/wp\/v2\/comments?post=217"}],"version-history":[{"count":20,"href":"https:\/\/www.smnf.fr\/index.php\/wp-json\/wp\/v2\/pages\/217\/revisions"}],"predecessor-version":[{"id":3877,"href":"https:\/\/www.smnf.fr\/index.php\/wp-json\/wp\/v2\/pages\/217\/revisions\/3877"}],"wp:attachment":[{"href":"https:\/\/www.smnf.fr\/index.php\/wp-json\/wp\/v2\/media?parent=217"}],"curies":[{"name":"wp","href":"https:\/\/api.w.org\/{rel}","templated":true}]}}