{"id":219,"date":"2020-02-28T21:30:01","date_gmt":"2020-02-28T20:30:01","guid":{"rendered":"http:\/\/www.smnf.fr\/?page_id=219"},"modified":"2020-10-20T22:44:40","modified_gmt":"2020-10-20T20:44:40","slug":"sites-mycologiques","status":"publish","type":"page","link":"https:\/\/www.smnf.fr\/index.php\/sites-mycologiques\/","title":{"rendered":"Sites mycologiques"},"content":{"rendered":"\n<div style=\"height:35px\" aria-hidden=\"true\" class=\"wp-block-spacer\"><\/div>\n\n\n\n<p>Ascofrance (site d\u00e9di\u00e9 aux Ascomycota) \u2013&nbsp;<a rel=\"noreferrer noopener\" aria-label=\" (opens in a new tab)\" href=\"http:\/\/www.ascofrance.com\/\" target=\"_blank\"><strong>http:\/\/www.ascofrance.com<\/strong><\/a><\/p>\n\n\n\n<p>Association Mycologique de Normandie \u2013&nbsp;<a rel=\"noreferrer noopener\" aria-label=\" (opens in a new tab)\" href=\"http:\/\/myconormandie.free.fr\/\" target=\"_blank\"><strong>http:\/\/myconormandie.free.fr<\/strong><\/a><\/p>\n\n\n\n<p>Association Mycologique et Botanique du Loiret \u2013&nbsp;<a rel=\"noreferrer noopener\" aria-label=\" (opens in a new tab)\" href=\"https:\/\/ambl.pagesperso-orange.fr\/\" target=\"_blank\"><strong>https:\/\/ambl.pagesperso-orange.fr<\/strong><\/a><\/p>\n\n\n\n<p>Association&nbsp;Mycologique F\u00e9r\u00e9opontaine \u2013&nbsp;<a rel=\"noreferrer noopener\" aria-label=\" (opens in a new tab)\" href=\"http:\/\/www.champignons77.org\/\" target=\"_blank\"><strong>http:\/\/www.champignons77.org<\/strong><\/a><\/p>\n\n\n\n<p>Association des mycologues francophones de Belgique \u2013&nbsp;<a rel=\"noreferrer noopener\" aria-label=\" (opens in a new tab)\" href=\"http:\/\/www.amfb.eu\/\" target=\"_blank\"><strong>http:\/\/www.amfb.eu<\/strong><\/a><\/p>\n\n\n\n<p>Base de donn\u00e9es et cl\u00e9s de d\u00e9termination \u2013 MycoDB \u2013&nbsp;<a rel=\"noreferrer noopener\" aria-label=\" (opens in a new tab)\" href=\"http:\/\/www.mycodb.fr\/\" target=\"_blank\"><strong>http:\/\/www.mycodb.fr<\/strong><\/a><\/p>\n\n\n\n<p>Champignons de Moselle et d\u2019ailleurs \u2013&nbsp;<a rel=\"noreferrer noopener\" aria-label=\" (opens in a new tab)\" href=\"http:\/\/champignons.moselle.free.fr\/\" target=\"_blank\"><strong>http:\/\/champignons.moselle.free.fr<\/strong><\/a><\/p>\n\n\n\n<p>CHU de Rouen (toxicologie) \u2013&nbsp;<a rel=\"noreferrer noopener\" aria-label=\" (opens in a new tab)\" href=\"http:\/\/www.chu-rouen.fr\/ssf\/pathol\/intoxicationchampignon.html\" target=\"_blank\"><strong>http:\/\/www.chu-rouen.fr\/ssf\/pathol\/intoxicationchampignon.html<\/strong><\/a><\/p>\n\n\n\n<p>Champignons m\u00e9dicinaux (site consacr\u00e9 au SIDA) \u2013&nbsp;<a rel=\"noreferrer noopener\" aria-label=\" (opens in a new tab)\" href=\"http:\/\/www.multimania.com\/sidanet\/B_champi.htm\" target=\"_blank\"><strong>http:\/\/www.multimania.com\/sidanet\/B_champi.htm<\/strong><\/a><\/p>\n\n\n\n<p>F\u00e9d\u00e9ration des Associations Mycologiques de l\u2019Ouest \u2013<strong>&nbsp;<a rel=\"noreferrer noopener\" aria-label=\" (opens in a new tab)\" href=\"http:\/\/www.famo.fr\/\" target=\"_blank\">http:\/\/www.famo.fr<\/a><\/strong><\/p>\n\n\n\n<p>F\u00e9d\u00e9ration des Associations Mycologiques M\u00e9diterran\u00e9ennes \u2013&nbsp;<a rel=\"noreferrer noopener\" aria-label=\" (opens in a new tab)\" href=\"https:\/\/famm.pagesperso-orange.fr\/\" target=\"_blank\"><strong>https:\/\/famm.pagesperso-orange.fr<\/strong><\/a><\/p>\n\n\n\n<p>F\u00e9d\u00e9ration Mycologique et Botanique Dauphin\u00e9 Savoie \u2013&nbsp;<a href=\"http:\/\/www.fmbds.org\/\"><strong>http:\/\/www.fmbds.org<\/strong><\/a><\/p>\n\n\n\n<p>Inocybe.free (photographies des esp\u00e8ces du genre Inocybe) \u2013&nbsp;<a rel=\"noreferrer noopener\" aria-label=\" (opens in a new tab)\" href=\"http:\/\/inocybes.free.fr\/index.html\" target=\"_blank\"><strong>http:\/\/inocybes.free.fr\/index.html<\/strong><\/a><\/p>\n\n\n\n<p>INRA (Nancy) \u2013 Mycor Web \u2013&nbsp;<a href=\"http:\/\/mycor.nancy.inra.fr\/\"><strong>http:\/\/mycor.nancy.inra.fr<\/strong><\/a><\/p>\n\n\n\n<p>Microscopie : le micromonde-&nbsp;<a rel=\"noreferrer noopener\" aria-label=\" (opens in a new tab)\" href=\"http:\/\/www.microscopies.com\/index2.htm\" target=\"_blank\"><strong>http:\/\/www.microscopies.com\/index2.htm<\/strong><\/a><\/p>\n\n\n\n<p>Mycologie et Lich\u00e9nologie en Catalogne Nord \u2013&nbsp;<a rel=\"noreferrer noopener\" aria-label=\" (opens in a new tab)\" href=\"http:\/\/mycologie.catalogne.free.fr\/index.htm\" target=\"_blank\"><strong>http:\/\/mycologie.catalogne.free.fr\/index.htm<\/strong><\/a><\/p>\n\n\n\n<p>Mycologues associ\u00e9s  \u2013&nbsp;<a rel=\"noreferrer noopener\" aria-label=\" (opens in a new tab)\" href=\"http:\/\/mycologues-associes.fr\/\" target=\"_blank\"><strong>http:\/\/mycologues-associes.fr<\/strong><\/a><\/p>\n\n\n\n<p>Mycorance \u2013 800 fiches descriptives de champignons \u2013&nbsp;<a rel=\"noreferrer noopener\" aria-label=\" (opens in a new tab)\" href=\"http:\/\/mycorance.free.fr\/\" target=\"_blank\"><strong>http:\/\/mycorance.free.fr<\/strong><\/a><\/p>\n\n\n\n<p>Polypores \u2013&nbsp;<a href=\"http:\/\/www.pharmanatur.com\/polypores.htm\"><strong>http:\/\/www.pharmanatur.com\/polypores.htm<\/strong><\/a><\/p>\n\n\n\n<p>Pyr\u00e9nomyc\u00e8tes \u2013 Site de Jacques Fournier \u2013&nbsp;<a rel=\"noreferrer noopener\" aria-label=\" (opens in a new tab)\" href=\"http:\/\/pyrenomycetes.free.fr\/\" target=\"_blank\"><strong>http:\/\/pyrenomycetes.free.fr<\/strong><\/a><\/p>\n\n\n\n<p>Site de Jean-Louis Cheype \u2013 Le monde insolite des champignons \u2013&nbsp;<a rel=\"noreferrer noopener\" aria-label=\" (opens in a new tab)\" href=\"http:\/\/jlcheype.free.fr\/\" target=\"_blank\"><strong>http:\/\/jlcheype.free.fr<\/strong><\/a><\/p>\n\n\n\n<p>Site de Laurent Francini \u2013\u00a0<strong><a href=\"https:\/\/www.francini-mycologie.fr\/\" target=\"_blank\" rel=\"noreferrer noopener\">https:\/\/francini-mycologie.fr<\/a><\/strong><\/p>\n\n\n\n<p>Soci\u00e9t\u00e9 Linn\u00e9enne Nord-Picardie \u2013&nbsp;<a rel=\"noreferrer noopener\" aria-label=\" (opens in a new tab)\" href=\"http:\/\/www.linneenne-amiens.org\/\" target=\"_blank\"><strong>http:\/\/www.linneenne-amiens.org<\/strong><\/a><\/p>\n\n\n\n<p>Soci\u00e9t\u00e9 Linn\u00e9enne de Provence \u2013 Section Mycologie \u2013&nbsp;<a rel=\"noreferrer noopener\" aria-label=\" (opens in a new tab)\" href=\"http:\/\/www.linneenne-lyon.org\/\" target=\"_blank\"><strong>http:\/\/www.linneenne-lyon.org<\/strong><\/a><\/p>\n\n\n\n<p>Soci\u00e9t\u00e9 Mycologique de Ch\u00e2teau-Thierry et de L\u2019Omois \u2013\u00a0<a rel=\"noreferrer noopener\" href=\"http:\/\/smcto.fr\/\" target=\"_blank\"><strong>http:\/\/smcto.f<\/strong>r<\/a><\/p>\n\n\n\n<p>Soci\u00e9t\u00e9 Mycologique de C\u00f4te d\u2019Or \u2013&nbsp;<a rel=\"noreferrer noopener\" aria-label=\" (opens in a new tab)\" href=\"http:\/\/joel.marceaux.free.fr\/index2.htm\" target=\"_blank\"><strong>http:\/\/joel.marceaux.free.fr\/index2.htm<\/strong><\/a><\/p>\n\n\n\n<p>Soci\u00e9t\u00e9 Mycologique de France \u2013&nbsp;<a rel=\"noreferrer noopener\" aria-label=\" (opens in a new tab)\" href=\"http:\/\/www.mycofrance.org\/\" target=\"_blank\"><strong>http:\/\/www.mycofrance.org<\/strong><\/a><\/p>\n\n\n\n<p>Soci\u00e9t\u00e9 Mycologique de Strasbourg \u2013&nbsp;<a href=\"http:\/\/mycostra.free.fr\/\"><strong>http:\/\/mycostra.free.fr<\/strong><\/a><\/p>\n\n\n\n<p>Soci\u00e9t\u00e9 Mycologique du B\u00e9arn \u2013&nbsp;<a rel=\"noreferrer noopener\" aria-label=\" (opens in a new tab)\" href=\"https:\/\/sites.google.com\/view\/smb64\/mycologie\" target=\"_blank\"><strong>https:\/\/sites.google.com\/view\/smb64\/mycologie<\/strong><\/a><\/p>\n\n\n\n<p>Soci\u00e9t\u00e9 Mycologique du G\u00e2tinais et des pays de Loire \u2013&nbsp;<a rel=\"noreferrer noopener\" aria-label=\" (opens in a new tab)\" href=\"http:\/\/www.mycogatinais.net\/\" target=\"_blank\"><strong>http:\/\/www.mycogatinais.net<\/strong><\/a><\/p>\n\n\n\n<p>Soci\u00e9t\u00e9 Mycologique du Haut-Rhin \u2013&nbsp;<a href=\"http:\/\/societe-mycologique-du-haut-rhin.org\/\"><strong>http:\/\/societe-mycologique-du-haut-rhin.org<\/strong><\/a><\/p>\n\n\n\n<p>Soci\u00e9t\u00e9 Mycologique du Limousin \u2013&nbsp;<a rel=\"noreferrer noopener\" aria-label=\" (opens in a new tab)\" href=\"http:\/\/mycolim.free.fr\/\" target=\"_blank\"><strong>http:\/\/mycolim.free.fr<\/strong><\/a><\/p>\n\n\n\n<p>Soci\u00e9t\u00e9 Mycologique du P\u00e9rigord \u2013&nbsp;<a rel=\"noreferrer noopener\" href=\"http:\/\/smp24.fr\" target=\"_blank\"><strong>http:\/\/smp24.fr<\/strong><\/a><\/p>\n\n\n\n<p>Soci\u00e9t\u00e9 Mycologique de Strasbourg \u2013&nbsp;<a rel=\"noreferrer noopener\" aria-label=\" (opens in a new tab)\" href=\"http:\/\/mycostra.free.fr\/\" target=\"_blank\"><strong>http:\/\/mycostra.free.fr\/<\/strong><\/a><\/p>\n\n\n\n<p>Soci\u00e9t\u00e9 des Naturalistes d\u2019Oyonnax \u2013&nbsp;<a rel=\"noreferrer noopener\" aria-label=\" (opens in a new tab)\" href=\"http:\/\/www.sdno.asso.fr\/index.php\" target=\"_blank\"><strong>http:\/\/www.sdno.asso.fr\/index.php<\/strong><\/a><\/p>\n\n\n\n<p>Association des mycologues francophones de Belgique \u2013&nbsp;<a rel=\"noreferrer noopener\" aria-label=\" (opens in a new tab)\" href=\"http:\/\/www.amfb.eu\/\" target=\"_blank\"><strong>http:\/\/www.amfb.eu<\/strong><\/a><\/p>\n","protected":false},"excerpt":{"rendered":"<p>Ascofrance (site d\u00e9di\u00e9 aux Ascomycota) \u2013&nbsp;http:\/\/www.ascofrance.com Association Mycologique de Normandie \u2013&nbsp;http:\/\/myconormandie.free.fr Association Mycologique et Botanique du Loiret \u2013&nbsp;https:\/\/ambl.pagesperso-orange.fr Association&nbsp;Mycologique F\u00e9r\u00e9opontaine \u2013&nbsp;http:\/\/www.champignons77.org Association des mycologues francophones&#8230;<\/p>\n","protected":false},"author":2,"featured_media":0,"parent":0,"menu_order":0,"comment_status":"closed","ping_status":"closed","template":"","meta":{"footnotes":""},"class_list":["post-219","page","type-page","status-publish","hentry"],"_links":{"self":[{"href":"https:\/\/www.smnf.fr\/index.php\/wp-json\/wp\/v2\/pages\/219","targetHints":{"allow":["GET"]}}],"collection":[{"href":"https:\/\/www.smnf.fr\/index.php\/wp-json\/wp\/v2\/pages"}],"about":[{"href":"https:\/\/www.smnf.fr\/index.php\/wp-json\/wp\/v2\/types\/page"}],"author":[{"embeddable":true,"href":"https:\/\/www.smnf.fr\/index.php\/wp-json\/wp\/v2\/users\/2"}],"replies":[{"embeddable":true,"href":"https:\/\/www.smnf.fr\/index.php\/wp-json\/wp\/v2\/comments?post=219"}],"version-history":[{"count":13,"href":"https:\/\/www.smnf.fr\/index.php\/wp-json\/wp\/v2\/pages\/219\/revisions"}],"predecessor-version":[{"id":1323,"href":"https:\/\/www.smnf.fr\/index.php\/wp-json\/wp\/v2\/pages\/219\/revisions\/1323"}],"wp:attachment":[{"href":"https:\/\/www.smnf.fr\/index.php\/wp-json\/wp\/v2\/media?parent=219"}],"curies":[{"name":"wp","href":"https:\/\/api.w.org\/{rel}","templated":true}]}}