{"id":2269,"date":"2021-02-03T15:50:12","date_gmt":"2021-02-03T14:50:12","guid":{"rendered":"https:\/\/www.smnf.fr\/?page_id=2269"},"modified":"2024-12-31T16:25:34","modified_gmt":"2024-12-31T15:25:34","slug":"petites-annonces","status":"publish","type":"page","link":"https:\/\/www.smnf.fr\/index.php\/petites-annonces\/","title":{"rendered":"Petites annonces"},"content":{"rendered":"\n<div style=\"height:19px\" aria-hidden=\"true\" class=\"wp-block-spacer\"><\/div>\n\n\n\n<div class=\"wp-block-columns is-layout-flex wp-container-core-columns-is-layout-9d6595d7 wp-block-columns-is-layout-flex\">\n<div class=\"wp-block-column is-layout-flow wp-block-column-is-layout-flow\"><div class=\"wp-block-image\">\n<figure class=\"aligncenter size-large is-resized\"><img loading=\"lazy\" decoding=\"async\" width=\"200\" height=\"265\" src=\"https:\/\/www.smnf.fr\/wp-content\/uploads\/2020\/10\/logo-SMNF2.jpg\" alt=\"\" class=\"wp-image-1400\" style=\"width:100px;height:133px\"\/><\/figure>\n<\/div><\/div>\n\n\n\n<div class=\"wp-block-column is-layout-flow wp-block-column-is-layout-flow\" style=\"flex-basis:50%\">\n<div style=\"height:45px\" aria-hidden=\"true\" class=\"wp-block-spacer\"><\/div>\n\n\n\n<p class=\"has-text-align-center coin has-black-color has-text-color has-background\" style=\"background-color:#dbeaff\">Cette rubrique se veut-\u00eatre \u00e0 l&rsquo;usage des adh\u00e9rents qui d\u00e9sirent mettre en vente ou rechercher tout article, livres ou objets, ayant un rapport avec la mycologie<\/p>\n\n\n\n<div style=\"height:48px\" aria-hidden=\"true\" class=\"wp-block-spacer\"><\/div>\n\n\n\n<hr class=\"wp-block-separator has-text-color has-css-opacity has-background haut-hr5\" style=\"background-color:#9fc6ff;color:#9fc6ff\"\/>\n<\/div>\n\n\n\n<div class=\"wp-block-column is-layout-flow wp-block-column-is-layout-flow\"><div class=\"wp-block-image\">\n<figure class=\"aligncenter size-large is-resized\"><img loading=\"lazy\" decoding=\"async\" width=\"252\" height=\"174\" src=\"https:\/\/www.smnf.fr\/wp-content\/uploads\/2021\/02\/Livre-e1612365388929.jpg\" alt=\"\" class=\"wp-image-2271\" style=\"width:126px;height:87px\"\/><\/figure>\n<\/div>\n\n<div class=\"wp-block-image\">\n<figure class=\"aligncenter size-large is-resized\"><img loading=\"lazy\" decoding=\"async\" width=\"153\" height=\"170\" src=\"https:\/\/www.smnf.fr\/wp-content\/uploads\/2021\/02\/Microscope.jpg\" alt=\"\" class=\"wp-image-2272\" style=\"width:77px;height:85px\"\/><\/figure>\n<\/div><\/div>\n<\/div>\n\n\n\n<p style=\"text-align: center;\">\u00a0<\/p>\n<p>\u00a0<\/p>\n\n\n\n<div class=\"wp-block-columns is-layout-flex wp-container-core-columns-is-layout-9d6595d7 wp-block-columns-is-layout-flex\">\n<div class=\"wp-block-column is-layout-flow wp-block-column-is-layout-flow\" style=\"flex-basis:25%\"><\/div>\n\n\n\n<div class=\"wp-block-column is-layout-flow wp-block-column-is-layout-flow\" style=\"flex-basis:60%\">\n<hr class=\"wp-block-separator has-text-color has-css-opacity has-background haut-hr5\" style=\"background-color:#9fc6ff;color:#9fc6ff\"\/>\n<\/div>\n\n\n\n<div class=\"wp-block-column is-layout-flow wp-block-column-is-layout-flow\" style=\"flex-basis:25%\"><\/div>\n<\/div>\n","protected":false},"excerpt":{"rendered":"<p>Cette rubrique se veut-\u00eatre \u00e0 l&rsquo;usage des adh\u00e9rents qui d\u00e9sirent mettre en vente ou rechercher tout article, livres ou objets, ayant un rapport avec la&#8230;<\/p>\n","protected":false},"author":2,"featured_media":0,"parent":0,"menu_order":0,"comment_status":"closed","ping_status":"closed","template":"","meta":{"footnotes":""},"class_list":["post-2269","page","type-page","status-publish","hentry"],"_links":{"self":[{"href":"https:\/\/www.smnf.fr\/index.php\/wp-json\/wp\/v2\/pages\/2269","targetHints":{"allow":["GET"]}}],"collection":[{"href":"https:\/\/www.smnf.fr\/index.php\/wp-json\/wp\/v2\/pages"}],"about":[{"href":"https:\/\/www.smnf.fr\/index.php\/wp-json\/wp\/v2\/types\/page"}],"author":[{"embeddable":true,"href":"https:\/\/www.smnf.fr\/index.php\/wp-json\/wp\/v2\/users\/2"}],"replies":[{"embeddable":true,"href":"https:\/\/www.smnf.fr\/index.php\/wp-json\/wp\/v2\/comments?post=2269"}],"version-history":[{"count":83,"href":"https:\/\/www.smnf.fr\/index.php\/wp-json\/wp\/v2\/pages\/2269\/revisions"}],"predecessor-version":[{"id":5736,"href":"https:\/\/www.smnf.fr\/index.php\/wp-json\/wp\/v2\/pages\/2269\/revisions\/5736"}],"wp:attachment":[{"href":"https:\/\/www.smnf.fr\/index.php\/wp-json\/wp\/v2\/media?parent=2269"}],"curies":[{"name":"wp","href":"https:\/\/api.w.org\/{rel}","templated":true}]}}