{"id":2581,"date":"2021-06-11T17:42:41","date_gmt":"2021-06-11T15:42:41","guid":{"rendered":"https:\/\/www.smnf.fr\/?page_id=2581"},"modified":"2022-08-08T10:33:57","modified_gmt":"2022-08-08T08:33:57","slug":"sorties-2021","status":"publish","type":"page","link":"https:\/\/www.smnf.fr\/index.php\/sorties-2021\/","title":{"rendered":"Sorties 2021"},"content":{"rendered":"\n<div style=\"height:44px\" aria-hidden=\"true\" class=\"wp-block-spacer\"><\/div>\n\n\n\n<div class=\"wp-block-columns is-layout-flex wp-container-core-columns-is-layout-9d6595d7 wp-block-columns-is-layout-flex\">\n<div class=\"wp-block-column is-layout-flow wp-block-column-is-layout-flow\" style=\"flex-basis:33.33%\">\n<div class=\"wp-block-buttons is-layout-flex wp-block-buttons-is-layout-flex\">\n<div class=\"wp-block-button is-style-outline is-style-outline--1\"><a class=\"wp-block-button__link has-black-color has-pale-cyan-blue-background-color has-text-color has-background no-border-radius\" href=\"https:\/\/hdf.fongifrancef.fr\/especes-par-recolte\/\" target=\"_blank\" rel=\"noreferrer noopener\">Acc\u00e9der \u00e0 la liste des r\u00e9coltes<\/a><\/div>\n<\/div>\n<\/div>\n\n\n\n<div class=\"wp-block-column is-layout-flow wp-block-column-is-layout-flow\" style=\"flex-basis:66.66%\">\n<p>Vous y trouverez les r\u00e9coltes des sorties sur l\u2019Atlas Mycologique des Hauts-de-France. Celles r\u00e9alis\u00e9es en Belgique sont pr\u00e9sent\u00e9es sur cette page.<br>Les listes des esp\u00e8ces recens\u00e9es lors des sorties mycologiques doivent \u00eatre import\u00e9es par les directeurs de sorties dans la base de donn\u00e9es r\u00e9gionale (aide possible aupr\u00e8s de <a href=\"mailto:jeanlouis.lefevre.smnf@gmail.com\">Jean-Louis Lef\u00e8vre<\/a>).<\/p>\n<\/div>\n<\/div>\n\n\n\n<div class=\"wp-block-columns is-layout-flex wp-container-core-columns-is-layout-9d6595d7 wp-block-columns-is-layout-flex\">\n<div class=\"wp-block-column is-layout-flow wp-block-column-is-layout-flow\" style=\"flex-basis:66.66%\">\n<p><strong><span style=\"font-family: times new roman, times, serif; font-size: 14pt; color: #800000;\">\u25ba<u>Samedi 8 mai 2021<\/u> <\/span>: <\/strong><strong><span style=\"color: #800000; font-family: times new roman, times, serif; font-size: 14pt;\">Cantin (59) Lac de Cantin.<\/span><br>Sortie en partenariat avec la Communaut\u00e9 d\u2019Agglom\u00e9ration du Douaisis et le CEN HdF.<\/strong><br>Sortie commune avec le Pleurote Sinois.<br><strong>Guides :<\/strong> Bernard Henne &amp; Christophe L\u00e9curu.<br><strong>Participants<\/strong> : L. MARCHESSEAU, S. POLESEL, E. PROUVEZ, Mme POLESEL, J.P. DEVOGELAERE et Mme, P. ALECSANDROWICZ, J.M. COQUELLE, J.C. et J.Y. DUCATILLON, B. HENNE, G. POLESEL, C. LECURU, G. MELARD.<br>La sortie au Caillou qui bique et Gussignies ayant \u00e9t\u00e9 annul\u00e9es pour cause de confinement, ce fut la premi\u00e8re sortie 2021.&nbsp; En ce d\u00e9but de printemps, le peu de pluies et des temp\u00e9ratures froides n&rsquo;ont permis que de r\u00e9colter 18 esp\u00e8ces : essentiellement des polyporales, des champignons r\u00e9supin\u00e9es mais quand m\u00eame <span style=\"text-decoration: underline;\"><span style=\"color: #0000ff; text-decoration: underline;\"><a style=\"color: #0000ff; text-decoration: underline;\" href=\"https:\/\/www.smnf.fr\/wp-content\/Photos_SMNF\/Photos_SMNF_M\/Morchella_vulgaris.htm\" target=\"_blank\" rel=\"noopener\"><em>Morchella vulgaris<\/em><\/a><\/span><\/span> (Morille vulgaire) et <span style=\"text-decoration: underline;\"><a href=\"https:\/\/www.smnf.fr\/wp-content\/Photos_SMNF\/Photos_SMNF_C\/Calocybe_gambosa.htm\" target=\"_blank\" rel=\"noopener\"><span style=\"color: #0000ff; text-decoration: underline;\"><em>Calocybe gambosa<\/em><\/span><\/a><\/span> (le Tricholome de la Saint Georges). &nbsp; &nbsp;<\/p>\n<p><strong><span style=\"font-family: times new roman, times, serif; font-size: 14pt;\"><span style=\"color: #800000;\">\u25ba<u>Samedi 15 mai 2021<\/u> : <\/span><span style=\"color: #800000;\">Beuvry-la-for\u00eat (59) For\u00eat domaniale de Marchiennes.<\/span><\/span><br><\/strong>Sortie commune avec le Pleurote Sinois.<br><strong>Guides :<\/strong> Pascal Aleksandrowicz, Bernard Henne, G\u00e9rard M\u00e9lard.<br><strong>Participants<\/strong> : L. MARCHESSEAU, S. POLESEL, E. PROUVEZ, J.P. DEVOGELAERE et Mme, P. ALECSANDROWICZ, A. CHRETIEN, J.P. CORBET, J.P. CORBET, A. CORDIER, J.M. COQUELLE, D. DEFOORT, J.P. DEMATTE, J.C. et J.Y. DUCATILLON, B. HENNE, J.L. LEFEVRE, J.L. LORRAIN, G. POLESEL.<br>Encore des conditions climatiques peu propices aux champignons. 28 esp\u00e8ces r\u00e9colt\u00e9es dont une douzaine de Polyporales, quelques Collybies (<em>Collybia luteifolia<\/em> et <em>Collybia ocior<\/em>).<\/p>\n<p><span style=\"color: #800000; font-family: times new roman, times, serif; font-size: 14pt;\"><strong>\u25ba <u>Samedi 29 mai 2021<\/u> : <\/strong><\/span><strong><span style=\"color: #800000; font-family: times new roman, times, serif; font-size: 14pt;\">For\u00eat domaniale de l\u2019Abb\u00e9 Val-Joly, Le Voyon.<\/span><br><\/strong><strong>Guides :<\/strong> Pascal Aleksandrowicz, Jacky Triquet.<br><strong>Participants<\/strong> :<\/p>\n<p><span style=\"color: #800000; font-family: times new roman, times, serif; font-size: 14pt;\"><strong>\u25baSamedi 12 juin 2021<\/strong><strong> : <\/strong><strong>Bassin Rond et environs du canal de la Sens\u00e9e.<\/strong><\/span><br><strong>Sortie commune avec le Pleurote Sinois<\/strong>.<br><strong>Guides :<\/strong> Pascal Aleksandrowicz, Bernard Henne.<br><strong>Participants<\/strong> :<\/p>\n<p><span style=\"font-size: 14pt; font-family: times new roman, times, serif; color: #800000;\"><strong>\u25ba<u>Dimanche 20 juin 2021<\/u> : <\/strong><\/span><strong><span style=\"font-size: 14pt; font-family: times new roman, times, serif; color: #800000;\">R\u00e9serve biologique domaniale de Merlimont.<\/span><br>Sortie en partenariat avec l\u2019Office national des for\u00eats.<br><\/strong><strong>Guides :<\/strong> Didier Huart, Johann Sacleux, Franz Veill\u00e9 (ONF).<br>Belle sortie dans la r\u00e9serve biologique de Merlimont mais peu d&rsquo;esp\u00e8ces r\u00e9colt\u00e9es. Notons : <em>Hypocrea pulvinata, Taphrina pruni, Polyporus ciliatus &#8230;<\/em><br><strong>Participants<\/strong> :<\/p>\n\n\n<div class=\"wp-block-image\">\n<figure class=\"aligncenter size-large\"><img loading=\"lazy\" decoding=\"async\" width=\"1024\" height=\"683\" src=\"https:\/\/www.smnf.fr\/wp-content\/uploads\/2021\/07\/Merlimont-le-groupe.jpg\" alt=\"\" class=\"wp-image-2706\" srcset=\"https:\/\/www.smnf.fr\/wp-content\/uploads\/2021\/07\/Merlimont-le-groupe.jpg 1024w, https:\/\/www.smnf.fr\/wp-content\/uploads\/2021\/07\/Merlimont-le-groupe-300x200.jpg 300w, https:\/\/www.smnf.fr\/wp-content\/uploads\/2021\/07\/Merlimont-le-groupe-768x512.jpg 768w\" sizes=\"auto, (max-width: 1024px) 100vw, 1024px\" \/><figcaption>De gauche \u00e0 droite: R\u00e9gis Courtecuisse, Johann et Brigitte Sacleux, Pascal Bonnel,<br>Christophe L\u00e9curu, Didier Huart, Jos\u00e9 Cambier <\/figcaption><\/figure>\n<\/div>\n\n\n<div class=\"wp-block-columns is-layout-flex wp-container-core-columns-is-layout-9d6595d7 wp-block-columns-is-layout-flex\">\n<div class=\"wp-block-column is-layout-flow wp-block-column-is-layout-flow\"><div class=\"wp-block-image\">\n<figure class=\"aligncenter size-large\"><a href=\"https:\/\/www.smnf.fr\/wp-content\/uploads\/2021\/08\/Merlimont_2021_06_2a.jpg\"><img loading=\"lazy\" decoding=\"async\" width=\"1024\" height=\"682\" src=\"https:\/\/www.smnf.fr\/wp-content\/uploads\/2021\/08\/Merlimont_2021_06_2a.jpg\" alt=\"\" class=\"wp-image-2754\" srcset=\"https:\/\/www.smnf.fr\/wp-content\/uploads\/2021\/08\/Merlimont_2021_06_2a.jpg 1024w, https:\/\/www.smnf.fr\/wp-content\/uploads\/2021\/08\/Merlimont_2021_06_2a-300x200.jpg 300w, https:\/\/www.smnf.fr\/wp-content\/uploads\/2021\/08\/Merlimont_2021_06_2a-768x512.jpg 768w\" sizes=\"auto, (max-width: 1024px) 100vw, 1024px\" \/><\/a><figcaption>Affairement autour du seul champignon \u00e0 lames<\/figcaption><\/figure>\n<\/div><\/div>\n\n\n\n<div class=\"wp-block-column is-layout-flow wp-block-column-is-layout-flow\"><div class=\"wp-block-image\">\n<figure class=\"aligncenter size-large\"><a href=\"https:\/\/www.smnf.fr\/wp-content\/uploads\/2021\/08\/Merlimont_2021_06a.jpg\"><img loading=\"lazy\" decoding=\"async\" width=\"1024\" height=\"682\" src=\"https:\/\/www.smnf.fr\/wp-content\/uploads\/2021\/08\/Merlimont_2021_06a.jpg\" alt=\"\" class=\"wp-image-2755\" srcset=\"https:\/\/www.smnf.fr\/wp-content\/uploads\/2021\/08\/Merlimont_2021_06a.jpg 1024w, https:\/\/www.smnf.fr\/wp-content\/uploads\/2021\/08\/Merlimont_2021_06a-300x200.jpg 300w, https:\/\/www.smnf.fr\/wp-content\/uploads\/2021\/08\/Merlimont_2021_06a-768x512.jpg 768w\" sizes=\"auto, (max-width: 1024px) 100vw, 1024px\" \/><\/a><figcaption>&#8230; de la journ\u00e9e : <em>Agrocybe pediades<\/em><\/figcaption><\/figure>\n<\/div><\/div>\n<\/div>\n\n\n<\/div>\n\n\n\n<div class=\"wp-block-column is-layout-flow wp-block-column-is-layout-flow\" style=\"flex-basis:33.33%\">\n<div style=\"height:32px\" aria-hidden=\"true\" class=\"wp-block-spacer\"><\/div>\n\n\n<div class=\"wp-block-image\">\n<figure class=\"aligncenter size-large\"><a href=\"https:\/\/www.smnf.fr\/wp-content\/uploads\/2021\/06\/Image1.jpg\" target=\"_blank\" rel=\"noopener\"><img loading=\"lazy\" decoding=\"async\" width=\"804\" height=\"602\" src=\"https:\/\/www.smnf.fr\/wp-content\/uploads\/2021\/06\/Image1.jpg\" alt=\"\" class=\"wp-image-2611\" srcset=\"https:\/\/www.smnf.fr\/wp-content\/uploads\/2021\/06\/Image1.jpg 804w, https:\/\/www.smnf.fr\/wp-content\/uploads\/2021\/06\/Image1-300x225.jpg 300w, https:\/\/www.smnf.fr\/wp-content\/uploads\/2021\/06\/Image1-768x575.jpg 768w, https:\/\/www.smnf.fr\/wp-content\/uploads\/2021\/06\/Image1-480x360.jpg 480w\" sizes=\"auto, (max-width: 804px) 100vw, 804px\" \/><\/a><\/figure>\n<\/div>\n\n\n<div style=\"height:25px\" aria-hidden=\"true\" class=\"wp-block-spacer\"><\/div>\n\n\n<div class=\"wp-block-image\">\n<figure class=\"aligncenter size-large\"><a href=\"https:\/\/www.smnf.fr\/wp-content\/uploads\/2021\/06\/SAM_0189a.jpg\" target=\"_blank\" rel=\"noopener\"><img loading=\"lazy\" decoding=\"async\" width=\"1024\" height=\"683\" src=\"https:\/\/www.smnf.fr\/wp-content\/uploads\/2021\/06\/SAM_0189a.jpg\" alt=\"\" class=\"wp-image-2604\" srcset=\"https:\/\/www.smnf.fr\/wp-content\/uploads\/2021\/06\/SAM_0189a.jpg 1024w, https:\/\/www.smnf.fr\/wp-content\/uploads\/2021\/06\/SAM_0189a-300x200.jpg 300w, https:\/\/www.smnf.fr\/wp-content\/uploads\/2021\/06\/SAM_0189a-768x512.jpg 768w\" sizes=\"auto, (max-width: 1024px) 100vw, 1024px\" \/><\/a><figcaption>Le groupe<\/figcaption><\/figure>\n<\/div>\n\n\n<div style=\"height:252px\" aria-hidden=\"true\" class=\"wp-block-spacer\"><\/div>\n\n\n<div class=\"wp-block-image\">\n<figure class=\"aligncenter size-large is-resized\"><a href=\"https:\/\/www.smnf.fr\/wp-content\/uploads\/2021\/08\/Orchis-neglige.jpg\"><img loading=\"lazy\" decoding=\"async\" src=\"https:\/\/www.smnf.fr\/wp-content\/uploads\/2021\/08\/Orchis-neglige.jpg\" alt=\"\" class=\"wp-image-2736\" width=\"171\" height=\"256\" srcset=\"https:\/\/www.smnf.fr\/wp-content\/uploads\/2021\/08\/Orchis-neglige.jpg 683w, https:\/\/www.smnf.fr\/wp-content\/uploads\/2021\/08\/Orchis-neglige-200x300.jpg 200w\" sizes=\"auto, (max-width: 171px) 100vw, 171px\" \/><\/a><figcaption>Orchis n\u00e9glig\u00e9 &#8211; <em>Dactylorhiza praetermissa<\/em><\/figcaption><\/figure>\n<\/div>\n\n<div class=\"wp-block-image\">\n<figure class=\"aligncenter size-large is-resized\"><a href=\"https:\/\/www.smnf.fr\/wp-content\/uploads\/2021\/08\/Taphrina-pruni-1b.jpg\"><img loading=\"lazy\" decoding=\"async\" src=\"https:\/\/www.smnf.fr\/wp-content\/uploads\/2021\/08\/Taphrina-pruni-1b.jpg\" alt=\"\" class=\"wp-image-2737\" width=\"256\" height=\"171\" srcset=\"https:\/\/www.smnf.fr\/wp-content\/uploads\/2021\/08\/Taphrina-pruni-1b.jpg 1024w, https:\/\/www.smnf.fr\/wp-content\/uploads\/2021\/08\/Taphrina-pruni-1b-300x200.jpg 300w, https:\/\/www.smnf.fr\/wp-content\/uploads\/2021\/08\/Taphrina-pruni-1b-768x512.jpg 768w\" sizes=\"auto, (max-width: 256px) 100vw, 256px\" \/><\/a><figcaption>Cloque du prunier &#8211; <em>Taphrina pruni<\/em><\/figcaption><\/figure>\n<\/div>\n\n<div class=\"wp-block-image\">\n<figure class=\"aligncenter size-large is-resized\"><a href=\"https:\/\/www.smnf.fr\/wp-content\/uploads\/2021\/08\/Hypocrea-pulvinata-2b.jpg\"><img loading=\"lazy\" decoding=\"async\" src=\"https:\/\/www.smnf.fr\/wp-content\/uploads\/2021\/08\/Hypocrea-pulvinata-2b.jpg\" alt=\"\" class=\"wp-image-2735\" width=\"256\" height=\"171\" srcset=\"https:\/\/www.smnf.fr\/wp-content\/uploads\/2021\/08\/Hypocrea-pulvinata-2b.jpg 1024w, https:\/\/www.smnf.fr\/wp-content\/uploads\/2021\/08\/Hypocrea-pulvinata-2b-300x200.jpg 300w, https:\/\/www.smnf.fr\/wp-content\/uploads\/2021\/08\/Hypocrea-pulvinata-2b-768x512.jpg 768w\" sizes=\"auto, (max-width: 256px) 100vw, 256px\" \/><\/a><figcaption><em>Hypocrea pulvinata<\/em> &#8211; parasite du polypore du bouleau<\/figcaption><\/figure>\n<\/div><\/div>\n<\/div>\n\n\n\n<div style=\"height:27px\" aria-hidden=\"true\" class=\"wp-block-spacer\"><\/div>\n\n\n\n<p><\/p>\n\n\n\n<p><\/p>\n","protected":false},"excerpt":{"rendered":"<p>Vous y trouverez les r\u00e9coltes des sorties sur l\u2019Atlas Mycologique des Hauts-de-France. Celles r\u00e9alis\u00e9es en Belgique sont pr\u00e9sent\u00e9es sur cette page.Les listes des esp\u00e8ces recens\u00e9es&#8230;<\/p>\n","protected":false},"author":2,"featured_media":0,"parent":0,"menu_order":0,"comment_status":"closed","ping_status":"closed","template":"","meta":{"footnotes":""},"class_list":["post-2581","page","type-page","status-publish","hentry"],"_links":{"self":[{"href":"https:\/\/www.smnf.fr\/index.php\/wp-json\/wp\/v2\/pages\/2581","targetHints":{"allow":["GET"]}}],"collection":[{"href":"https:\/\/www.smnf.fr\/index.php\/wp-json\/wp\/v2\/pages"}],"about":[{"href":"https:\/\/www.smnf.fr\/index.php\/wp-json\/wp\/v2\/types\/page"}],"author":[{"embeddable":true,"href":"https:\/\/www.smnf.fr\/index.php\/wp-json\/wp\/v2\/users\/2"}],"replies":[{"embeddable":true,"href":"https:\/\/www.smnf.fr\/index.php\/wp-json\/wp\/v2\/comments?post=2581"}],"version-history":[{"count":52,"href":"https:\/\/www.smnf.fr\/index.php\/wp-json\/wp\/v2\/pages\/2581\/revisions"}],"predecessor-version":[{"id":3752,"href":"https:\/\/www.smnf.fr\/index.php\/wp-json\/wp\/v2\/pages\/2581\/revisions\/3752"}],"wp:attachment":[{"href":"https:\/\/www.smnf.fr\/index.php\/wp-json\/wp\/v2\/media?parent=2581"}],"curies":[{"name":"wp","href":"https:\/\/api.w.org\/{rel}","templated":true}]}}