{"id":26,"date":"2020-02-28T10:42:33","date_gmt":"2020-02-28T09:42:33","guid":{"rendered":"http:\/\/www.smnf.fr\/?page_id=26"},"modified":"2024-03-01T10:22:06","modified_gmt":"2024-03-01T09:22:06","slug":"la-smnf","status":"publish","type":"page","link":"https:\/\/www.smnf.fr\/index.php\/la-smnf\/","title":{"rendered":"La SMNF"},"content":{"rendered":"\n<div style=\"height:27px\" aria-hidden=\"true\" class=\"wp-block-spacer\"><\/div>\n\n\n\n<p class=\"has-text-align-center has-medium-font-size\"> <strong>Pr\u00e9sident <\/strong><strong>: R\u00e9gis COURTECUISSE<\/strong><\/p>\n\n\n<div class=\"wp-block-image\">\n<figure class=\"aligncenter size-large\"><img loading=\"lazy\" decoding=\"async\" width=\"106\" height=\"136\" src=\"https:\/\/www.smnf.fr\/wp-content\/uploads\/2021\/05\/RC-2021-2.png\" alt=\"\" class=\"wp-image-2547\"\/><\/figure>\n<\/div>\n\n\n<p class=\"has-text-align-center has-medium-font-size\"><strong>Pr\u00e9sidents honoraires<\/strong><\/p>\n\n\n<div class=\"wp-block-image\">\n<figure class=\"aligncenter size-large\"><img loading=\"lazy\" decoding=\"async\" width=\"540\" height=\"178\" src=\"https:\/\/www.smnf.fr\/wp-content\/uploads\/2021\/05\/Honoraires-avec-txt.jpg\" alt=\"\" class=\"wp-image-2536\" srcset=\"https:\/\/www.smnf.fr\/wp-content\/uploads\/2021\/05\/Honoraires-avec-txt.jpg 540w, https:\/\/www.smnf.fr\/wp-content\/uploads\/2021\/05\/Honoraires-avec-txt-300x99.jpg 300w\" sizes=\"auto, (max-width: 540px) 100vw, 540px\" \/><\/figure>\n<\/div>\n\n\n<p class=\"has-text-align-center has-medium-font-size\"><strong>Conseil d&rsquo;Administration<\/strong><\/p>\n\n\n\n<figure class=\"wp-block-table\">\n<table style=\"border-collapse: collapse; width: 100%; height: 163px;\">\n<tbody>\n<tr style=\"height: 153px;\">\n<td style=\"width: 16.6667%; height: 153px;\"><img loading=\"lazy\" decoding=\"async\" class=\"alignnone size-full wp-image-2547\" src=\"https:\/\/www.smnf.fr\/wp-content\/uploads\/2021\/05\/RC-2021-2.png\" alt=\"\" width=\"106\" height=\"136\"><\/td>\n<td style=\"width: 16.6667%; height: 153px;\"><img loading=\"lazy\" decoding=\"async\" class=\"size-full wp-image-1422 aligncenter\" src=\"https:\/\/www.smnf.fr\/wp-content\/uploads\/2020\/10\/Didier.jpg\" alt=\"\" width=\"105\" height=\"136\"><\/td>\n<td style=\"width: 16.6667%; height: 153px;\"><img loading=\"lazy\" decoding=\"async\" class=\"size-full wp-image-1419 aligncenter\" src=\"https:\/\/www.smnf.fr\/wp-content\/uploads\/2020\/10\/Alain.jpg\" alt=\"\" width=\"99\" height=\"136\"><\/td>\n<td style=\"width: 16.6667%; height: 153px;\"><img loading=\"lazy\" decoding=\"async\" class=\"size-full wp-image-1429 aligncenter\" src=\"https:\/\/www.smnf.fr\/wp-content\/uploads\/2020\/10\/Pascal.jpg\" alt=\"\" width=\"107\" height=\"136\"><\/td>\n<td style=\"width: 16.6667%; height: 153px;\"><img loading=\"lazy\" decoding=\"async\" class=\"alignnone size-full wp-image-2802\" src=\"https:\/\/www.smnf.fr\/wp-content\/uploads\/2021\/10\/Jose-1.jpg\" alt=\"\" width=\"101\" height=\"136\"><\/td>\n<td style=\"width: 16.6667%; height: 153px;\">\n<p><img loading=\"lazy\" decoding=\"async\" class=\"size-full wp-image-1432 alignleft\" src=\"https:\/\/www.smnf.fr\/wp-content\/uploads\/2020\/10\/portrai-JL-.jpg\" alt=\"\" width=\"101\" height=\"136\"><\/p>\n<\/td>\n<\/tr>\n<tr style=\"height: 10px;\">\n<td style=\"width: 16.6667%; text-align: center; height: 10px;\">R.&nbsp;Courtecuisse<\/td>\n<td style=\"width: 16.6667%; text-align: center; height: 10px;\">D.&nbsp;Huart<\/td>\n<td style=\"width: 16.6667%; text-align: center; height: 10px;\">A. Bondu<br><br><\/td>\n<td style=\"width: 16.6667%; text-align: center; height: 10px;\">P. Aleksandrowicz<\/td>\n<td style=\"width: 16.6667%; height: 10px;\">\n<p style=\"text-align: center;\">J. Cambier<\/p>\n<\/td>\n<td style=\"width: 16.6667%; text-align: center; height: 10px;\">J-L. Lef\u00e8vre<\/td>\n<\/tr>\n<\/tbody>\n<\/table>\n<\/figure>\n\n\n\n<table style=\"border-collapse: collapse; width: 100%; height: 31px;\">\n<tbody>\n<tr style=\"height: 138px;\">\n<td style=\"width: 14.2857%; height: 10px;\">&nbsp;<\/td>\n<td style=\"width: 14.2857%; height: 10px;\"><img loading=\"lazy\" decoding=\"async\" class=\"size-full wp-image-1426 aligncenter\" src=\"https:\/\/www.smnf.fr\/wp-content\/uploads\/2020\/10\/Greg.jpg\" alt=\"\" width=\"96\" height=\"136\"><\/td>\n<td style=\"width: 14.2857%; height: 10px;\"><img loading=\"lazy\" decoding=\"async\" class=\"alignnone size-full wp-image-2546\" src=\"https:\/\/www.smnf.fr\/wp-content\/uploads\/2021\/05\/Pascal-Bonnel-2.jpg\" alt=\"\" width=\"106\" height=\"136\"><\/td>\n<td style=\"width: 14.2857%; height: 10px;\"><img loading=\"lazy\" decoding=\"async\" class=\"size-full wp-image-1424 aligncenter\" src=\"https:\/\/www.smnf.fr\/wp-content\/uploads\/2020\/10\/Franc.jpg\" alt=\"\" width=\"96\" height=\"137\"><\/td>\n<td style=\"width: 14.2857%; height: 10px;\"><img loading=\"lazy\" decoding=\"async\" class=\"size-full wp-image-1420 aligncenter\" src=\"https:\/\/www.smnf.fr\/wp-content\/uploads\/2020\/10\/Bernard.jpg\" alt=\"\" width=\"103\" height=\"137\"><\/td>\n<td style=\"width: 14.2857%; height: 10px;\"><img loading=\"lazy\" decoding=\"async\" class=\"wp-image-2554 aligncenter\" src=\"https:\/\/www.smnf.fr\/wp-content\/uploads\/2021\/06\/Martine-Vandeplanque-1-225x300.jpg\" alt=\"\" width=\"104\" height=\"139\"><\/td>\n<td style=\"width: 14.2857%; height: 10px;\">&nbsp;<\/td>\n<\/tr>\n<tr style=\"height: 44px;\">\n<td style=\"width: 14.2857%; height: 21px; text-align: center;\">&nbsp;<\/td>\n<td style=\"width: 14.2857%; text-align: center; height: 21px;\">G. Vanhove<\/td>\n<td style=\"width: 14.2857%; text-align: center; height: 21px;\">P. Bonnel<\/td>\n<td style=\"width: 14.2857%; text-align: center; height: 21px;\">F. Lerat<\/td>\n<td style=\"width: 14.2857%; text-align: center; height: 21px;\">B. Henne<\/td>\n<td style=\"width: 14.2857%; text-align: center; height: 21px;\">Martine Vandeplanque<\/td>\n<td style=\"width: 14.2857%; height: 21px; text-align: center;\">\n<p>&nbsp;<\/p>\n<\/td>\n<\/tr>\n<\/tbody>\n<\/table>\n\n\n\n<p class=\"has-medium-font-size\"><strong>Le bureau<\/strong><\/p>\n\n\n\n<div class=\"wp-block-columns is-layout-flex wp-container-core-columns-is-layout-9d6595d7 wp-block-columns-is-layout-flex\">\n<div class=\"wp-block-column is-layout-flow wp-block-column-is-layout-flow\" style=\"flex-basis:35%\">\n<p class=\"has-text-align-left\" style=\"padding-left: 40px;\"><strong>Vice-Pr\u00e9sident : <\/strong>Didier HUART<strong><br>Secr\u00e9taire<\/strong> : Pascal ALEKSANDROWICZ<br><strong>Secr\u00e9taire adjoint<\/strong> : <\/p>\n<\/div>\n\n\n\n<div class=\"wp-block-column is-layout-flow wp-block-column-is-layout-flow\">\n<p class=\"has-text-align-left\"><strong>Tr\u00e9sorier<\/strong> : Jean-Louis LEFEVRE<br><strong>Tr\u00e9sorier adjoint<\/strong> : Alain Bondu<br><strong>Tr\u00e9sorier adjoint<\/strong> en charge des adh\u00e9sions et relations avec les adh\u00e9rents : Jos\u00e9 Cambier<\/p>\n<\/div>\n<\/div>\n\n\n\n<p class=\"has-medium-font-size\"><strong>Les commissions<\/strong><\/p>\n\n\n\n<p style=\"padding-left: 40px;\"><strong>Commission finance : <\/strong>R\u00e9gis Courtecuisse, Alain Bondu, Jos\u00e9 Cambier, Jean-Louis Lef\u00e8vre.<br \/><strong>Commission bulletin<\/strong> : Didier Huart, Christophe L\u00e9curu, Jean-Louis Lef\u00e8vre, Bernard Henne.<br \/><strong>Responsables du bulletin semestriel : <\/strong>Didier Huart, Christophe L\u00e9curu<br \/><strong>Commission programme<\/strong> : Pascal Aleksandrowiczs, Didier Huart, Bernard Henne, G\u00e9rard M\u00e9lard, Alain Monier, Jos\u00e9 Cambier<br \/><strong>Commission exposition<\/strong> : Christophe L\u00e9curu, Gr\u00e9gory Vanhove<br \/><strong>Biblioth\u00e8que : <\/strong>Bernard Henne<\/p>\n\n\n\n<p class=\"has-medium-font-size\"><strong>Si\u00e8ge social<\/strong><br><\/p>\n\n\n\n<p> c\/o Conservatoire Botanique National<br>Hameau de Haendries<br>59270 &#8211; BAILLEUL<\/p>\n","protected":false},"excerpt":{"rendered":"<p>Pr\u00e9sident : R\u00e9gis COURTECUISSE Pr\u00e9sidents honoraires Conseil d&rsquo;Administration R.&nbsp;Courtecuisse D.&nbsp;Huart A. Bondu P. Aleksandrowicz J. Cambier J-L. Lef\u00e8vre &nbsp; &nbsp; &nbsp; G. Vanhove P. Bonnel&#8230;<\/p>\n","protected":false},"author":2,"featured_media":0,"parent":0,"menu_order":0,"comment_status":"closed","ping_status":"closed","template":"","meta":{"footnotes":""},"class_list":["post-26","page","type-page","status-publish","hentry"],"_links":{"self":[{"href":"https:\/\/www.smnf.fr\/index.php\/wp-json\/wp\/v2\/pages\/26","targetHints":{"allow":["GET"]}}],"collection":[{"href":"https:\/\/www.smnf.fr\/index.php\/wp-json\/wp\/v2\/pages"}],"about":[{"href":"https:\/\/www.smnf.fr\/index.php\/wp-json\/wp\/v2\/types\/page"}],"author":[{"embeddable":true,"href":"https:\/\/www.smnf.fr\/index.php\/wp-json\/wp\/v2\/users\/2"}],"replies":[{"embeddable":true,"href":"https:\/\/www.smnf.fr\/index.php\/wp-json\/wp\/v2\/comments?post=26"}],"version-history":[{"count":92,"href":"https:\/\/www.smnf.fr\/index.php\/wp-json\/wp\/v2\/pages\/26\/revisions"}],"predecessor-version":[{"id":5356,"href":"https:\/\/www.smnf.fr\/index.php\/wp-json\/wp\/v2\/pages\/26\/revisions\/5356"}],"wp:attachment":[{"href":"https:\/\/www.smnf.fr\/index.php\/wp-json\/wp\/v2\/media?parent=26"}],"curies":[{"name":"wp","href":"https:\/\/api.w.org\/{rel}","templated":true}]}}