{"id":30,"date":"2020-02-28T10:43:39","date_gmt":"2020-02-28T09:43:39","guid":{"rendered":"http:\/\/www.smnf.fr\/?page_id=30"},"modified":"2020-10-26T22:51:55","modified_gmt":"2020-10-26T21:51:55","slug":"nos-missions","status":"publish","type":"page","link":"https:\/\/www.smnf.fr\/index.php\/nos-missions\/","title":{"rendered":"Nos missions"},"content":{"rendered":"\n<div style=\"height:33px\" aria-hidden=\"true\" class=\"wp-block-spacer\"><\/div>\n\n\n\n<p style=\"padding-left: 80px;\">\u2022 La pr\u00e9vention des intoxications, en diffusant nos connaissances sur les champignons et leurs dangers aupr\u00e8s de la population, et en participant \u00e0 la formation des pharmaciens ;<span style=\"font-size: 8pt;\"><br><\/span>\u2022 La protection de la nature, en intervenant aupr\u00e8s du public et des professionnels sur les r\u00f4les de la fonge dans la nature, et en recensant les esp\u00e8ces rares et menac\u00e9es de la r\u00e9gion ; <span style=\"font-size: 8pt;\"><br><\/span>\u2022 Le projet d\u2019Atlas mycologique des Hauts de France, une base informatique interactive et participative, pour aider au recensement de la biodiversit\u00e9 r\u00e9gionale.<\/p>\n\n\n\n<div style=\"height:20px\" aria-hidden=\"true\" class=\"wp-block-spacer\"><\/div>\n\n\n\n<div class=\"wp-block-image\"><figure class=\"aligncenter size-large is-resized\"><img loading=\"lazy\" decoding=\"async\" src=\"https:\/\/www.smnf.fr\/wp-content\/uploads\/2020\/10\/Hygrocybe-calyptriformis-Beaumont-Hamel_MP-Vigneron-1024x256.jpg\" alt=\"\" class=\"wp-image-1415\" width=\"768\" height=\"192\" srcset=\"https:\/\/www.smnf.fr\/wp-content\/uploads\/2020\/10\/Hygrocybe-calyptriformis-Beaumont-Hamel_MP-Vigneron-1024x256.jpg 1024w, https:\/\/www.smnf.fr\/wp-content\/uploads\/2020\/10\/Hygrocybe-calyptriformis-Beaumont-Hamel_MP-Vigneron-300x75.jpg 300w, https:\/\/www.smnf.fr\/wp-content\/uploads\/2020\/10\/Hygrocybe-calyptriformis-Beaumont-Hamel_MP-Vigneron-768x192.jpg 768w, https:\/\/www.smnf.fr\/wp-content\/uploads\/2020\/10\/Hygrocybe-calyptriformis-Beaumont-Hamel_MP-Vigneron.jpg 1400w\" sizes=\"auto, (max-width: 768px) 100vw, 768px\" \/><figcaption><em>Hygrocybe calyptriformis<\/em> &#8211; Photo Marie-Paule Vigneron<\/figcaption><\/figure><\/div>\n\n\n\n<p><\/p>\n","protected":false},"excerpt":{"rendered":"<p>\u2022 La pr\u00e9vention des intoxications, en diffusant nos connaissances sur les champignons et leurs dangers aupr\u00e8s de la population, et en participant \u00e0 la formation&#8230;<\/p>\n","protected":false},"author":2,"featured_media":0,"parent":0,"menu_order":0,"comment_status":"closed","ping_status":"closed","template":"","meta":{"footnotes":""},"class_list":["post-30","page","type-page","status-publish","hentry"],"_links":{"self":[{"href":"https:\/\/www.smnf.fr\/index.php\/wp-json\/wp\/v2\/pages\/30","targetHints":{"allow":["GET"]}}],"collection":[{"href":"https:\/\/www.smnf.fr\/index.php\/wp-json\/wp\/v2\/pages"}],"about":[{"href":"https:\/\/www.smnf.fr\/index.php\/wp-json\/wp\/v2\/types\/page"}],"author":[{"embeddable":true,"href":"https:\/\/www.smnf.fr\/index.php\/wp-json\/wp\/v2\/users\/2"}],"replies":[{"embeddable":true,"href":"https:\/\/www.smnf.fr\/index.php\/wp-json\/wp\/v2\/comments?post=30"}],"version-history":[{"count":19,"href":"https:\/\/www.smnf.fr\/index.php\/wp-json\/wp\/v2\/pages\/30\/revisions"}],"predecessor-version":[{"id":1585,"href":"https:\/\/www.smnf.fr\/index.php\/wp-json\/wp\/v2\/pages\/30\/revisions\/1585"}],"wp:attachment":[{"href":"https:\/\/www.smnf.fr\/index.php\/wp-json\/wp\/v2\/media?parent=30"}],"curies":[{"name":"wp","href":"https:\/\/api.w.org\/{rel}","templated":true}]}}