{"id":3928,"date":"2023-02-15T14:54:15","date_gmt":"2023-02-15T13:54:15","guid":{"rendered":"https:\/\/www.smnf.fr\/?page_id=3928"},"modified":"2025-07-20T15:26:10","modified_gmt":"2025-07-20T13:26:10","slug":"programme-dactivites","status":"publish","type":"page","link":"https:\/\/www.smnf.fr\/index.php\/programme-dactivites\/","title":{"rendered":"Programme d&rsquo;activit\u00e9s"},"content":{"rendered":"\n\n\n<p style=\"text-align: center;\"><span style=\"font-size: 24px;\">Le programme du 2\u00e8me semestre est en pr\u00e9paration<\/span><\/p>\n<p style=\"text-align: center;\"><span style=\"font-size: 24px;\">Il sera tr\u00e8s bient\u00f4t disponible<\/span><\/p>\n\n\n\n\n\n<div style=\"height:100px\" aria-hidden=\"true\" class=\"wp-block-spacer\"><\/div>\n\n\n\n\n\n<p><img loading=\"lazy\" decoding=\"async\" class=\"aligncenter wp-image-2755 size-full\" src=\"https:\/\/www.smnf.fr\/wp-content\/uploads\/2021\/08\/Merlimont_2021_06a.jpg\" alt=\"\" width=\"1024\" height=\"682\" srcset=\"https:\/\/www.smnf.fr\/wp-content\/uploads\/2021\/08\/Merlimont_2021_06a.jpg 1024w, https:\/\/www.smnf.fr\/wp-content\/uploads\/2021\/08\/Merlimont_2021_06a-300x200.jpg 300w, https:\/\/www.smnf.fr\/wp-content\/uploads\/2021\/08\/Merlimont_2021_06a-768x512.jpg 768w\" sizes=\"auto, (max-width: 1024px) 100vw, 1024px\" \/><\/p>\n","protected":false},"excerpt":{"rendered":"<p>Le programme du 2\u00e8me semestre est en pr\u00e9paration Il sera tr\u00e8s bient\u00f4t disponible<\/p>\n","protected":false},"author":2,"featured_media":0,"parent":0,"menu_order":0,"comment_status":"closed","ping_status":"closed","template":"","meta":{"footnotes":""},"class_list":["post-3928","page","type-page","status-publish","hentry"],"_links":{"self":[{"href":"https:\/\/www.smnf.fr\/index.php\/wp-json\/wp\/v2\/pages\/3928","targetHints":{"allow":["GET"]}}],"collection":[{"href":"https:\/\/www.smnf.fr\/index.php\/wp-json\/wp\/v2\/pages"}],"about":[{"href":"https:\/\/www.smnf.fr\/index.php\/wp-json\/wp\/v2\/types\/page"}],"author":[{"embeddable":true,"href":"https:\/\/www.smnf.fr\/index.php\/wp-json\/wp\/v2\/users\/2"}],"replies":[{"embeddable":true,"href":"https:\/\/www.smnf.fr\/index.php\/wp-json\/wp\/v2\/comments?post=3928"}],"version-history":[{"count":5,"href":"https:\/\/www.smnf.fr\/index.php\/wp-json\/wp\/v2\/pages\/3928\/revisions"}],"predecessor-version":[{"id":5839,"href":"https:\/\/www.smnf.fr\/index.php\/wp-json\/wp\/v2\/pages\/3928\/revisions\/5839"}],"wp:attachment":[{"href":"https:\/\/www.smnf.fr\/index.php\/wp-json\/wp\/v2\/media?parent=3928"}],"curies":[{"name":"wp","href":"https:\/\/api.w.org\/{rel}","templated":true}]}}