{"id":4044,"date":"2023-04-04T17:36:23","date_gmt":"2023-04-04T15:36:23","guid":{"rendered":"https:\/\/www.smnf.fr\/?page_id=4044"},"modified":"2023-09-25T18:55:49","modified_gmt":"2023-09-25T16:55:49","slug":"recoltes-2023","status":"publish","type":"page","link":"https:\/\/www.smnf.fr\/index.php\/recoltes-2023\/","title":{"rendered":"Activit\u00e9s 2023"},"content":{"rendered":"\n<div style=\"height:44px\" aria-hidden=\"true\" class=\"wp-block-spacer\"><\/div>\n\n\n\n<div class=\"wp-block-columns is-layout-flex wp-container-core-columns-is-layout-9d6595d7 wp-block-columns-is-layout-flex\">\n<div class=\"wp-block-column is-layout-flow wp-block-column-is-layout-flow\" style=\"flex-basis:33.33%\">\n<div class=\"wp-block-buttons is-layout-flex wp-block-buttons-is-layout-flex\">\n<div class=\"wp-block-button is-style-outline is-style-outline--1\"><a class=\"wp-block-button__link has-black-color has-pale-cyan-blue-background-color has-text-color has-background no-border-radius wp-element-button\" href=\"https:\/\/hdf.fongifrance.fr\/especes-par-recolte\/\" target=\"_blank\" rel=\"noreferrer noopener\">Acc\u00e9der \u00e0 la liste des r\u00e9coltes enregistr\u00e9es dans l&rsquo;Atlas Mycologique des Hauts-de-France<\/a><\/div>\n<\/div>\n<\/div>\n\n\n\n<div class=\"wp-block-column is-layout-flow wp-block-column-is-layout-flow\" style=\"flex-basis:66.66%\">\n<p>Vous y trouverez toutes les r\u00e9coltes des sorties de la SMNF sur l\u2019Atlas Mycologique des Hauts-de-France. Celles r\u00e9alis\u00e9es en Belgique sont pr\u00e9sent\u00e9es sur cette page.<br>Les listes des esp\u00e8ces recens\u00e9es lors des sorties mycologiques sont import\u00e9es par les directeurs de sorties dans la base de donn\u00e9es r\u00e9gionale (aide possible aupr\u00e8s de <a href=\"mailto:jeanlouis.lefevre.smnf@gmail.com\">Jean-Louis Lef\u00e8vre<\/a>).<\/p>\n<\/div>\n<\/div>\n\n\n\n<p><span style=\"font-family: times new roman, times, serif; font-size: 20px; color: #800000;\"><strong>\u25ba<u>Samedi 1 avril 2023<\/u>: <\/strong><strong>Stage de travaux pratiques de microscopie.<br><\/strong><span style=\"color: #000000; font-family: helvetica, arial, sans-serif; font-size: 16px;\"><strong>1\u00e8re s\u00e9ance :<\/strong> Initiation : techniques de base en microscopie, utilisation des r\u00e9actifs et applications.<br><\/span><\/span><span style=\"font-family: times new roman, times, serif; font-size: 20px; color: #800000;\"><span style=\"color: #000000; font-family: helvetica, arial, sans-serif; font-size: 16px;\">Une bien belle journ\u00e9e qui a rassembl\u00e9 une vingtaine de mycologues amateurs passionn\u00e9s.<\/span><br><span style=\"font-family: helvetica, arial, sans-serif; font-size: 16px;\"><span style=\"color: #000000;\"><strong>Animateurs du TP<\/strong> : G\u00e9rard M\u00e9lard &amp; Christophe L\u00e9curu.<br><\/span><\/span><\/span><span style=\"font-family: helvetica, arial, sans-serif; font-size: 16px;\"><strong>Liste des participants&nbsp;<\/strong>: Aleksandrowicz Pascal, Cambier Jos\u00e9, Cortes Brigitte, Druart Daniel, Dumont Andr\u00e9, Duquenne Robert, Henne Bernard, Lecoeur Marie, L\u00e9curu Christophe, Lef\u00e8vre Jean-Louis, Masquelier Claude, M\u00e9lard G\u00e9rard, Monier Alain et Jacqueline, Sabet Nia Victor, Sacleux Johann et Brigitte,.Trawinski Florence, Tricket Jacky.<br><\/span><\/p>\n\n\n\n<div class=\"wp-block-columns is-layout-flex wp-container-core-columns-is-layout-9d6595d7 wp-block-columns-is-layout-flex\">\n<div class=\"wp-block-column is-layout-flow wp-block-column-is-layout-flow\"><div class=\"wp-block-image\">\n<figure class=\"aligncenter size-full\"><a href=\"https:\/\/www.smnf.fr\/wp-content\/uploads\/2023\/04\/Panorama-1b-TP-SMNF-01-04-23-br-1000.jpg\" target=\"_blank\" rel=\"noopener\"><img loading=\"lazy\" decoding=\"async\" width=\"800\" height=\"339\" src=\"https:\/\/www.smnf.fr\/wp-content\/uploads\/2023\/04\/Panorama-1b-TP-SMNF-01-04-23-br-1000.jpg\" alt=\"\" class=\"wp-image-4056\" srcset=\"https:\/\/www.smnf.fr\/wp-content\/uploads\/2023\/04\/Panorama-1b-TP-SMNF-01-04-23-br-1000.jpg 800w, https:\/\/www.smnf.fr\/wp-content\/uploads\/2023\/04\/Panorama-1b-TP-SMNF-01-04-23-br-1000-300x127.jpg 300w, https:\/\/www.smnf.fr\/wp-content\/uploads\/2023\/04\/Panorama-1b-TP-SMNF-01-04-23-br-1000-768x325.jpg 768w\" sizes=\"auto, (max-width: 800px) 100vw, 800px\" \/><\/a><figcaption class=\"wp-element-caption\">Vue g\u00e9n\u00e9rale des participants<\/figcaption><\/figure>\n<\/div><\/div>\n<\/div>\n\n\n\n<div class=\"wp-block-columns is-layout-flex wp-container-core-columns-is-layout-9d6595d7 wp-block-columns-is-layout-flex\">\n<div class=\"wp-block-column is-layout-flow wp-block-column-is-layout-flow\" style=\"flex-basis:90%\">\n<p><span style=\"font-size: 20px;\"><strong><span style=\"font-family: times new roman, times, serif;\"><span style=\"color: #800000;\">\u25ba<u>Samedi 22 avril 2023<\/u> :&nbsp;<\/span><span style=\"color: #800000;\"> Le matin au Caillou qui Bique \u00e0 Roisin (Belgique).<\/span><\/span><\/strong><\/span><\/p>\n<p style=\"padding-left: 80px; text-align: justify;\"><span style=\"font-family: helvetica, arial, sans-serif; font-size: 16px;\"><strong>Guides :<\/strong>Pascal Aleksandrowicz<strong>,<\/strong> Daniel Druart<strong>, <\/strong>Adamczak Christophe<strong><br>Liste des participants<\/strong> : Christophe Adamczak, Pascal.aleksandrowicz, Thierry Delabelle, Daniel Druart, Andr\u00e9 Dumont, Robert Duquesne, Bernard Henne, Jean-Louis Lef\u00e8vre, Jaqueline Lefrancq, Alain Monier, Petoux Daniel &amp; Bernadette, Claude Vis\u00e9.<\/span><\/p>\n<figure id=\"attachment_4071\" aria-describedby=\"caption-attachment-4071\" style=\"width: 500px\" class=\"wp-caption aligncenter\"><img loading=\"lazy\" decoding=\"async\" class=\"wp-image-4071\" src=\"https:\/\/www.smnf.fr\/wp-content\/uploads\/2023\/04\/P4220011a.jpg\" alt=\"\" width=\"500\" height=\"375\" srcset=\"https:\/\/www.smnf.fr\/wp-content\/uploads\/2023\/04\/P4220011a.jpg 800w, https:\/\/www.smnf.fr\/wp-content\/uploads\/2023\/04\/P4220011a-300x225.jpg 300w, https:\/\/www.smnf.fr\/wp-content\/uploads\/2023\/04\/P4220011a-768x576.jpg 768w, https:\/\/www.smnf.fr\/wp-content\/uploads\/2023\/04\/P4220011a-480x360.jpg 480w\" sizes=\"auto, (max-width: 500px) 100vw, 500px\" \/><figcaption id=\"caption-attachment-4071\" class=\"wp-caption-text\"><span style=\"font-family: helvetica, arial, sans-serif; font-size: 16px;\">Pose d\u00e9jeuner, rien n\u2019arr\u00eate un amateur de champignons ! <\/span><\/figcaption><\/figure>\n<p style=\"padding-left: 80px; text-align: justify;\"><span style=\"font-family: helvetica, arial, sans-serif; font-size: 16px;\"><strong>Esp\u00e8ces r\u00e9colt\u00e9es<\/strong> :<br><em>Agrocybe praecox, Bjerkandera adusta, Byssomerulius corium, Calocybe gambosa, Clitocybe fragrans, Coprinellus disseminatus, Coprinellus micaceus, Coprinopsis atramentarius, Coprinopsis romagnesianus, Daedaleopsis tricolor, Daldinia concentrica, Dasyscyphella nivea, Disciotis venosa, Fomes fomentarius, Fomitopsis betulina, Fomitopsis pinicola, Hymenochaete rubiginosa, Hypholoma fasciculare, Hypoxylon fuscum, Lasiobelonium nidulus, Leptosphareria acuta, Lycogala epidendron, Melogramma campylosporum, Mucilago crustacea, Parasola auricomus, Picipes badius, Pluteus cervinus, Ramularia rubella, Sarcoscypha austriaca, Schizopora paradoxa, Stereum hirsutum, Xylaria hypoxylon.<\/em><\/span><\/p>\n<p style=\"padding-left: 40px; text-align: justify;\"><span style=\"color: #800000;\"><strong>En raison des conditions m\u00e9t\u00e9o la sortie de l&rsquo;apr\u00e8s-midi au Bois d&rsquo;Encade \u00e0 Gussignies a \u00e9t\u00e9 annul\u00e9e.<\/strong><\/span><\/p>\n<\/div>\n\n\n\n<div class=\"wp-block-column is-layout-flow wp-block-column-is-layout-flow\" style=\"flex-basis:10%\">\n<div class=\"wp-block-buttons is-layout-flex wp-block-buttons-is-layout-flex\"><\/div>\n\n\n\n<div style=\"height:200px\" aria-hidden=\"true\" class=\"wp-block-spacer\"><\/div>\n\n\n\n<div style=\"height:74px\" aria-hidden=\"true\" class=\"wp-block-spacer\"><\/div>\n\n\n\n\n\n<div style=\"height:64px\" aria-hidden=\"true\" class=\"wp-block-spacer\"><\/div>\n<\/div>\n<\/div>\n\n\n\n<div class=\"wp-block-columns is-layout-flex wp-container-core-columns-is-layout-9d6595d7 wp-block-columns-is-layout-flex\">\n<div class=\"wp-block-column is-layout-flow wp-block-column-is-layout-flow\" style=\"flex-basis:66.66%\">\n<p><span style=\"font-family: times new roman, times, serif; font-size: 20px; color: #800000;\"><strong>\u25ba<u>Samedi 29 avril 2023<\/u> : Lac de Cantin (59).<\/strong><\/span><br><span style=\"font-family: helvetica, arial, sans-serif; font-size: 16px;\"><strong>Sortie en partenariat avec la Communaut\u00e9 d\u2019Agglom\u00e9ration du Douaisis et le CEN HdF.<\/strong><\/span><br><span style=\"font-family: helvetica, arial, sans-serif; font-size: 16px;\">Sortie commune avec le Pleurote Sinois.<\/span><br><span style=\"font-family: helvetica, arial, sans-serif; font-size: 16px;\"><strong>Guides :<\/strong> Bernard Henne, Christophe L\u00e9curu.<br><\/span><span style=\"font-family: helvetica, arial, sans-serif; font-size: 16px;\"><strong>Liste des participants<\/strong> :.<\/span><\/p>\n<\/div>\n\n\n\n<div class=\"wp-block-column is-layout-flow wp-block-column-is-layout-flow\" style=\"flex-basis:33.33%\">\n<div style=\"height:64px\" aria-hidden=\"true\" class=\"wp-block-spacer\"><\/div>\n<\/div>\n<\/div>\n\n\n\n<p><span style=\"font-family: times new roman, times, serif; font-size: 20px; color: #800000;\"><strong>\u25ba<u>Dimanche 7 mai 2023<\/u> : <\/strong><\/span><strong><span style=\"font-family: times new roman, times, serif; font-size: 20px; color: #800000;\">Merlimont (62), R\u00e9serve biologique domaniale.<\/span><br><\/strong><span style=\"font-family: helvetica, arial, sans-serif; font-size: 16px;\">Sortie en partenariat avec l&rsquo;office national des for\u00eats.<\/span><strong><br><span style=\"font-family: helvetica, arial, sans-serif; font-size: 16px;\">Guides : <\/span><\/strong><span style=\"font-family: helvetica, arial, sans-serif; font-size: 16px;\">Jos\u00e9 Cambier, Didier Huart, Johann Sacleux, Jean-Louis Lef\u00e8vre<\/span><strong><br><span style=\"font-family: helvetica, arial, sans-serif; font-size: 16px;\">Liste des participants : <\/span><\/strong><span style=\"font-family: helvetica, arial, sans-serif; font-size: 16px;\">.<\/span><strong><br><\/strong><\/p>\n<p style=\"padding-left: 320px;\"><strong><span style=\"font-family: helvetica, arial, sans-serif; font-size: 16px;\">&nbsp;<\/span><\/strong><\/p>\n\n\n\n<div class=\"wp-block-columns is-layout-flex wp-container-core-columns-is-layout-9d6595d7 wp-block-columns-is-layout-flex\">\n<div class=\"wp-block-column is-layout-flow wp-block-column-is-layout-flow\" style=\"flex-basis:66.66%\">\n<div class=\"wp-block-columns\">\n<div class=\"wp-block-column\">\n<p><strong><span style=\"font-size: 20px; color: #800000;\"><span style=\"font-family: times new roman, times, serif;\">\u25ba<u>Samedi 26 ao\u00fbt 2023<\/u> : <\/span><\/span><\/strong><span style=\"font-family: times new roman, times, serif; font-size: 20px; color: #800000;\"><strong>Marchiennes (59) : For\u00eat Domaniale de Marchiennes.<\/strong><\/span><br><span style=\"font-family: helvetica, arial, sans-serif; font-size: 16px;\"><strong>Guides :<\/strong> Christophe Adamczak, Pascal Aleksandrowicz, Bernard Henne, Christophe L\u00e9curu.<br><strong>Liste des participants<\/strong> :<br><\/span><\/p>\n<\/div>\n<\/div>\n\n\n\n<p><strong><span style=\"font-family: times new roman, times, serif; font-size: 14pt;\"><span style=\"color: #800000;\">&nbsp;<\/span><\/span><\/strong><\/p>\n<\/div>\n<\/div>\n\n\n\n<p><strong><span style=\"font-family: times new roman, times, serif; font-size: 20px; color: #800000;\">\u25ba<u>Samedi 26 ao\u00fbt 2023<\/u> : Condette (62) : For\u00eat d\u2019Hardelot.<\/span><br><span style=\"font-family: helvetica, arial, sans-serif; font-size: 16px;\">Guides : <\/span><\/strong><span style=\"font-family: helvetica, arial, sans-serif; font-size: 16px;\">Jos\u00e9 Cambier, Didier Huart, Johann Sacleux.<\/span><br><span style=\"font-family: helvetica, arial, sans-serif; font-size: 16px;\"><strong>Liste des participants<\/strong> : de gauche \u00e0 droite sur la photo, Jos\u00e9 Cambier, St\u00e9phanie et Dominique Dusart, Pascal Bonnel, St\u00e9phane Duriez, Didier Huart, R\u00e9gis Courtecuisse, Simon Becuwe, Didier Lefebvre, Yves Becuwe.<\/span><\/p>\n<figure id=\"attachment_4205\" aria-describedby=\"caption-attachment-4205\" style=\"width: 600px\" class=\"wp-caption aligncenter\"><a href=\"https:\/\/www.smnf.fr\/wp-content\/uploads\/2023\/09\/20230826_101542-1024b.jpg\"><img loading=\"lazy\" decoding=\"async\" class=\"wp-image-4205\" src=\"https:\/\/www.smnf.fr\/wp-content\/uploads\/2023\/09\/20230826_101542-1024b-300x168.jpg\" alt=\"\" width=\"600\" height=\"337\" srcset=\"https:\/\/www.smnf.fr\/wp-content\/uploads\/2023\/09\/20230826_101542-1024b-300x168.jpg 300w, https:\/\/www.smnf.fr\/wp-content\/uploads\/2023\/09\/20230826_101542-1024b-768x431.jpg 768w, https:\/\/www.smnf.fr\/wp-content\/uploads\/2023\/09\/20230826_101542-1024b.jpg 1024w\" sizes=\"auto, (max-width: 600px) 100vw, 600px\" \/><\/a><figcaption id=\"caption-attachment-4205\" class=\"wp-caption-text\">Les participants<\/figcaption><\/figure>\n\n\n\n\n\n<div class=\"wp-block-columns is-layout-flex wp-container-core-columns-is-layout-9d6595d7 wp-block-columns-is-layout-flex\">\n<div class=\"wp-block-column is-layout-flow wp-block-column-is-layout-flow\">\n<figure class=\"wp-block-image size-medium\"><a href=\"https:\/\/www.smnf.fr\/wp-content\/uploads\/2023\/09\/Hardelot-6.jpg\"><img loading=\"lazy\" decoding=\"async\" width=\"300\" height=\"225\" src=\"https:\/\/www.smnf.fr\/wp-content\/uploads\/2023\/09\/Hardelot-6-300x225.jpg\" alt=\"\" class=\"wp-image-4218\" srcset=\"https:\/\/www.smnf.fr\/wp-content\/uploads\/2023\/09\/Hardelot-6-300x225.jpg 300w, https:\/\/www.smnf.fr\/wp-content\/uploads\/2023\/09\/Hardelot-6-480x360.jpg 480w, https:\/\/www.smnf.fr\/wp-content\/uploads\/2023\/09\/Hardelot-6.jpg 620w\" sizes=\"auto, (max-width: 300px) 100vw, 300px\" \/><\/a><figcaption class=\"wp-element-caption\">Attentifs aux explications<\/figcaption><\/figure>\n<\/div>\n\n\n\n<div class=\"wp-block-column is-layout-flow wp-block-column-is-layout-flow\"><div class=\"wp-block-image\">\n<figure class=\"aligncenter size-full is-resized\"><a href=\"https:\/\/www.smnf.fr\/wp-content\/uploads\/2023\/09\/Hardelot-le-repas.jpg\"><img loading=\"lazy\" decoding=\"async\" src=\"https:\/\/www.smnf.fr\/wp-content\/uploads\/2023\/09\/Hardelot-le-repas.jpg\" alt=\"\" class=\"wp-image-4224\" style=\"width:275px;height:225px\" width=\"275\" height=\"225\" srcset=\"https:\/\/www.smnf.fr\/wp-content\/uploads\/2023\/09\/Hardelot-le-repas.jpg 800w, https:\/\/www.smnf.fr\/wp-content\/uploads\/2023\/09\/Hardelot-le-repas-300x246.jpg 300w, https:\/\/www.smnf.fr\/wp-content\/uploads\/2023\/09\/Hardelot-le-repas-768x629.jpg 768w\" sizes=\"auto, (max-width: 275px) 100vw, 275px\" \/><\/a><figcaption class=\"wp-element-caption\">Pose d\u00e9jeuner<\/figcaption><\/figure>\n<\/div><\/div>\n\n\n\n<div class=\"wp-block-column is-layout-flow wp-block-column-is-layout-flow\">\n<figure class=\"wp-block-image size-full is-resized\"><a href=\"https:\/\/www.smnf.fr\/wp-content\/uploads\/2023\/09\/Psathyrella-laevissima-.jpg\"><img decoding=\"async\" src=\"https:\/\/www.smnf.fr\/wp-content\/uploads\/2023\/09\/Psathyrella-laevissima-.jpg\" alt=\"\" class=\"wp-image-4219\" style=\"height:225px\" height=\"225\" srcset=\"https:\/\/www.smnf.fr\/wp-content\/uploads\/2023\/09\/Psathyrella-laevissima-.jpg 650w, https:\/\/www.smnf.fr\/wp-content\/uploads\/2023\/09\/Psathyrella-laevissima--300x203.jpg 300w\" sizes=\"(max-width: 650px) 100vw, 650px\" \/><\/a><figcaption class=\"wp-element-caption\"><em>Psathyrella laevissima<\/em><\/figcaption><\/figure>\n<\/div>\n<\/div>\n\n\n\n<div style=\"height:34px\" aria-hidden=\"true\" class=\"wp-block-spacer\"><\/div>\n\n\n\n<div class=\"wp-block-columns is-layout-flex wp-container-core-columns-is-layout-9d6595d7 wp-block-columns-is-layout-flex\">\n<div class=\"wp-block-column is-layout-flow wp-block-column-is-layout-flow\" style=\"flex-basis:100%\">\n<p><strong><span style=\"font-family: times new roman, times, serif; font-size: 20px; color: #800000;\">\u25ba<u>Samedi 10 septembre 2023<\/u> : Boulogne-sur-mer (62) : For\u00eat domaniale.<\/span><br><span style=\"font-family: helvetica, arial, sans-serif; font-size: 16px;\">Guides : <\/span><\/strong><span style=\"font-family: helvetica, arial, sans-serif; font-size: 16px;\">Didier Huart, Johann Sacleux.<\/span><br><span style=\"font-family: helvetica, arial, sans-serif; font-size: 16px;\"><strong>Liste des participants<\/strong> : Anne-Marie et Andr\u00e9 Devigne, Pascal Bonnel, R\u00e9gis Courtecuisse, St\u00e9phane Duriez, Yves Becuwe, sa femme et son petit-fils Simon, Christophe Harl\u00e9 <br><\/span><\/p>\n\n\n<div class=\"wp-block-image\">\n<figure class=\"aligncenter size-full is-resized\"><a href=\"https:\/\/www.smnf.fr\/wp-content\/uploads\/2023\/09\/Boulogne-Participants.jpg\"><img loading=\"lazy\" decoding=\"async\" src=\"https:\/\/www.smnf.fr\/wp-content\/uploads\/2023\/09\/Boulogne-Participants.jpg\" alt=\"\" class=\"wp-image-4237\" style=\"width:500px;height:354px\" width=\"500\" height=\"354\" srcset=\"https:\/\/www.smnf.fr\/wp-content\/uploads\/2023\/09\/Boulogne-Participants.jpg 800w, https:\/\/www.smnf.fr\/wp-content\/uploads\/2023\/09\/Boulogne-Participants-300x212.jpg 300w, https:\/\/www.smnf.fr\/wp-content\/uploads\/2023\/09\/Boulogne-Participants-768x543.jpg 768w\" sizes=\"auto, (max-width: 500px) 100vw, 500px\" \/><\/a><figcaption class=\"wp-element-caption\">Les participants<\/figcaption><\/figure>\n<\/div>\n\n\n<div style=\"height:24px\" aria-hidden=\"true\" class=\"wp-block-spacer\"><\/div>\n\n\n\n<div class=\"wp-block-columns is-layout-flex wp-container-core-columns-is-layout-9d6595d7 wp-block-columns-is-layout-flex\">\n<div class=\"wp-block-column is-layout-flow wp-block-column-is-layout-flow\" style=\"flex-basis:45%\"><div class=\"wp-block-image\">\n<figure class=\"alignright size-full is-resized\"><img decoding=\"async\" src=\"https:\/\/www.smnf.fr\/wp-content\/uploads\/2023\/09\/Boulogne-Explications-1.jpg\" alt=\"\" class=\"wp-image-4236\" style=\"height:400px\" height=\"400\" srcset=\"https:\/\/www.smnf.fr\/wp-content\/uploads\/2023\/09\/Boulogne-Explications-1.jpg 576w, https:\/\/www.smnf.fr\/wp-content\/uploads\/2023\/09\/Boulogne-Explications-1-225x300.jpg 225w\" sizes=\"(max-width: 576px) 100vw, 576px\" \/><figcaption class=\"wp-element-caption\">Les explications de R\u00e9gis Courtecuisse<\/figcaption><\/figure>\n<\/div><\/div>\n\n\n\n<div class=\"wp-block-column is-layout-flow wp-block-column-is-layout-flow\" style=\"flex-basis:5%\"><\/div>\n\n\n\n<div class=\"wp-block-column is-vertically-aligned-center is-layout-flow wp-block-column-is-layout-flow\" style=\"flex-basis:45%\"><div class=\"wp-block-image\">\n<figure class=\"alignleft size-full is-resized\"><img decoding=\"async\" src=\"https:\/\/www.smnf.fr\/wp-content\/uploads\/2023\/09\/8-Boulogne-10-09-2023-Camarophyllopsis.jpg\" alt=\"\" class=\"wp-image-4248\" style=\"height:250px\" height=\"250\" srcset=\"https:\/\/www.smnf.fr\/wp-content\/uploads\/2023\/09\/8-Boulogne-10-09-2023-Camarophyllopsis.jpg 650w, https:\/\/www.smnf.fr\/wp-content\/uploads\/2023\/09\/8-Boulogne-10-09-2023-Camarophyllopsis-300x242.jpg 300w\" sizes=\"(max-width: 650px) 100vw, 650px\" \/><figcaption class=\"wp-element-caption\"><strong><em>Camarophyllopsis deceptiva<\/em> <\/strong>&#8211; Une belle d\u00e9couverte faite par Christophe Harl\u00e9 et d\u00e9termin\u00e9 par Didier Huart.<\/figcaption><\/figure>\n<\/div><\/div>\n<\/div>\n<\/div>\n<\/div>\n\n\n\n<div style=\"height:27px\" aria-hidden=\"true\" class=\"wp-block-spacer\"><\/div>\n\n\n\n<p><strong><span style=\"font-family: times new roman, times, serif; font-size: 20px; color: #800000;\">\u25ba<u>Dimanche 17 septembre 2023<\/u> : Desvres (62) : For\u00eat domaniale.<\/span><br><span style=\"font-family: helvetica, arial, sans-serif; font-size: 16px;\">Guides : <\/span><\/strong><span style=\"font-family: helvetica, arial, sans-serif; font-size: 16px;\">Jos\u00e9 Cambier, Didier Huart, Johann Sacleux.<\/span><br><span style=\"font-family: helvetica, arial, sans-serif; font-size: 16px;\"><strong>Liste des participants<\/strong> : Yves B\u00e9cuve, Anita Wiwwiame, Pascal Bonnel, St\u00e9phane Duriez, Andr\u00e9 Devigne, Romain Feuillatre, Pierre et Nathalie Chavalle, Christ<\/span><span style=\"font-family: helvetica, arial, sans-serif; font-size: 16px;\">ophe et Am\u00e9lie Harl\u00e9 et son fils, Anne Marie Devigne. <\/span><\/p>\n<figure id=\"attachment_4262\" aria-describedby=\"caption-attachment-4262\" style=\"width: 500px\" class=\"wp-caption aligncenter\"><a href=\"https:\/\/www.smnf.fr\/wp-content\/uploads\/2023\/09\/Desvres-participants.jpg\"><img loading=\"lazy\" decoding=\"async\" class=\"wp-image-4262\" src=\"https:\/\/www.smnf.fr\/wp-content\/uploads\/2023\/09\/Desvres-participants-300x169.jpg\" alt=\"\" width=\"500\" height=\"281\" srcset=\"https:\/\/www.smnf.fr\/wp-content\/uploads\/2023\/09\/Desvres-participants-300x169.jpg 300w, https:\/\/www.smnf.fr\/wp-content\/uploads\/2023\/09\/Desvres-participants-768x432.jpg 768w, https:\/\/www.smnf.fr\/wp-content\/uploads\/2023\/09\/Desvres-participants.jpg 1024w\" sizes=\"auto, (max-width: 500px) 100vw, 500px\" \/><\/a><figcaption id=\"caption-attachment-4262\" class=\"wp-caption-text\">Les participants<\/figcaption><\/figure>\n\n\n\n\n\n<div class=\"wp-block-columns is-layout-flex wp-container-core-columns-is-layout-9d6595d7 wp-block-columns-is-layout-flex\">\n<div class=\"wp-block-column is-layout-flow wp-block-column-is-layout-flow\" style=\"flex-basis:10%\"><\/div>\n\n\n\n<div class=\"wp-block-column is-layout-flow wp-block-column-is-layout-flow\" style=\"flex-basis:80%\">\n<p><span style=\"font-family: helvetica, arial, sans-serif; font-size: 16px;\">Plus de 100 esp\u00e8ces r\u00e9colt\u00e9es en ce dimanche 17 septembre. Vous pouvez les retrouv\u00e9es en consultant l&rsquo;Atlas Mycologique des Hauts-de-France : <a href=\"https:\/\/hdf.fongifrance.fr\/especes-par-recolte\/\" target=\"_blank\" rel=\"noopener\"><span style=\"color: #0000ff;\"><em>https:\/\/hdf.fongifrance.fr\/especes-par-recolte\/<\/em><\/span><\/a><\/span><\/p>\n<p style=\"padding-left: 200px;\"><span style=\"font-family: comic sans ms, sans-serif; font-size: 20px;\">Quelques esp\u00e8ces en photos<\/span><\/p>\n<\/div>\n\n\n\n<div class=\"wp-block-column is-layout-flow wp-block-column-is-layout-flow\" style=\"flex-basis:10%\"><\/div>\n<\/div>\n\n\n\n<div class=\"wp-block-columns is-layout-flex wp-container-core-columns-is-layout-9d6595d7 wp-block-columns-is-layout-flex\">\n<div class=\"wp-block-column is-layout-flow wp-block-column-is-layout-flow\">\n<div style=\"height:30px\" aria-hidden=\"true\" class=\"wp-block-spacer\"><\/div>\n\n\n<div class=\"wp-block-image\">\n<figure class=\"aligncenter size-medium\"><a href=\"https:\/\/www.smnf.fr\/wp-content\/uploads\/2023\/09\/lepiota-magnispora-1-1.jpg\"><img loading=\"lazy\" decoding=\"async\" width=\"214\" height=\"300\" src=\"https:\/\/www.smnf.fr\/wp-content\/uploads\/2023\/09\/lepiota-magnispora-1-1-214x300.jpg\" alt=\"\" class=\"wp-image-4274\" style=\"object-fit:cover\" srcset=\"https:\/\/www.smnf.fr\/wp-content\/uploads\/2023\/09\/lepiota-magnispora-1-1-214x300.jpg 214w, https:\/\/www.smnf.fr\/wp-content\/uploads\/2023\/09\/lepiota-magnispora-1-1.jpg 464w\" sizes=\"auto, (max-width: 214px) 100vw, 214px\" \/><\/a><figcaption class=\"wp-element-caption\"><em>Lepiota magnispora<\/em> : la L\u00e9piote \u00e0 flocons jaunes<\/figcaption><\/figure>\n<\/div><\/div>\n\n\n\n<div class=\"wp-block-column is-layout-flow wp-block-column-is-layout-flow\">\n<figure class=\"wp-block-image size-medium\"><a href=\"https:\/\/www.smnf.fr\/wp-content\/uploads\/2023\/09\/Tricholoma-columbetta-montage.jpg\"><img loading=\"lazy\" decoding=\"async\" width=\"300\" height=\"154\" src=\"https:\/\/www.smnf.fr\/wp-content\/uploads\/2023\/09\/Tricholoma-columbetta-montage-300x154.jpg\" alt=\"\" class=\"wp-image-4266\" srcset=\"https:\/\/www.smnf.fr\/wp-content\/uploads\/2023\/09\/Tricholoma-columbetta-montage-300x154.jpg 300w, https:\/\/www.smnf.fr\/wp-content\/uploads\/2023\/09\/Tricholoma-columbetta-montage-1024x525.jpg 1024w, https:\/\/www.smnf.fr\/wp-content\/uploads\/2023\/09\/Tricholoma-columbetta-montage-768x394.jpg 768w, https:\/\/www.smnf.fr\/wp-content\/uploads\/2023\/09\/Tricholoma-columbetta-montage.jpg 1164w\" sizes=\"auto, (max-width: 300px) 100vw, 300px\" \/><\/a><figcaption class=\"wp-element-caption\"><em>Tricholoma columbetta<\/em> : le Tricholome colombette<\/figcaption><\/figure>\n\n\n\n<figure class=\"wp-block-image size-medium\"><a href=\"https:\/\/www.smnf.fr\/wp-content\/uploads\/2023\/09\/Lactarius-uvidus-composition-1.jpg\"><img loading=\"lazy\" decoding=\"async\" width=\"300\" height=\"206\" src=\"https:\/\/www.smnf.fr\/wp-content\/uploads\/2023\/09\/Lactarius-uvidus-composition-1-300x206.jpg\" alt=\"\" class=\"wp-image-4270\" srcset=\"https:\/\/www.smnf.fr\/wp-content\/uploads\/2023\/09\/Lactarius-uvidus-composition-1-300x206.jpg 300w, https:\/\/www.smnf.fr\/wp-content\/uploads\/2023\/09\/Lactarius-uvidus-composition-1-768x526.jpg 768w, https:\/\/www.smnf.fr\/wp-content\/uploads\/2023\/09\/Lactarius-uvidus-composition-1.jpg 886w\" sizes=\"auto, (max-width: 300px) 100vw, 300px\" \/><\/a><figcaption class=\"wp-element-caption\"><em>Lactarius uvidus<\/em> : le Lactaire humide<\/figcaption><\/figure>\n<\/div>\n<\/div>\n\n\n\n<p><\/p>\n","protected":false},"excerpt":{"rendered":"<p>Vous y trouverez toutes les r\u00e9coltes des sorties de la SMNF sur l\u2019Atlas Mycologique des Hauts-de-France. Celles r\u00e9alis\u00e9es en Belgique sont pr\u00e9sent\u00e9es sur cette page.Les&#8230;<\/p>\n","protected":false},"author":2,"featured_media":0,"parent":0,"menu_order":0,"comment_status":"closed","ping_status":"closed","template":"","meta":{"footnotes":""},"class_list":["post-4044","page","type-page","status-publish","hentry"],"_links":{"self":[{"href":"https:\/\/www.smnf.fr\/index.php\/wp-json\/wp\/v2\/pages\/4044","targetHints":{"allow":["GET"]}}],"collection":[{"href":"https:\/\/www.smnf.fr\/index.php\/wp-json\/wp\/v2\/pages"}],"about":[{"href":"https:\/\/www.smnf.fr\/index.php\/wp-json\/wp\/v2\/types\/page"}],"author":[{"embeddable":true,"href":"https:\/\/www.smnf.fr\/index.php\/wp-json\/wp\/v2\/users\/2"}],"replies":[{"embeddable":true,"href":"https:\/\/www.smnf.fr\/index.php\/wp-json\/wp\/v2\/comments?post=4044"}],"version-history":[{"count":75,"href":"https:\/\/www.smnf.fr\/index.php\/wp-json\/wp\/v2\/pages\/4044\/revisions"}],"predecessor-version":[{"id":4303,"href":"https:\/\/www.smnf.fr\/index.php\/wp-json\/wp\/v2\/pages\/4044\/revisions\/4303"}],"wp:attachment":[{"href":"https:\/\/www.smnf.fr\/index.php\/wp-json\/wp\/v2\/media?parent=4044"}],"curies":[{"name":"wp","href":"https:\/\/api.w.org\/{rel}","templated":true}]}}