{"id":492,"date":"2020-03-18T17:42:29","date_gmt":"2020-03-18T16:42:29","guid":{"rendered":"http:\/\/www.smnf.fr\/?page_id=492"},"modified":"2023-12-16T12:43:22","modified_gmt":"2023-12-16T11:43:22","slug":"a-rechercher","status":"publish","type":"page","link":"https:\/\/www.smnf.fr\/index.php\/a-rechercher\/","title":{"rendered":"A rechercher"},"content":{"rendered":"\n<div style=\"height:20px\" aria-hidden=\"true\" class=\"wp-block-spacer\"><\/div>\n\n\n\n<p style=\"text-align: center;\"><em><span style=\"font-size: 24pt;\"><strong>Amanita caesarea<\/strong><\/span><\/em> <span class=\"rnormal\" style=\"color: #000000; font-size: 14pt;\"><small><b><span style=\"font-size: 18pt;\">(<a style=\"color: #000000;\" title=\"Giovanni Antonio Scopoli\" href=\"https:\/\/fr.wikipedia.org\/wiki\/Giovanni_Antonio_Scopoli\">Scop.<\/a>&nbsp;: <a style=\"color: #000000;\" title=\"Elias Magnus Fries\" href=\"https:\/\/fr.wikipedia.org\/wiki\/Elias_Magnus_Fries\">Fr.<\/a>) <a style=\"color: #000000;\" title=\"Christiaan Hendrik Persoon\" href=\"https:\/\/fr.wikipedia.org\/wiki\/Christiaan_Hendrik_Persoon\">Pers.<\/a><\/span><br><span style=\"font-size: 18pt;\">Amanite des C\u00e9sars <\/span><\/b><span style=\"font-size: 18pt;\">ou<b> Oronge<\/b><\/span><\/small><\/span><\/p>\n\n\n\n<p><span style=\"font-size: 14pt;\"><em>Amanita caesarea<\/em> est une esp\u00e8ce thermophile. Elle est courante dans les r\u00e9gions m\u00e9diterran\u00e9ennes mais, dans les ann\u00e9es chaudes l&rsquo;on peut la retrouver jusqu&rsquo;au bassin Parisien et r\u00e9cemment dans l&rsquo;est de la France. Elle a aussi \u00e9t\u00e9 signal\u00e9e en Angleterre mais surtout en Belgique dans la r\u00e9gion de Fagne-Famenne qui se prolonge tout naturellement dans l&rsquo;Avesnois.<\/span><\/p>\n\n\n\n<p style=\"text-align: center;\"><span style=\"font-size: 14pt;\"><strong>Pourquoi ne serait-elle pas pr\u00e9sente en Nord Pas-de-Calais ?<br \/><\/strong><\/span><\/p>\n\n\n\n<div style=\"height:20px\" aria-hidden=\"true\" class=\"wp-block-spacer\"><\/div>\n\n\n\n<div class=\"wp-block-columns is-layout-flex wp-container-core-columns-is-layout-9d6595d7 wp-block-columns-is-layout-flex\">\n<div class=\"wp-block-column is-layout-flow wp-block-column-is-layout-flow\">\n<p><strong>O\u00f9 la rechercher<\/strong> : dans les bois de feuillus, les taillis et les clairi\u00e8res en terrain sec et siliceux bien expos\u00e9s, souvent associ\u00e9 aux ch\u00eanes et ch\u00e2taigniers.<br \/><strong>Ses caract\u00e9ristiques :<\/strong> <br \/><strong>&#8211; chapeau<\/strong> de 8 \u00e0 15 (20) cm, rouge orang\u00e9 vif, charnu, marge stri\u00e9e avec parfois quelques fragments de voile (reste de volve)<br \/><strong>&#8211; les lames<\/strong> sont asses serr\u00e9es, \u00e9paisses et libres d&rsquo;une couleur jaune sulfurin caract\u00e9ristique.<br \/><strong>&#8211; le pied<\/strong> est robuste, facilement d\u00e9tachable du chapeau. Il est jaune comme les lames avec un anneau membraneux ample, pendant et de m\u00eame couleur que le pied et les lames. <br \/><strong>&#8211; La base<\/strong> du pied est envelopp\u00e9e d&rsquo;une volve blanc gris\u00e2tre en forme de sac ample et \u00e9cart\u00e9 du pied<br \/><strong>&#8211; la chair<\/strong> est p\u00e2le, plus jaune en surface.<\/p>\n<\/div>\n\n\n\n<div class=\"wp-block-column is-layout-flow wp-block-column-is-layout-flow\"><div class=\"wp-block-image\">\n<figure class=\"aligncenter size-large\"><img loading=\"lazy\" decoding=\"async\" width=\"792\" height=\"595\" src=\"https:\/\/www.smnf.fr\/wp-content\/uploads\/2020\/11\/Amanita-caesarea.jpg\" alt=\"\" class=\"wp-image-1587\" srcset=\"https:\/\/www.smnf.fr\/wp-content\/uploads\/2020\/11\/Amanita-caesarea.jpg 792w, https:\/\/www.smnf.fr\/wp-content\/uploads\/2020\/11\/Amanita-caesarea-300x225.jpg 300w, https:\/\/www.smnf.fr\/wp-content\/uploads\/2020\/11\/Amanita-caesarea-768x577.jpg 768w, https:\/\/www.smnf.fr\/wp-content\/uploads\/2020\/11\/Amanita-caesarea-480x360.jpg 480w\" sizes=\"auto, (max-width: 792px) 100vw, 792px\" \/><\/figure>\n<\/div><\/div>\n<\/div>\n","protected":false},"excerpt":{"rendered":"<p>Amanita caesarea (Scop.&nbsp;: Fr.) Pers.Amanite des C\u00e9sars ou Oronge Amanita caesarea est une esp\u00e8ce thermophile. Elle est courante dans les r\u00e9gions m\u00e9diterran\u00e9ennes mais, dans les&#8230;<\/p>\n","protected":false},"author":2,"featured_media":0,"parent":0,"menu_order":0,"comment_status":"closed","ping_status":"closed","template":"","meta":{"footnotes":""},"class_list":["post-492","page","type-page","status-publish","hentry"],"_links":{"self":[{"href":"https:\/\/www.smnf.fr\/index.php\/wp-json\/wp\/v2\/pages\/492","targetHints":{"allow":["GET"]}}],"collection":[{"href":"https:\/\/www.smnf.fr\/index.php\/wp-json\/wp\/v2\/pages"}],"about":[{"href":"https:\/\/www.smnf.fr\/index.php\/wp-json\/wp\/v2\/types\/page"}],"author":[{"embeddable":true,"href":"https:\/\/www.smnf.fr\/index.php\/wp-json\/wp\/v2\/users\/2"}],"replies":[{"embeddable":true,"href":"https:\/\/www.smnf.fr\/index.php\/wp-json\/wp\/v2\/comments?post=492"}],"version-history":[{"count":25,"href":"https:\/\/www.smnf.fr\/index.php\/wp-json\/wp\/v2\/pages\/492\/revisions"}],"predecessor-version":[{"id":5325,"href":"https:\/\/www.smnf.fr\/index.php\/wp-json\/wp\/v2\/pages\/492\/revisions\/5325"}],"wp:attachment":[{"href":"https:\/\/www.smnf.fr\/index.php\/wp-json\/wp\/v2\/media?parent=492"}],"curies":[{"name":"wp","href":"https:\/\/api.w.org\/{rel}","templated":true}]}}