{"id":516,"date":"2020-03-24T09:58:16","date_gmt":"2020-03-24T08:58:16","guid":{"rendered":"http:\/\/www.smnf.fr\/?page_id=516"},"modified":"2025-02-02T08:12:44","modified_gmt":"2025-02-02T07:12:44","slug":"les-documents-mycologiques-2","status":"publish","type":"page","link":"https:\/\/www.smnf.fr\/index.php\/les-documents-mycologiques-2\/","title":{"rendered":"Les Documents Mycologiques"},"content":{"rendered":"\n<div class=\"wp-block-columns is-layout-flex wp-container-core-columns-is-layout-9d6595d7 wp-block-columns-is-layout-flex\">\n<div class=\"wp-block-column is-layout-flow wp-block-column-is-layout-flow\" style=\"flex-basis:20%\"><\/div>\n\n\n\n<div class=\"wp-block-column is-layout-flow wp-block-column-is-layout-flow\" style=\"flex-basis:60%\">\n<hr class=\"wp-block-separator has-text-color has-very-dark-gray-color has-css-opacity has-very-dark-gray-background-color has-background\"\/>\n<\/div>\n\n\n\n<div class=\"wp-block-column is-layout-flow wp-block-column-is-layout-flow\" style=\"flex-basis:20%\"><\/div>\n<\/div>\n\n\n\n<div class=\"wp-block-columns is-layout-flex wp-container-core-columns-is-layout-9d6595d7 wp-block-columns-is-layout-flex\">\n<div class=\"wp-block-column is-layout-flow wp-block-column-is-layout-flow\" style=\"flex-basis:20%\">\n\n\n<div style=\"height:39px\" aria-hidden=\"true\" class=\"wp-block-spacer\"><\/div>\n\n\n\n<div class=\"wp-block-button has-custom-width wp-block-button__width-25 aligncenter is-style-fill\"><a class=\"wp-block-button__link has-luminous-vivid-orange-color has-text-color has-background has-text-align-center wp-element-button\" href=\"https:\/\/www.smnf.fr\/index.php\/visioneuse\/\" style=\"border-radius:20px;background:radial-gradient(rgb(202,248,128) 32%,rgb(113,206,126) 100%)\"><strong><em>Consultation<br>en ligne<\/em><\/strong><\/a><\/div>\n<\/div>\n\n\n\n<div class=\"wp-block-column is-layout-flow wp-block-column-is-layout-flow\" style=\"flex-basis:60%\">\n<p style=\"text-align: center;\"><strong>\u00c9dit\u00e9s depuis 2004 par la<br>SOCI\u00c9T\u00c9&nbsp; MYCOLOGIQUE&nbsp; DU NORD&nbsp; DE&nbsp; LA&nbsp; FRANCE<br>(S.M.N.F.) <br><\/strong>c\/o Conservatoire Botanique National <br>Hameau de Haendries&nbsp; <br>FR \u2013 59270 \u2013 BAILLEUL<br><br><strong>R\u00e9dacteur en chef&nbsp;<\/strong>: R\u00e9gis Courtecuisse (adresse du si\u00e8ge)<\/p>\n<\/div>\n\n\n\n<div class=\"wp-block-column is-layout-flow wp-block-column-is-layout-flow\" style=\"flex-basis:20%\"><\/div>\n<\/div>\n\n\n\n<div class=\"wp-block-columns is-layout-flex wp-container-core-columns-is-layout-9d6595d7 wp-block-columns-is-layout-flex\">\n<div class=\"wp-block-column is-layout-flow wp-block-column-is-layout-flow\" style=\"flex-basis:20%\"><\/div>\n\n\n\n<div class=\"wp-block-column is-layout-flow wp-block-column-is-layout-flow\" style=\"flex-basis:60%\">\n<hr class=\"wp-block-separator has-text-color has-very-dark-gray-color has-css-opacity has-very-dark-gray-background-color has-background\"\/>\n<\/div>\n\n\n\n<div class=\"wp-block-column is-layout-flow wp-block-column-is-layout-flow\" style=\"flex-basis:20%\"><\/div>\n<\/div>\n\n\n\n<p style=\"text-align: center;\"><strong>Le dernier DM paru est le \u00ab\u00a0tome XXXVII\u00a0\u00bb envoy\u00e9 en f\u00e9vrier-mars 2019 <br \/><\/strong><u><strong><br \/><span style=\"color: #800000;\">La parution des Documents Mycologiques est d\u00e9finitivement abandonn\u00e9e.<\/span><br \/><\/strong><\/u><u><\/u><\/p>\n\n\n\n<p style=\"text-align: center;\"><u>D\u00e9stockage des anciens fascicules <\/u><br \/>du tome 01 au tome 34 (4 fascicules par tome)<br \/>5 \u20ac pour l&rsquo;achat d&rsquo;un fascicule, port compris<br \/>pour 2 fascicules et plus : 3 \u20ac pi\u00e8ce, port compris<br \/>\u00a0\u00a0\u00a0\u00a0 les tomes 35, 36 et 37\u00a0 sont \u00e0 22,50 \u20ac le tome, port compris<br \/>R\u00e9duction exceptionnelle suppl\u00e9mentaire\u00a0<br \/>Pour 5 \u00e0 10 tomes command\u00e9s\u00a0: 10 % de r\u00e9duction sur le total<br \/>Pour 11 tomes command\u00e9s et plus\u00a0: 20 % de r\u00e9duction sur le total<\/p>\n<p style=\"padding-left: 40px;\">Certains fascicules \u00e9tant \u00e9puis\u00e9s, ils sont propos\u00e9s en version photocopi\u00e9e.<\/p>\n<p style=\"padding-left: 40px;\"><strong>Les personnes int\u00e9ress\u00e9es par cette proposition sont pri\u00e9es de nous faire part de leur souhait de commande. Une facture <em>pro-forma<\/em> leur sera envoy\u00e9e, dont le r\u00e8glement d\u00e9clenchera l\u2019envoi du lot command\u00e9.<\/strong><\/p>\n<p style=\"padding-left: 40px;\">Les envois sont faits, en fonction des commandes, toutes les 4-5 semaines.<\/p>\n<p style=\"padding-left: 40px;\"><strong>Demander toutes informations sur les disponibilit\u00e9s \u00e0 Jos\u00e9 Cambier : <\/strong><a href=\"mailto:contact2.smnf@gmail.com\">contact2.smnf@gmail.com<\/a><\/p>\n","protected":false},"excerpt":{"rendered":"<p>\u00c9dit\u00e9s depuis 2004 par laSOCI\u00c9T\u00c9&nbsp; MYCOLOGIQUE&nbsp; DU NORD&nbsp; DE&nbsp; LA&nbsp; FRANCE(S.M.N.F.) c\/o Conservatoire Botanique National Hameau de Haendries&nbsp; FR \u2013 59270 \u2013 BAILLEUL R\u00e9dacteur en&#8230;<\/p>\n","protected":false},"author":2,"featured_media":0,"parent":0,"menu_order":0,"comment_status":"closed","ping_status":"closed","template":"","meta":{"footnotes":""},"class_list":["post-516","page","type-page","status-publish","hentry"],"_links":{"self":[{"href":"https:\/\/www.smnf.fr\/index.php\/wp-json\/wp\/v2\/pages\/516","targetHints":{"allow":["GET"]}}],"collection":[{"href":"https:\/\/www.smnf.fr\/index.php\/wp-json\/wp\/v2\/pages"}],"about":[{"href":"https:\/\/www.smnf.fr\/index.php\/wp-json\/wp\/v2\/types\/page"}],"author":[{"embeddable":true,"href":"https:\/\/www.smnf.fr\/index.php\/wp-json\/wp\/v2\/users\/2"}],"replies":[{"embeddable":true,"href":"https:\/\/www.smnf.fr\/index.php\/wp-json\/wp\/v2\/comments?post=516"}],"version-history":[{"count":22,"href":"https:\/\/www.smnf.fr\/index.php\/wp-json\/wp\/v2\/pages\/516\/revisions"}],"predecessor-version":[{"id":5760,"href":"https:\/\/www.smnf.fr\/index.php\/wp-json\/wp\/v2\/pages\/516\/revisions\/5760"}],"wp:attachment":[{"href":"https:\/\/www.smnf.fr\/index.php\/wp-json\/wp\/v2\/media?parent=516"}],"curies":[{"name":"wp","href":"https:\/\/api.w.org\/{rel}","templated":true}]}}