{"id":5623,"date":"2024-11-30T14:16:12","date_gmt":"2024-11-30T13:16:12","guid":{"rendered":"https:\/\/www.smnf.fr\/?page_id=5623"},"modified":"2024-11-30T23:12:19","modified_gmt":"2024-11-30T22:12:19","slug":"tire-a-part","status":"publish","type":"page","link":"https:\/\/www.smnf.fr\/index.php\/tire-a-part\/","title":{"rendered":"Tir\u00e9s \u00e0 part"},"content":{"rendered":"\n<div class=\"wp-block-columns is-layout-flex wp-container-core-columns-is-layout-9d6595d7 wp-block-columns-is-layout-flex\">\n<div class=\"wp-block-column is-layout-flow wp-block-column-is-layout-flow\" style=\"flex-basis:100%\">\n<p style=\"text-align: center;\"><strong><span style=\"color: #339966;\">Disponibles sur demande<\/span><\/strong><\/p>\n\n\n\n<div class=\"wp-block-columns is-layout-flex wp-container-core-columns-is-layout-9d6595d7 wp-block-columns-is-layout-flex\">\n<div class=\"wp-block-column is-layout-flow wp-block-column-is-layout-flow\" style=\"flex-basis:10%\"><\/div>\n\n\n\n<div class=\"wp-block-column is-layout-flow wp-block-column-is-layout-flow\" style=\"flex-basis:80%\">\n<p style=\"text-align: center;\"><span class=\"BxUVEf ILfuVd\" lang=\"fr\" style=\"font-family: helvetica, arial, sans-serif; font-size: 16px; color: #808080;\"><span class=\"hgKElc\">Un tir\u00e9 \u00e0 part est un tirage suppl\u00e9mentaire d&rsquo;une partie d&rsquo;un ouvrage, r\u00e9alis\u00e9 hors du tirage normal.<\/span><\/span><\/p>\n<\/div>\n\n\n\n<div class=\"wp-block-column is-layout-flow wp-block-column-is-layout-flow\" style=\"flex-basis:10%\"><\/div>\n<\/div>\n\n\n\n<div style=\"height:33px\" aria-hidden=\"true\" class=\"wp-block-spacer\"><\/div>\n<\/div>\n<\/div>\n\n\n\n<div class=\"wp-block-columns is-layout-flex wp-container-core-columns-is-layout-9d6595d7 wp-block-columns-is-layout-flex\">\n<div class=\"wp-block-column is-layout-flow wp-block-column-is-layout-flow\" style=\"flex-basis:5%\"><\/div>\n\n\n\n<div class=\"wp-block-column is-vertically-aligned-center is-layout-flow wp-block-column-is-layout-flow\" style=\"flex-basis:30%\">\n<div class=\"wp-block-buttons is-content-justification-center is-layout-flex wp-container-core-buttons-is-layout-16018d1d wp-block-buttons-is-layout-flex\">\n<div class=\"wp-block-button has-custom-width wp-block-button__width-100 has-custom-font-size is-style-outline has-medium-font-size is-style-outline--1\"><a class=\"wp-block-button__link has-text-color has-background has-link-color has-text-align-center wp-element-button\" href=\"https:\/\/www.smnf.fr\/wp-content\/Documents\/Doubles.pdf\" style=\"border-radius:30px;color:#800000;background:radial-gradient(rgb(157,246,15) 17%,rgb(113,206,126) 94%)\" target=\"_blank\" rel=\"noreferrer noopener\"><em><strong>Tableau au format Pdf<\/strong><\/em><\/a><\/div>\n<\/div>\n<\/div>\n\n\n\n<div class=\"wp-block-column is-layout-flow wp-block-column-is-layout-flow\" style=\"flex-basis:70%\">\n<p>&nbsp;<\/p>\n<p style=\"text-align: justify;\"><span style=\"font-family: helvetica, arial, sans-serif; font-size: 16px;\">Suite au d\u00e9m\u00e9nagement de notre si\u00e8ge social \u00e0 Bailleul (ao\u00fbt 2023) et \u00e0 l\u2019int\u00e9gration d\u2019une partie du fonds documentaire de R\u00e9gis Courtecuisse dans notre biblioth\u00e8que SMNF (o\u00f9 se trouvait d\u00e9j\u00e0 le tr\u00e8s important fonds Marcel Bon, entre autres), les tris effectu\u00e9s depuis ont r\u00e9v\u00e9l\u00e9 la pr\u00e9sence de tr\u00e8s nombreux \u00ab doublons \u00bb.<\/span><br><span style=\"font-family: helvetica, arial, sans-serif; font-size: 16px;\">Afin de lib\u00e9rer de l\u2019espace dans nos nouveaux locaux et afin de permettre aux personnes int\u00e9ress\u00e9es d\u2019enrichir leurs propres biblioth\u00e8ques avec des documents qui les int\u00e9resseraient, nous diffusons une liste des tir\u00e9s-\u00e0-part et assimil\u00e9s (petits fascicules divers) disponibles. <\/span><\/p>\n<p style=\"text-align: justify;\">&nbsp;<\/p>\n<\/div>\n\n\n\n<div class=\"wp-block-column is-layout-flow wp-block-column-is-layout-flow\" style=\"flex-basis:5%\"><\/div>\n<\/div>\n\n\n\n<div class=\"wp-block-columns is-layout-flex wp-container-core-columns-is-layout-9d6595d7 wp-block-columns-is-layout-flex\">\n<div class=\"wp-block-column is-layout-flow wp-block-column-is-layout-flow\" style=\"flex-basis:95%\">\n<p style=\"text-align: justify; padding-left: 40px;\"><span style=\"font-family: helvetica, arial, sans-serif; font-size: 16px;\">Le tableau ci-joint pr\u00e9sente les 1740 tir\u00e9s-\u00e0-part dont nous disposons. Plusieurs colonnes pr\u00e9cisent (quand c\u2019est possible) <strong>l\u2019origine des documents<\/strong> (fonds Marcel Bon, fonds R\u00e9gis Courtecuisse ou autre), <strong>le nombre d\u2019exemplaires disponibles<\/strong>, ainsi que quelques <strong>commentaires<\/strong> (\u00e9tat du document, original d\u00e9dicac\u00e9, etc.). <strong><span style=\"color: #ff0000;\">En rouge<\/span><\/strong> figure un <strong><span style=\"color: #ff0000;\">prix<\/span><\/strong> pour chaque document, consid\u00e9r\u00e9 \u00e0 l\u2019unit\u00e9. Ce montant est seulement indicatif et ne doit pas \u00eatre consid\u00e9r\u00e9 comme \u00e9tant ferme et d\u00e9finitif. En effet, la SMNF n\u2019est pas un \u00ab Antiquariat \u00bb commercial mais notre objectif prioritaire est de r<span style=\"text-decoration: underline;\">endre service \u00e0 la communaut\u00e9 des mycologues<\/span>, en leur permettant d\u2019acqu\u00e9rir des documents manquants (si on peut en trouver certains au format num\u00e9rique sur Internet, quelques mycologues pr\u00e9f\u00e9reront sans doute un format papier traditionnel). De plus, des documents d\u00e9dicac\u00e9s pourront int\u00e9resser les amateurs de t\u00e9moignages et souvenirs de coll\u00e8gues. Par contre, les photocopies et les tir\u00e9s-\u00e0-part issus des stocks des revues que nous publions ou avons publi\u00e9 sont gratuits (sauf quelques exceptions et hors frais de port).<\/span><\/p>\n<\/div>\n<\/div>\n\n\n\n<div style=\"height:41px\" aria-hidden=\"true\" class=\"wp-block-spacer\"><\/div>\n\n\n\n<div class=\"wp-block-columns is-layout-flex wp-container-core-columns-is-layout-9d6595d7 wp-block-columns-is-layout-flex\">\n<div class=\"wp-block-column is-layout-flow wp-block-column-is-layout-flow\" style=\"flex-basis:5%\"><\/div>\n\n\n\n<div class=\"wp-block-column is-layout-flow wp-block-column-is-layout-flow\" style=\"flex-basis:90%\">\n<p style=\"text-align: justify;\"><span style=\"font-family: times new roman, times, serif; font-size: 20px;\"><strong><span style=\"color: #800000;\">Comment proc\u00e9der :<\/span><\/strong><\/span><br><span style=\"font-family: helvetica, arial, sans-serif; font-size: 16px;\">1) \u00e9tablir une liste des items qui vous int\u00e9ressent ; <\/span><br><span style=\"font-family: helvetica, arial, sans-serif; font-size: 16px;\">2) envoyer cette liste \u00e0 R. Courtecuisse : <span style=\"color: #800000;\"><strong><em>regis.courtecuisse@smnf.fr<\/em><\/strong> ; <\/span><\/span><br><span style=\"font-family: helvetica, arial, sans-serif; font-size: 16px;\">3) attendre un devis (tenant compte des items \u00e9ventuellement \u00ab \u00e9puis\u00e9s \u00bb donc non disponibles) qui vous sera envoy\u00e9, devis int\u00e9grant des fortes r\u00e9ductions sur les montants annonc\u00e9s (selon la nature des documents \u2013 volume, raret\u00e9, etc. \u2013 et selon la quantit\u00e9 demand\u00e9e). Ces r\u00e9ductions seront proportionnelles \u00e0 la quantit\u00e9 de documents et pourront atteindre des taux drastiques (jusqu\u2019\u00e0 75 ou 80 % dans certains cas) et int\u00e9grant \u00e9galement les frais de port pour l\u2019envoi des documents (frais incompressibles) ; <\/span><br><span style=\"font-family: helvetica, arial, sans-serif; font-size: 16px;\">4) confirmer la commande en fonction de ce devis en envoyant votre paiement. (un IBAN qui permettra le virement facile des sommes dues vous sera communiqu\u00e9).<\/span><\/p>\n<\/div>\n\n\n\n<div class=\"wp-block-column is-layout-flow wp-block-column-is-layout-flow\" style=\"flex-basis:5%\"><\/div>\n<\/div>\n\n\n\n\n","protected":false},"excerpt":{"rendered":"<p>Disponibles sur demande Un tir\u00e9 \u00e0 part est un tirage suppl\u00e9mentaire d&rsquo;une partie d&rsquo;un ouvrage, r\u00e9alis\u00e9 hors du tirage normal. &nbsp; Suite au d\u00e9m\u00e9nagement de&#8230;<\/p>\n","protected":false},"author":2,"featured_media":0,"parent":0,"menu_order":0,"comment_status":"closed","ping_status":"closed","template":"","meta":{"footnotes":""},"class_list":["post-5623","page","type-page","status-publish","hentry"],"_links":{"self":[{"href":"https:\/\/www.smnf.fr\/index.php\/wp-json\/wp\/v2\/pages\/5623","targetHints":{"allow":["GET"]}}],"collection":[{"href":"https:\/\/www.smnf.fr\/index.php\/wp-json\/wp\/v2\/pages"}],"about":[{"href":"https:\/\/www.smnf.fr\/index.php\/wp-json\/wp\/v2\/types\/page"}],"author":[{"embeddable":true,"href":"https:\/\/www.smnf.fr\/index.php\/wp-json\/wp\/v2\/users\/2"}],"replies":[{"embeddable":true,"href":"https:\/\/www.smnf.fr\/index.php\/wp-json\/wp\/v2\/comments?post=5623"}],"version-history":[{"count":38,"href":"https:\/\/www.smnf.fr\/index.php\/wp-json\/wp\/v2\/pages\/5623\/revisions"}],"predecessor-version":[{"id":5686,"href":"https:\/\/www.smnf.fr\/index.php\/wp-json\/wp\/v2\/pages\/5623\/revisions\/5686"}],"wp:attachment":[{"href":"https:\/\/www.smnf.fr\/index.php\/wp-json\/wp\/v2\/media?parent=5623"}],"curies":[{"name":"wp","href":"https:\/\/api.w.org\/{rel}","templated":true}]}}