{"id":5689,"date":"2024-12-12T11:18:00","date_gmt":"2024-12-12T10:18:00","guid":{"rendered":"https:\/\/www.smnf.fr\/?page_id=5689"},"modified":"2025-09-12T08:23:55","modified_gmt":"2025-09-12T06:23:55","slug":"fonge-des-hauts-de-france","status":"publish","type":"page","link":"https:\/\/www.smnf.fr\/index.php\/fonge-des-hauts-de-france\/","title":{"rendered":"Fonge des Hauts-de-France"},"content":{"rendered":"\n\n\n<div class=\"wp-block-columns is-layout-flex wp-container-core-columns-is-layout-9d6595d7 wp-block-columns-is-layout-flex\">\n<div class=\"wp-block-column is-layout-flow wp-block-column-is-layout-flow\" style=\"flex-basis:16.67%\"><div class=\"wp-block-image\">\n<figure class=\"aligncenter size-full\"><img loading=\"lazy\" decoding=\"async\" width=\"512\" height=\"512\" src=\"https:\/\/www.smnf.fr\/wp-content\/uploads\/2024\/04\/Nouveau-logo-512x512-1.png\" alt=\"\" class=\"wp-image-5521\" srcset=\"https:\/\/www.smnf.fr\/wp-content\/uploads\/2024\/04\/Nouveau-logo-512x512-1.png 512w, https:\/\/www.smnf.fr\/wp-content\/uploads\/2024\/04\/Nouveau-logo-512x512-1-300x300.png 300w, https:\/\/www.smnf.fr\/wp-content\/uploads\/2024\/04\/Nouveau-logo-512x512-1-150x150.png 150w, https:\/\/www.smnf.fr\/wp-content\/uploads\/2024\/04\/Nouveau-logo-512x512-1-230x230.png 230w, https:\/\/www.smnf.fr\/wp-content\/uploads\/2024\/04\/Nouveau-logo-512x512-1-100x100.png 100w\" sizes=\"auto, (max-width: 512px) 100vw, 512px\" \/><\/figure>\n<\/div><\/div>\n\n\n\n<div class=\"wp-block-column is-layout-flow wp-block-column-is-layout-flow\" style=\"flex-basis:70%\">\n\n\n<div style=\"height:35px\" aria-hidden=\"true\" class=\"wp-block-spacer\"><\/div>\n\n\n\n<p style=\"text-align: justify;\"><span style=\"font-family: helvetica, arial, sans-serif; font-size: 16px;\"><span style=\"font-size: 20px;\"><strong>La SMNF <\/strong><span style=\"font-size: 16px;\">\u00e9dite<\/span><\/span> le premier fascicule d\u2019une nouvelle s\u00e9rie :<br>\u00ab Fonge des Hauts-de-France \u00bb. Cette s\u00e9rie offre une aide \u00e0 l\u2019identification des esp\u00e8ces pr\u00e9sentes en r\u00e9gion, avec leurs caract\u00e9ristiques (morphologie, \u00e9cologie, chorologie, etc.). Des cl\u00e9s et des descriptions (souvent avec dessins et photographies) sont propos\u00e9es.<\/span><\/p>\n<\/div>\n\n\n\n<div class=\"wp-block-column is-layout-flow wp-block-column-is-layout-flow\" style=\"flex-basis:5%\"><\/div>\n<\/div>\n\n\n\n<p class=\"has-text-align-center\"><span style=\"font-family: times new roman, times, serif; font-size: 28px;\"><strong>\u00ab <span style=\"color: #0000ff;\">FONGE DES HAUTS-DE-FRANCE<\/span> \u00bb<\/strong><\/span><\/p>\n\n\n\n<p class=\"has-text-align-center\"><strong><span style=\"color: #ff0000; font-family: helvetica, arial, sans-serif; font-size: 16px;\">Le Fascicule 1 est consacr\u00e9 au genre <em>Agaricus<\/em><\/span><\/strong><br><span style=\"font-family: helvetica, arial, sans-serif; font-size: 16px;\">avec une introduction sur la famille des <em>Agaricaceae<\/em>.<\/span><br><span style=\"font-family: helvetica, arial, sans-serif; font-size: 16px;\">120 pages au format A4<br><\/span><\/p>\n\n\n\n<div class=\"wp-block-columns is-layout-flex wp-container-core-columns-is-layout-9d6595d7 wp-block-columns-is-layout-flex\">\n<div class=\"wp-block-column is-layout-flow wp-block-column-is-layout-flow\" style=\"flex-basis:60%\">\n<div class=\"wp-block-buttons is-content-justification-right is-layout-flex wp-container-core-buttons-is-layout-765c4724 wp-block-buttons-is-layout-flex\">\n<div class=\"wp-block-button is-style-outline is-style-outline--1\"><a class=\"wp-block-button__link has-text-color has-background has-link-color wp-element-button\" style=\"border-radius:17px;color:#800000;background:radial-gradient(rgb(202,248,128) 15%,rgb(113,206,126) 100%)\">Commande, nous contacter<\/a><\/div>\n<\/div>\n<\/div>\n<\/div>\n\n\n\n\n\n<div style=\"height:26px\" aria-hidden=\"true\" class=\"wp-block-spacer\"><\/div>\n\n\n\n<p class=\"has-text-align-center\"><span style=\"font-family: helvetica, arial, sans-serif; font-size: 16px;\"><strong>Auteur<\/strong> : R\u00e9gis Courtecuisse (avec la participation de Jacques Guinberteau (05) et Pascal Bonnel (62), <\/span><br \/><span style=\"font-family: helvetica, arial, sans-serif; font-size: 16px;\">ainsi que de plusieurs coll\u00e8gues et collaborateurs pour l\u2019iconographie photographique). <br \/><strong>Le prix est fix\u00e9 \u00e0 20 Euros<\/strong><br \/><span style=\"color: #800000;\"><strong>Disponible vers la mi-f\u00e9vrier 2025<\/strong><\/span><br \/><br \/><img loading=\"lazy\" decoding=\"async\" class=\"size-medium wp-image-5751 aligncenter\" src=\"https:\/\/www.smnf.fr\/wp-content\/uploads\/2025\/01\/Couverture-212x300.jpg\" alt=\"\" width=\"212\" height=\"300\" srcset=\"https:\/\/www.smnf.fr\/wp-content\/uploads\/2025\/01\/Couverture-212x300.jpg 212w, https:\/\/www.smnf.fr\/wp-content\/uploads\/2025\/01\/Couverture.jpg 372w\" sizes=\"auto, (max-width: 212px) 100vw, 212px\" \/>.<br \/><br \/><\/span><\/p>\n\n\n\n\n\n<div class=\"wp-block-columns is-layout-flex wp-container-core-columns-is-layout-9d6595d7 wp-block-columns-is-layout-flex\">\n<div class=\"wp-block-column is-layout-flow wp-block-column-is-layout-flow\"><\/div>\n\n\n\n<div class=\"wp-block-column is-layout-flow wp-block-column-is-layout-flow\"><\/div>\n\n\n\n<div class=\"wp-block-column is-layout-flow wp-block-column-is-layout-flow\"><\/div>\n<\/div>\n\n\n\n<p><\/p>\n\n\n","protected":false},"excerpt":{"rendered":"<p>La SMNF \u00e9dite le premier fascicule d\u2019une nouvelle s\u00e9rie :\u00ab Fonge des Hauts-de-France \u00bb. Cette s\u00e9rie offre une aide \u00e0 l\u2019identification des esp\u00e8ces pr\u00e9sentes en&#8230;<\/p>\n","protected":false},"author":2,"featured_media":0,"parent":0,"menu_order":0,"comment_status":"closed","ping_status":"closed","template":"","meta":{"footnotes":""},"class_list":["post-5689","page","type-page","status-publish","hentry"],"_links":{"self":[{"href":"https:\/\/www.smnf.fr\/index.php\/wp-json\/wp\/v2\/pages\/5689","targetHints":{"allow":["GET"]}}],"collection":[{"href":"https:\/\/www.smnf.fr\/index.php\/wp-json\/wp\/v2\/pages"}],"about":[{"href":"https:\/\/www.smnf.fr\/index.php\/wp-json\/wp\/v2\/types\/page"}],"author":[{"embeddable":true,"href":"https:\/\/www.smnf.fr\/index.php\/wp-json\/wp\/v2\/users\/2"}],"replies":[{"embeddable":true,"href":"https:\/\/www.smnf.fr\/index.php\/wp-json\/wp\/v2\/comments?post=5689"}],"version-history":[{"count":33,"href":"https:\/\/www.smnf.fr\/index.php\/wp-json\/wp\/v2\/pages\/5689\/revisions"}],"predecessor-version":[{"id":5914,"href":"https:\/\/www.smnf.fr\/index.php\/wp-json\/wp\/v2\/pages\/5689\/revisions\/5914"}],"wp:attachment":[{"href":"https:\/\/www.smnf.fr\/index.php\/wp-json\/wp\/v2\/media?parent=5689"}],"curies":[{"name":"wp","href":"https:\/\/api.w.org\/{rel}","templated":true}]}}