{"id":620,"date":"2020-04-09T17:50:46","date_gmt":"2020-04-09T15:50:46","guid":{"rendered":"http:\/\/www.smnf.fr\/?page_id=620"},"modified":"2020-10-23T21:44:03","modified_gmt":"2020-10-23T19:44:03","slug":"sites-visites","status":"publish","type":"page","link":"https:\/\/www.smnf.fr\/index.php\/sites-visites\/","title":{"rendered":"Pr\u00e9sentation des principaux Sites visit\u00e9s"},"content":{"rendered":"\n<div style=\"height:35px\" aria-hidden=\"true\" class=\"wp-block-spacer\"><\/div>\n\n\n\n<p>La liste que nous vous pr\u00e9sentons refl\u00e8te l&rsquo;extraordinaire richesse de la biodiversit\u00e9 du Nord-Pas de Calais. Certains sites sont r\u00e9guli\u00e8rement prospect\u00e9s, d&rsquo;autres le sont plus occasionnellement. Pour compl\u00e9ter ces descriptifs, voici quelques liens : <strong><a href=\"http:\/\/www.reserves-naturelles.org\/hauts-de-france\" target=\"_blank\" rel=\"noopener noreferrer\"><span style=\"text-decoration: underline;\">R\u00e9serves Naturelles des Hauts-de-France<\/span><\/a><\/strong>, <a href=\"https:\/\/eden62.maps.arcgis.com\/apps\/webappviewer\/index.html?id=fa4f9ab385504b71ae9af312b7f69555\" target=\"_blank\" rel=\"noopener noreferrer\"><strong><span style=\"text-decoration: underline;\">Eden62<\/span><\/strong><\/a>, <a href=\"http:\/\/carmen.carmencarto.fr\/105\/ONF_Forets.map\" target=\"_blank\" rel=\"noopener noreferrer\"><span style=\"text-decoration: underline;\"><strong>ONF parcelles foresti\u00e8res<\/strong><\/span><\/a><strong>&nbsp;<\/strong><\/p>\n\n\n\n<div class=\"wp-block-columns is-layout-flex wp-container-core-columns-is-layout-9d6595d7 wp-block-columns-is-layout-flex\">\n<div class=\"wp-block-column p.has-background { padding: 20px 30px; } is-layout-flow wp-block-column-is-layout-flow\">\n<p class=\"has-text-align-center has-pale-cyan-blue-background-color has-background has-medium-font-size\">D\u00e9partement du Nord<\/p>\n<\/div>\n\n\n\n<div class=\"wp-block-column is-layout-flow wp-block-column-is-layout-flow\">\n<p class=\"has-text-align-center has-pale-cyan-blue-background-color has-background has-medium-font-size\">D\u00e9p. du Pas-de-Calais<\/p>\n<\/div>\n\n\n\n<div class=\"wp-block-column is-layout-flow wp-block-column-is-layout-flow\">\n<p class=\"has-text-align-center has-pale-cyan-blue-background-color has-background has-medium-font-size\">Hors 59 \/ 62<\/p>\n<\/div>\n<\/div>\n\n\n\n<div class=\"wp-block-columns is-layout-flex wp-container-core-columns-is-layout-9d6595d7 wp-block-columns-is-layout-flex\">\n<div class=\"wp-block-column is-layout-flow wp-block-column-is-layout-flow\">\n<p><span style=\"text-decoration: underline;\"><a href=\"https:\/\/www.smnf.fr\/index.php\/sites-prospectes-du-departement-du-nord\/\">Abscon &#8211; Carri\u00e8re des plombs et des peupliers<\/a><\/span><br><a href=\"https:\/\/www.smnf.fr\/index.php\/sites-prospectes-du-departement-du-nord\/\" target=\"_blank\" rel=\"noopener noreferrer\"><span style=\"text-decoration: underline;\">Auberchicourt &#8211; Le terril Sainte-Marie<\/span><\/a><br><a href=\"https:\/\/www.smnf.fr\/index.php\/sites-prospectes-du-departement-du-nord\/\" target=\"_blank\" rel=\"noopener noreferrer\"><span style=\"text-decoration: underline;\">Baives (Monts de) &#8211; R\u00e9serve naturelle r\u00e9gionale<\/span><\/a><br><a href=\"http:\/\/www.reserves-naturelles.org\/carriere-des-nerviens\" target=\"_blank\" rel=\"noopener noreferrer\"><span style=\"text-decoration: underline;\">Bavay &#8211; Carri\u00e8re des Nerviens<\/span><\/a><br><a href=\"https:\/\/www.smnf.fr\/index.php\/sites-prospectes-du-departement-du-nord\/#bonse\" target=\"_blank\" rel=\"noopener noreferrer\"><span style=\"text-decoration: underline;\">Bonsecours &#8211; La for\u00eat de l&rsquo;Hermitage<\/span><\/a><br>Bousignies-sur-Roc &#8211; Bois communaux<br>Bugnicourt &#8211; Bois de la Garenne<br><a href=\"https:\/\/www.smnf.fr\/index.php\/sites-prospectes-du-departement-du-nord\/#cantin\" target=\"_blank\" rel=\"noopener noreferrer\"><span style=\"text-decoration: underline;\">Cantin &#8211; abords du lac<\/span><\/a><br>Clairfayts &#8211; Bois de la Frasnoye<br>Dunkerque &#8211; Les dunes<br>Eppe-Sauvage &#8211; Le bois communal<br><a href=\"https:\/\/www.smnf.fr\/index.php\/sites-prospectes-du-departement-du-nord\/#villette\" target=\"_blank\" rel=\"noopener noreferrer\"><span style=\"text-decoration: underline;\">Felleries &#8211; Bois de la petite Villette<\/span><\/a><br><a href=\"https:\/\/www.smnf.fr\/index.php\/sites-prospectes-du-departement-du-nord\/#villette\" target=\"_blank\" rel=\"noopener noreferrer\"><span style=\"text-decoration: underline;\">Flaumont &#8211; Waudrechie : Camp C\u00e9sar<\/span><\/a><br><a href=\"https:\/\/www.smnf.fr\/index.php\/sites-prospectes-du-departement-du-nord\/#flines\" target=\"_blank\" rel=\"noopener noreferrer\"><span style=\"text-decoration: underline;\">Flines les Mortagne &#8211; For\u00eat de Flines<\/span><\/a><br><a href=\"https:\/\/www.smnf.fr\/index.php\/sites-prospectes-du-departement-du-nord\/#ghy\" target=\"_blank\" rel=\"noopener noreferrer\"><span style=\"text-decoration: underline;\">Ghyvelde &#8211; La dune fossile<\/span><\/a><br><a href=\"https:\/\/www.smnf.fr\/index.php\/sites-prospectes-du-departement-du-nord\/#ghy\" target=\"_blank\" rel=\"noopener noreferrer\"><span style=\"text-decoration: underline;\">Grande-Synthe &#8211; Puytouck\/Pr\u00e9dembourg<\/span><\/a><br><a href=\"https:\/\/www.smnf.fr\/index.php\/sites-prospectes-du-departement-du-nord\/#ghy\" target=\"_blank\" rel=\"noopener noreferrer\"><span style=\"text-decoration: underline;\">Gussignies &#8211; Bois d&rsquo;Encade\/Caillou qui bique<\/span><\/a><br><a href=\"https:\/\/www.smnf.fr\/index.php\/sites-prospectes-du-departement-du-nord\/#halluin\" target=\"_blank\" rel=\"noopener noreferrer\"><span style=\"text-decoration: underline;\">Halluin &#8211; Le parc du manoir aux loups<\/span><\/a><br>Hordain &#8211; Bords du canal de la Sens\u00e9e<br><a href=\"https:\/\/www.smnf.fr\/index.php\/sites-prospectes-du-departement-du-nord\/#dewulf\" target=\"_blank\" rel=\"noopener noreferrer\"><span style=\"text-decoration: underline;\">Leffrinckoucke &#8211; La dune Dew\u00fclf<\/span><\/a><br>Liessies &#8211; La for\u00eat de Liessies<br><a href=\"https:\/\/www.smnf.fr\/index.php\/sites-prospectes-du-departement-du-nord\/#dewulf\" target=\"_blank\" rel=\"noopener noreferrer\"><span style=\"text-decoration: underline;\">Liessies &#8211; Parc d\u00e9partemental de l&rsquo;Abbaye<\/span><\/a><br>Liessies &#8211; Parc de l&rsquo;h\u00f4pital d\u00e9partemental<br><a href=\"https:\/\/www.smnf.fr\/index.php\/sites-prospectes-du-departement-du-nord\/#marchi\" target=\"_blank\" rel=\"noopener noreferrer\"><span style=\"text-decoration: underline;\">Marchiennes &#8211; La for\u00eat domaniale<\/span><\/a><br><a href=\"https:\/\/www.smnf.fr\/index.php\/sites-prospectes-du-departement-du-nord\/#mormal\" target=\"_blank\" rel=\"noopener noreferrer\"><span style=\"text-decoration: underline;\">Mormal &#8211; La for\u00eat domaniale<\/span><\/a><br>Moustier en Fagnes<br><a href=\"https:\/\/www.smnf.fr\/index.php\/sites-prospectes-du-departement-du-nord\/#nieppe\" target=\"_blank\" rel=\"noopener noreferrer\"><span style=\"text-decoration: underline;\">Nieppe &#8211; La for\u00eat domaniale<\/span><\/a><br>Ohain &#8211; Le Bois de Glageon<br><a href=\"https:\/\/www.smnf.fr\/index.php\/sites-prospectes-du-departement-du-nord\/#pomme\"><span style=\"text-decoration: underline;\">Pommereuil &#8211; For\u00eat domaniale de Bois l&rsquo;\u00c9v\u00eaque<\/span><\/a><br><a href=\"https:\/\/www.smnf.fr\/index.php\/sites-prospectes-du-departement-du-nord\/#pomme\" target=\"_blank\" rel=\"noopener noreferrer\"><span style=\"text-decoration: underline;\">Provilles &#8211; Bois Chenu<\/span><\/a><br>Rainsars &#8211; Bois communal<br><a href=\"https:\/\/www.smnf.fr\/index.php\/sites-prospectes-du-departement-du-nord\/#amand\" target=\"_blank\" rel=\"noopener noreferrer\"><span style=\"text-decoration: underline;\">For\u00eat de Raismes &#8211; Saint-Amand &#8211; Wallers<\/span><\/a> &#8211; PNR<br><a href=\"https:\/\/www.smnf.fr\/index.php\/sites-prospectes-du-departement-du-nord\/#rieu\" target=\"_blank\" rel=\"noopener noreferrer\"><span style=\"text-decoration: underline;\">Rieulay &#8211; Le terril<\/span><\/a><br>Roost-Warendin &#8211; Les terrils<br><a href=\"https:\/\/www.smnf.fr\/index.php\/sites-prospectes-du-departement-du-nord\/#abbe\" target=\"_blank\" rel=\"noopener noreferrer\"><span style=\"text-decoration: underline;\">Sains-du-Nord &#8211; Bois de l&rsquo;Abb\u00e9<\/span><\/a><br><a href=\"https:\/\/www.smnf.fr\/index.php\/sites-prospectes-du-departement-du-nord\/#abbe\" target=\"_blank\" rel=\"noopener noreferrer\"><span style=\"text-decoration: underline;\">Santes &#8211; ancien bassin de d\u00e9cantation : La G\u00eete<\/span><\/a><br><a href=\"https:\/\/www.smnf.fr\/index.php\/sites-prospectes-du-departement-du-nord\/#abbe\" target=\"_blank\" rel=\"noopener noreferrer\"><span style=\"text-decoration: underline;\">Trelon &#8211; Le for\u00eat d\u00e9partementale<\/span><\/a><br><a href=\"http:\/\/www.site-ornithologique-des-cinq-tailles.com\/medias\/files\/plaquette.pdf\" target=\"_blank\" rel=\"noopener noreferrer\"><span style=\"text-decoration: underline;\">Thumeries &#8211; Bois des cinq tailles<\/span><\/a><br><br><\/p>\n<\/div>\n\n\n\n<div class=\"wp-block-column is-layout-flow wp-block-column-is-layout-flow\">\n<p><a href=\"https:\/\/www.smnf.fr\/index.php\/sites-prospectes-du-pas-de-calais\/#acquin\"><span style=\"text-decoration: underline;\">Acquin &#8211; La Montagne d\u2019Acquin&nbsp; [PNR]<\/span><\/a><br><a href=\"https:\/\/www.smnf.fr\/index.php\/sites-prospectes-du-pas-de-calais\/#amble\"><span style=\"text-decoration: underline;\">Ambleteuse &#8211; Dunes et communal<\/span><\/a><br>Andrehem &#8211; Le Mont d&rsquo;Andrehem<br>Angres &#8211; Bois des bruy\u00e8res<br><a href=\"https:\/\/www.smnf.fr\/index.php\/sites-prospectes-du-pas-de-calais\/#maraisgr\"><span style=\"text-decoration: underline;\">Auchy-l\u00e8s-Hesdin \u2013 Marais de la Grenouill\u00e8re<\/span><\/a><br><a href=\"https:\/\/www.smnf.fr\/index.php\/sites-prospectes-du-pas-de-calais\/#pinchon\"><span style=\"text-decoration: underline;\">Avion &#8211; Terril de Pinchonvalles<\/span><\/a><br>Beauvoir-Wavans &#8211; ancienne voie ferr\u00e9e<br><a href=\"https:\/\/www.smnf.fr\/index.php\/sites-prospectes-du-pas-de-calais\/#boulogne\" target=\"_blank\" rel=\"noopener noreferrer\">Boulogne &#8211; La for\u00eat domaniale<\/a><br><a href=\"https:\/\/www.smnf.fr\/index.php\/sites-prospectes-du-pas-de-calais\/#dames\"><span style=\"text-decoration: underline;\">Bruay-la-Buissi\u00e8re &#8211; Bois des Dames<\/span><\/a><br>Cambrin &#8211; R\u00e9serve biologique du Marais<br><a href=\"https:\/\/www.smnf.fr\/index.php\/sites-prospectes-du-pas-de-calais\/#frieux\"><span style=\"text-decoration: underline;\">Dunes du Mont Saint-Frieux &#8211; <\/span><\/a><a href=\"https:\/\/www.smnf.fr\/index.php\/sites-prospectes-du-pas-de-calais\/#frieux\">Dannes<\/a><br><a href=\"https:\/\/www.smnf.fr\/index.php\/sites-prospectes-du-pas-de-calais\/#authie\"><span style=\"text-decoration: underline;\">Dunes de la baie d&rsquo;Authie&nbsp;<\/span><\/a><br><a href=\"https:\/\/www.smnf.fr\/index.php\/sites-prospectes-du-pas-de-calais\/#oye\"><span style=\"text-decoration: underline;\">Dunes du Platier d\u2019Oye &#8211; <\/span><\/a><span style=\"text-decoration: underline;\"><a href=\"https:\/\/www.smnf.fr\/index.php\/sites-prospectes-du-pas-de-calais\/#oye\">Oye-Plage<\/a><br><a href=\"https:\/\/www.smnf.fr\/index.php\/sites-prospectes-du-pas-de-calais\/#authie\">Dunes de la Slack &#8211; Ambleteuse<\/a><\/span><br><a href=\"https:\/\/www.smnf.fr\/index.php\/sites-prospectes-du-pas-de-calais\/#desvres\" target=\"_blank\" rel=\"noopener noreferrer\"><span style=\"text-decoration: underline;\">Desvres &#8211; La for\u00eat domaniale<\/span><\/a><br><span style=\"text-decoration: underline;\"><a href=\"https:\/\/www.smnf.fr\/index.php\/sites-prospectes-du-pas-de-calais\/#ecault\" target=\"_blank\" rel=\"noopener noreferrer\">\u00c9cault &#8211; Dunes et for\u00eat domaniale<\/a><\/span><span style=\"text-decoration: underline;\"><br><a href=\"https:\/\/www.smnf.fr\/index.php\/sites-prospectes-du-pas-de-calais\/#pele\">Desvres &#8211; Le Mont Pel\u00e9<\/a><\/span><br>\u00c9perlecques &#8211; For\u00eat d&rsquo;\u00c9perlecques<br><a href=\"https:\/\/www.smnf.fr\/index.php\/sites-prospectes-du-pas-de-calais\/#rombli\"><span style=\"text-decoration: underline;\">\u00c9taples &#8211; Bois de Rombly<\/span><\/a> <br>Groffliers &#8211;<br><span style=\"text-decoration: underline;\"><a href=\"https:\/\/www.smnf.fr\/index.php\/sites-prospectes-du-pas-de-calais\/#guines\" target=\"_blank\" rel=\"noopener noreferrer\">Guines &#8211; La for\u00eat domaniale<\/a><br><a href=\"https:\/\/www.smnf.fr\/index.php\/sites-prospectes-du-pas-de-calais\/#maraisg\">Guines &#8211; Marais de Gu\u00eenes&nbsp;<\/a> [EDEN 62]<\/span><br><a href=\"https:\/\/www.smnf.fr\/index.php\/sites-prospectes-du-pas-de-calais\/#hardelot\"><span style=\"text-decoration: underline;\">Hardelot &#8211; La for\u00eat domaniale<\/span><\/a><br>Helfaut &#8211; Zone bois\u00e9e du plateau<br>Hesdin &#8211; La for\u00eat domaniale<br>Libercourt\/Ostricourt &#8211; Bois de l&rsquo;Offlarde<br><a href=\"https:\/\/www.smnf.fr\/index.php\/sites-prospectes-du-pas-de-calais\/#marck\"><span style=\"text-decoration: underline;\">Marck &#8211; Site Naturel du Fort-Vert<\/span><\/a><br>Maroeuil &#8211; Le bois d\u00e9partemental<br><a href=\"https:\/\/www.smnf.fr\/index.php\/sites-prospectes-du-pas-de-calais\/#merli\"><span style=\"text-decoration: underline;\">Merlimont &#8211; R\u00e9serve biologique domaniale<\/span><\/a><br><a href=\"https:\/\/www.smnf.fr\/index.php\/sites-prospectes-du-pas-de-calais\/#boffles\"><span style=\"text-decoration: underline;\">Noeux-les-Auxy &#8211; Les Monts de Boffles<\/span><\/a><br>Olhain &#8211; For\u00eat domaniale<br>Olhain &#8211; Parc d\u00e9partemental de loisirs<br><a href=\"https:\/\/www.smnf.fr\/index.php\/sites-prospectes-du-pas-de-calais\/#woohay\"><span style=\"text-decoration: underline;\">R\u00e9serve Naturelle de Lostebarne-Woohay<\/span><\/a><br>Rihoult-Clairmarais &#8211; La for\u00eat domaniale<br><a href=\"https:\/\/www.smnf.fr\/index.php\/sites-prospectes-du-pas-de-calais\/#sorrus1\" target=\"_blank\" rel=\"noopener noreferrer\"><span style=\"text-decoration: underline;\">Saint-Josse \u2013 Le Communal et Landes du Moulinel<\/span><\/a><br><a href=\"https:\/\/www.smnf.fr\/index.php\/sites-prospectes-du-pas-de-calais\/#sorrus1\" target=\"_blank\" rel=\"noopener noreferrer\"><span style=\"text-decoration: underline;\">Sorrus &#8211; Bois des Bruy\u00e8res et Communal<\/span><\/a><br><a href=\"https:\/\/www.smnf.fr\/index.php\/sites-prospectes-du-pas-de-calais\/#wavrans\"><span style=\"text-decoration: underline;\">Wavrans &#8211; Pelouse calcicole d\u2019Elnes&nbsp;&nbsp;&nbsp; [PNR]<\/span><\/a><br><a href=\"https:\/\/www.smnf.fr\/index.php\/sites-prospectes-du-pas-de-calais\/#wimille\"><span style=\"text-decoration: underline;\">Wimille &#8211; Vall\u00e9e du Denacre<\/span><\/a> <br>Wingles &#8211; Le terril (base nautique)<br><a href=\"https:\/\/www.smnf.fr\/index.php\/sites-prospectes-du-pas-de-calais\/#nez\"><span style=\"text-decoration: underline;\">Wissant &#8211; la baie de Wissant &#8211; Les 2 Caps<\/span><\/a><\/p>\n<\/div>\n\n\n\n<div class=\"wp-block-column is-layout-flow wp-block-column-is-layout-flow\">\n<p><span style=\"background-color: #8ed1fc;\">AISNE &#8211; 02<\/span> <br><br>Andigny &#8211; La for\u00eat d\u00e9partementale<br>Saint-Michel &#8211; La for\u00eat domaniale<br><br><span style=\"background-color: #8ed1fc;\">SOMME &#8211; 80<\/span><br><br>Beaumont-Hamel &#8211; Terre-Neuvien<br>Valloires &#8211; Parc de l&rsquo;abbaye<br>et For\u00eat de Cr\u00e9cy<br><br><span style=\"background-color: #8ed1fc;\">BELGIQUE<\/span> <br><br>Anzegem &#8211; Domaine de Hemsrode<br>Beloeil et Stambruges<br>Colfontaine &#8211; Le bois de Colfontaine<br>Pommeroeul &#8211; R.N. d&rsquo;Harchies<br>Blaton &#8211; Tranch\u00e9e du canal<br>Roisin &#8211; Caillou qui bique (Belgique)<br>Ronde-Maison &#8211; Bois de Baudour<\/p>\n<\/div>\n<\/div>\n","protected":false},"excerpt":{"rendered":"<p>La liste que nous vous pr\u00e9sentons refl\u00e8te l&rsquo;extraordinaire richesse de la biodiversit\u00e9 du Nord-Pas de Calais. Certains sites sont r\u00e9guli\u00e8rement prospect\u00e9s, d&rsquo;autres le sont plus&#8230;<\/p>\n","protected":false},"author":2,"featured_media":0,"parent":0,"menu_order":0,"comment_status":"closed","ping_status":"closed","template":"","meta":{"footnotes":""},"class_list":["post-620","page","type-page","status-publish","hentry"],"_links":{"self":[{"href":"https:\/\/www.smnf.fr\/index.php\/wp-json\/wp\/v2\/pages\/620","targetHints":{"allow":["GET"]}}],"collection":[{"href":"https:\/\/www.smnf.fr\/index.php\/wp-json\/wp\/v2\/pages"}],"about":[{"href":"https:\/\/www.smnf.fr\/index.php\/wp-json\/wp\/v2\/types\/page"}],"author":[{"embeddable":true,"href":"https:\/\/www.smnf.fr\/index.php\/wp-json\/wp\/v2\/users\/2"}],"replies":[{"embeddable":true,"href":"https:\/\/www.smnf.fr\/index.php\/wp-json\/wp\/v2\/comments?post=620"}],"version-history":[{"count":81,"href":"https:\/\/www.smnf.fr\/index.php\/wp-json\/wp\/v2\/pages\/620\/revisions"}],"predecessor-version":[{"id":4187,"href":"https:\/\/www.smnf.fr\/index.php\/wp-json\/wp\/v2\/pages\/620\/revisions\/4187"}],"wp:attachment":[{"href":"https:\/\/www.smnf.fr\/index.php\/wp-json\/wp\/v2\/media?parent=620"}],"curies":[{"name":"wp","href":"https:\/\/api.w.org\/{rel}","templated":true}]}}